{"id":125525,"date":"2026-04-18T00:00:00","date_gmt":"2026-04-17T22:00:00","guid":{"rendered":"https:\/\/gpl-love.com\/fr\/produit\/storewide-sale\/"},"modified":"2026-04-19T00:30:58","modified_gmt":"2026-04-18T22:30:58","slug":"storewide-sale","status":"publish","type":"product","link":"https:\/\/gpl-love.com\/fr\/produit\/storewide-sale\/","title":{"rendered":"Storewide Sale 1.0.9"},"content":{"rendered":"<h3>Storewide Sale Traits<\/h3>\n<p>La vente \u00e0 l&rsquo;\u00e9chelle du magasin, une offre incroyablement attrayante, pr\u00e9sente aux clients une occasion in\u00e9gal\u00e9e de se procurer une gamme de produits divers \u00e0 des prix consid\u00e9rablement r\u00e9duits. B\u00e9n\u00e9ficiant d&rsquo;une vaste s\u00e9lection de marchandises, les clients ont la capacit\u00e9 avantageuse de capitaliser sur cette promotion extraordinaire, satisfaisant ainsi leurs besoins en achat tout en \u00e9conomisant simultan\u00e9ment leurs fonds. La vente \u00e0 l&rsquo;\u00e9chelle du magasin sert de voie exceptionnelle \u00e0 travers laquelle on peut acqu\u00e9rir des articles convoit\u00e9s qui pourraient avoir \u00e9t\u00e9 inaccessibles en raison de leurs prix r\u00e9guliers exorbitants. Que les d\u00e9sirs se trouvent dans les domaines de la tenue tendance, de l&rsquo;\u00e9lectronique de pointe ou des embellissements de maison, la vente \u00e0 l&rsquo;\u00e9chelle du magasin comprend un r\u00e9pertoire global, en s&rsquo;assurant qu&rsquo;il y a quelque chose qui s&rsquo;adresse aux pr\u00e9f\u00e9rences de chaque individu. Par cons\u00e9quent, pourquoi retarder davantage? Rendez-vous imm\u00e9diatement au magasin et saisissez rapidement l&rsquo;occasion de participer \u00e0 la vente \u00e0 l&rsquo;\u00e9chelle du magasin!<\/p>\n<ul>\n<li>\u00c9normes remises en magasin<\/li>\n<li>Offre d&rsquo;une dur\u00e9e limit\u00e9e<\/li>\n<li>Possibilit\u00e9 d&rsquo;\u00e9conomiser en grande partie sur une vari\u00e9t\u00e9 de produits<\/li>\n<li>Offres exclusives sur les articles populaires<\/li>\n<li>Chance parfaite pour faire le plein d&rsquo;essentiels<\/li>\n<li>Remises sur les articles qui ne sont g\u00e9n\u00e9ralement pas en vente<\/li>\n<li>Excellente occasion d&rsquo;essayer de nouveaux produits \u00e0 un prix inf\u00e9rieur<\/li>\n<li>\u00c9conomies sur les articles petits et gros<\/li>\n<li>Ne manquez pas cet \u00e9v\u00e9nement de vente rare<\/li>\n<li>Temps parfait pour faire les achats de vacances t\u00f4t.<\/li>\n<\/ul>\n","protected":false},"excerpt":{"rendered":"<p>Profitez de notre vente \u00e0 l&rsquo;\u00e9chelle du magasin pour ressentir des \u00e9conomies importantes. Vous pouvez b\u00e9n\u00e9ficier de remises incroyables sur un large \u00e9ventail d&rsquo;articles, s&rsquo;\u00e9tendant sur des marques renomm\u00e9es englobant la mode, l&rsquo;\u00e9lectronique et la d\u00e9coration int\u00e9rieure, entre autres. Il est imp\u00e9ratif que vous ne n\u00e9gligez pas cette occasion sensible au temps d&rsquo;\u00e9lever votre garde-robe et d&rsquo;am\u00e9liorer votre espace de vie, tout en b\u00e9n\u00e9ficiant de prix imbattables. Ne perdez pas de temps et commencez maintenant votre parcours commercial pour obtenir des \u00e9conomies substantielles.<\/p>\n","protected":false},"featured_media":145339,"comment_status":"open","ping_status":"open","template":"","meta":[],"product_brand":[2440],"product_cat":[1182,1200,1181],"product_tag":[1398],"class_list":{"0":"post-125525","1":"product","2":"type-product","3":"status-publish","4":"has-post-thumbnail","6":"product_brand-woocommerce","7":"product_cat-commerce-electronique-plugins","8":"product_cat-commercialisation","9":"product_cat-plugins","10":"product_tag-woocommerce","11":"member-discount","12":"discount-restricted","14":"first","15":"instock","16":"sale","17":"downloadable","18":"virtual","19":"sold-individually","20":"purchasable","21":"product-type-simple"},"_links":{"self":[{"href":"https:\/\/gpl-love.com\/fr\/wp-json\/wp\/v2\/product\/125525","targetHints":{"allow":["GET"]}}],"collection":[{"href":"https:\/\/gpl-love.com\/fr\/wp-json\/wp\/v2\/product"}],"about":[{"href":"https:\/\/gpl-love.com\/fr\/wp-json\/wp\/v2\/types\/product"}],"replies":[{"embeddable":true,"href":"https:\/\/gpl-love.com\/fr\/wp-json\/wp\/v2\/comments?post=125525"}],"wp:featuredmedia":[{"embeddable":true,"href":"https:\/\/gpl-love.com\/fr\/wp-json\/wp\/v2\/media\/145339"}],"wp:attachment":[{"href":"https:\/\/gpl-love.com\/fr\/wp-json\/wp\/v2\/media?parent=125525"}],"wp:term":[{"taxonomy":"product_brand","embeddable":true,"href":"https:\/\/gpl-love.com\/fr\/wp-json\/wp\/v2\/product_brand?post=125525"},{"taxonomy":"product_cat","embeddable":true,"href":"https:\/\/gpl-love.com\/fr\/wp-json\/wp\/v2\/product_cat?post=125525"},{"taxonomy":"product_tag","embeddable":true,"href":"https:\/\/gpl-love.com\/fr\/wp-json\/wp\/v2\/product_tag?post=125525"}],"curies":[{"name":"wp","href":"https:\/\/api.w.org\/{rel}","templated":true}]}}