{"id":125524,"date":"2024-11-26T00:00:00","date_gmt":"2024-11-25T23:00:00","guid":{"rendered":"https:\/\/gpl-love.com\/fr\/produit\/edit-order-par-customer\/"},"modified":"2026-03-20T23:02:49","modified_gmt":"2026-03-20T22:02:49","slug":"edit-order-par-customer","status":"publish","type":"product","link":"https:\/\/gpl-love.com\/fr\/produit\/edit-order-par-customer\/","title":{"rendered":"Edit Order par Customer 1.1.3"},"content":{"rendered":"<h3>Edit Order par Customer Traits<\/h3>\n<p>La commande d&rsquo;\u00e9dition par produit client a \u00e9t\u00e9 compliqu\u00e9e pour offrir aux clients la possibilit\u00e9 de modifier leurs commandes post-placement. Gr\u00e2ce \u00e0 l&rsquo;utilisation de ce produit ing\u00e9nieux, les clients ont la commodit\u00e9 de modifier ou de r\u00e9viser leurs commandes sans effort, englobant des t\u00e2ches telles que l&rsquo;inclusion ou l&rsquo;exclusion d&rsquo;articles, la modification des quantit\u00e9s d&rsquo;articles, ainsi que la sp\u00e9cification des demandes sur mesure. Par cons\u00e9quent, cet outil inestimable garantit que les clients obtiennent pr\u00e9cis\u00e9ment ce qu&rsquo;ils d\u00e9sirent, \u00e9vitant ainsi la n\u00e9cessit\u00e9 pour eux de s&rsquo;engager avec les services de support client pour obtenir de l&rsquo;aide. En rationalisant la proc\u00e9dure d&rsquo;\u00e9dition, ce produit augmente efficacement l&rsquo;exp\u00e9rience globale des clients, en amplifiant par la suite leur contentement avec le processus de commande.<\/p>\n<ul>\n<li>La possibilit\u00e9 pour les clients de modifier leurs propres commandes apr\u00e8s avoir \u00e9t\u00e9 plac\u00e9es<\/li>\n<li>Une interface conviviale qui permet de modifier faciles aux commandes<\/li>\n<li>Accessible depuis des appareils de bureau ou mobiles pour plus de commodit\u00e9 et de flexibilit\u00e9<\/li>\n<li>Aide \u00e0 r\u00e9duire les erreurs et les malentendus, car les clients peuvent corriger imm\u00e9diatement les erreurs<\/li>\n<li>Offre une exp\u00e9rience client transparente, am\u00e9liorant la satisfaction et la fid\u00e9lit\u00e9<\/li>\n<li>Peut \u00eatre int\u00e9gr\u00e9 aux plates-formes de commerce \u00e9lectronique existantes ou aux syst\u00e8mes de gestion des commandes<\/li>\n<li>Options personnalisables pour r\u00e9pondre aux besoins et processus commerciaux sp\u00e9cifiques<\/li>\n<li>Offre un contr\u00f4le et une autonomie accrus pour les clients, leur donnant un sentiment d&rsquo;appartenance sur leurs commandes<\/li>\n<li>Fournit des mises \u00e0 jour et des notifications en temps r\u00e9el pour tenir les clients inform\u00e9s de toute modification de leurs commandes<\/li>\n<li>Aide les entreprises \u00e0 rationaliser leurs processus de gestion des commandes, \u00e0 r\u00e9duire les temps de r\u00e9alisation des commandes et \u00e0 am\u00e9liorer l&rsquo;efficacit\u00e9 globale.<\/li>\n<\/ul>\n","protected":false},"excerpt":{"rendered":"<p>La fonction de modification de la commande par client, qui est un outil incroyablement utile, permet aux clients de modifier facilement leur commande m\u00eame apr\u00e8s avoir d\u00e9j\u00e0 \u00e9t\u00e9 plac\u00e9. Au moyen de cette fonctionnalit\u00e9, les clients ont la possibilit\u00e9 de modifier sans effort la quantit\u00e9 d&rsquo;articles ou m\u00eame d&rsquo;ajouter ou de supprimer les articles de leur commande avant son envoi. Cette fonctionnalit\u00e9 rationalise efficacement le processus pour que les clients puissent rectifier toute erreur ou effectuer les ajustements n\u00e9cessaires, r\u00e9duisant ainsi consid\u00e9rablement la n\u00e9cessit\u00e9 pour le support client pour r\u00e9pondre \u00e0 ces demandes. En incorporant la fonction de modification par la commande par le client dans votre syst\u00e8me, vous pouvez offrir efficacement \u00e0 vos clients une exp\u00e9rience d&rsquo;achat qui est non seulement plus transparente mais aussi tr\u00e8s efficace, conduisant finalement \u00e0 un niveau accru de satisfaction et de fid\u00e9lit\u00e9 des clients.<\/p>\n","protected":false},"featured_media":143670,"comment_status":"open","ping_status":"open","template":"","meta":[],"product_brand":[2440],"product_cat":[1183,1182,1181],"product_tag":[1398],"class_list":{"0":"post-125524","1":"product","2":"type-product","3":"status-publish","4":"has-post-thumbnail","6":"product_brand-woocommerce","7":"product_cat-administration","8":"product_cat-commerce-electronique-plugins","9":"product_cat-plugins","10":"product_tag-woocommerce","11":"member-discount","12":"discount-restricted","14":"first","15":"instock","16":"sale","17":"downloadable","18":"virtual","19":"sold-individually","20":"purchasable","21":"product-type-simple"},"_links":{"self":[{"href":"https:\/\/gpl-love.com\/fr\/wp-json\/wp\/v2\/product\/125524","targetHints":{"allow":["GET"]}}],"collection":[{"href":"https:\/\/gpl-love.com\/fr\/wp-json\/wp\/v2\/product"}],"about":[{"href":"https:\/\/gpl-love.com\/fr\/wp-json\/wp\/v2\/types\/product"}],"replies":[{"embeddable":true,"href":"https:\/\/gpl-love.com\/fr\/wp-json\/wp\/v2\/comments?post=125524"}],"wp:featuredmedia":[{"embeddable":true,"href":"https:\/\/gpl-love.com\/fr\/wp-json\/wp\/v2\/media\/143670"}],"wp:attachment":[{"href":"https:\/\/gpl-love.com\/fr\/wp-json\/wp\/v2\/media?parent=125524"}],"wp:term":[{"taxonomy":"product_brand","embeddable":true,"href":"https:\/\/gpl-love.com\/fr\/wp-json\/wp\/v2\/product_brand?post=125524"},{"taxonomy":"product_cat","embeddable":true,"href":"https:\/\/gpl-love.com\/fr\/wp-json\/wp\/v2\/product_cat?post=125524"},{"taxonomy":"product_tag","embeddable":true,"href":"https:\/\/gpl-love.com\/fr\/wp-json\/wp\/v2\/product_tag?post=125524"}],"curies":[{"name":"wp","href":"https:\/\/api.w.org\/{rel}","templated":true}]}}