{"id":125523,"date":"2026-02-14T00:00:00","date_gmt":"2026-02-13T23:00:00","guid":{"rendered":"https:\/\/gpl-love.com\/fr\/produit\/referral-system-pour-woocommerce\/"},"modified":"2026-04-10T18:37:55","modified_gmt":"2026-04-10T16:37:55","slug":"referral-system-pour-woocommerce","status":"publish","type":"product","link":"https:\/\/gpl-love.com\/fr\/produit\/referral-system-pour-woocommerce\/","title":{"rendered":"Referral System pour WooCommerce 1.4.4"},"content":{"rendered":"<h3>Referral System pour WooCommerce Traits<\/h3>\n<p>Le syst\u00e8me de r\u00e9f\u00e9rence pour WooCommerce constitue un outil tr\u00e8s efficace et efficace qui permet aux entreprises d&rsquo;am\u00e9liorer leurs ventes et de client\u00e8le en offrant des incitations \u00e0 leurs clients existants qui r\u00e9f\u00e9rent avec succ\u00e8s de nouveaux clients. Gr\u00e2ce \u00e0 l&rsquo;utilisation de ce plugin exceptionnel, les clients sont parfaitement en mesure de partager leurs liens de r\u00e9f\u00e9rence uniques avec leurs connaissances et leurs proches, recueillant ainsi des r\u00e9compenses remarquables telles que des remises ou m\u00eame des produits compl\u00e9mentaires. En outre, le syst\u00e8me peut \u00eatre configur\u00e9 et personnalis\u00e9 sans effort en fonction des exigences sp\u00e9cifiques de chaque entreprise individuelle, leur permettant d&rsquo;adapter leur programme de r\u00e9f\u00e9rence pour s&rsquo;aligner parfaitement avec leurs besoins distinctifs. De plus, le syst\u00e8me accorde \u00e9galement aux entreprises des capacit\u00e9s compl\u00e8tes d&rsquo;analyse et de rapport, ce qui leur donne ainsi des informations inestimables sur l&rsquo;efficacit\u00e9 et le succ\u00e8s de leur programme de r\u00e9f\u00e9rence. Par cons\u00e9quent, le syst\u00e8me de r\u00e9f\u00e9rence pour WooCommerce est un outil de marketing extr\u00eamement puissant et percutant qui aide avec diligence les entreprises \u00e0 stimuler la croissance et \u00e0 favoriser une fid\u00e9lit\u00e9 accrue \u00e0 la client\u00e8le.<\/p>\n<ul>\n<li>Stimule l&rsquo;acquisition des clients gr\u00e2ce au marketing de r\u00e9f\u00e9rence<\/li>\n<li>Int\u00e9gration facile avec WooCommerce sans codage<\/li>\n<li>Codes de r\u00e9f\u00e9rence personnalisables pour les clients et les affili\u00e9s<\/li>\n<li>Notifications en temps r\u00e9el et suivi de l&rsquo;activit\u00e9 de r\u00e9f\u00e9rence<\/li>\n<li>Gestion transparente des r\u00e9f\u00e9rences et r\u00e9compenses des clients<\/li>\n<li>Support extensible pour plusieurs niveaux de r\u00e9f\u00e9rence et campagnes<\/li>\n<li>Analyse des donn\u00e9es et rapports pour \u00e9valuer le succ\u00e8s des campagnes de r\u00e9f\u00e9rence<\/li>\n<li>Conception r\u00e9active et conviviale pour une exp\u00e9rience client optimale<\/li>\n<li>Authentification et chiffrement des donn\u00e9es s\u00e9curis\u00e9es<\/li>\n<li>\u00c9quipe de support client d\u00e9di\u00e9e pour une assistance technique et des conseils.<\/li>\n<\/ul>\n","protected":false},"excerpt":{"rendered":"<p>Vous cherchez \u00e0 am\u00e9liorer vos ventes et \u00e0 \u00e9tendre votre client\u00e8le? Ne cherchez pas plus loin que le syst\u00e8me de r\u00e9f\u00e9rence pour WooCommerce, un plugin tr\u00e8s efficace qui peut vous aider \u00e0 atteindre ces objectifs. Ce plugin robuste vous offre la capacit\u00e9 d&rsquo;encourager vos clients existants \u00e0 r\u00e9f\u00e9rer leurs amis et leur famille \u00e0 votre magasin en leur offrant des r\u00e9compenses et des remises attrayantes. Ses options de configuration et de personnalisation conviviales vous permettent d&rsquo;adapter un programme de r\u00e9f\u00e9rence qui s&rsquo;aligne parfaitement sur les besoins uniques de votre entreprise, vous permettant ainsi de maximiser votre potentiel de revenus. De plus, nos fonctionnalit\u00e9s compl\u00e8tes de reporting et d&rsquo;analyse vous fournissent des informations et des donn\u00e9es pr\u00e9cieuses, ce qui vous rend sans effort pour surveiller le succ\u00e8s de votre programme de r\u00e9f\u00e9rence et apporter les ajustements n\u00e9cessaires \u00e0 votre strat\u00e9gie marketing. Ne tarde pas! Faites le premier pas vers l&rsquo;expansion de votre client\u00e8le aujourd&rsquo;hui en mettant en \u0153uvre le syst\u00e8me de r\u00e9f\u00e9rence pour WooCommerce.<\/p>\n","protected":false},"featured_media":145097,"comment_status":"open","ping_status":"open","template":"","meta":[],"product_brand":[2440],"product_cat":[1182,1200,1181],"product_tag":[1398],"class_list":{"0":"post-125523","1":"product","2":"type-product","3":"status-publish","4":"has-post-thumbnail","6":"product_brand-woocommerce","7":"product_cat-commerce-electronique-plugins","8":"product_cat-commercialisation","9":"product_cat-plugins","10":"product_tag-woocommerce","11":"member-discount","12":"discount-restricted","14":"first","15":"instock","16":"sale","17":"downloadable","18":"virtual","19":"sold-individually","20":"purchasable","21":"product-type-simple"},"_links":{"self":[{"href":"https:\/\/gpl-love.com\/fr\/wp-json\/wp\/v2\/product\/125523","targetHints":{"allow":["GET"]}}],"collection":[{"href":"https:\/\/gpl-love.com\/fr\/wp-json\/wp\/v2\/product"}],"about":[{"href":"https:\/\/gpl-love.com\/fr\/wp-json\/wp\/v2\/types\/product"}],"replies":[{"embeddable":true,"href":"https:\/\/gpl-love.com\/fr\/wp-json\/wp\/v2\/comments?post=125523"}],"wp:featuredmedia":[{"embeddable":true,"href":"https:\/\/gpl-love.com\/fr\/wp-json\/wp\/v2\/media\/145097"}],"wp:attachment":[{"href":"https:\/\/gpl-love.com\/fr\/wp-json\/wp\/v2\/media?parent=125523"}],"wp:term":[{"taxonomy":"product_brand","embeddable":true,"href":"https:\/\/gpl-love.com\/fr\/wp-json\/wp\/v2\/product_brand?post=125523"},{"taxonomy":"product_cat","embeddable":true,"href":"https:\/\/gpl-love.com\/fr\/wp-json\/wp\/v2\/product_cat?post=125523"},{"taxonomy":"product_tag","embeddable":true,"href":"https:\/\/gpl-love.com\/fr\/wp-json\/wp\/v2\/product_tag?post=125523"}],"curies":[{"name":"wp","href":"https:\/\/api.w.org\/{rel}","templated":true}]}}