{"id":125503,"date":"2026-03-03T00:00:00","date_gmt":"2026-03-02T23:00:00","guid":{"rendered":"https:\/\/gpl-love.com\/fr\/produit\/automatorwp-fluent-support\/"},"modified":"2026-03-20T22:55:24","modified_gmt":"2026-03-20T21:55:24","slug":"automatorwp-fluent-support","status":"publish","type":"product","link":"https:\/\/gpl-love.com\/fr\/produit\/automatorwp-fluent-support\/","title":{"rendered":"AutomatorWP Fluent Support 2.0.5"},"content":{"rendered":"<h3>AutomatorWP Fluent Support Traits<\/h3>\n<p>Automatorwp Fluent Support offre une solution compl\u00e8te pour optimiser votre flux de travail et automatiser des t\u00e2ches r\u00e9p\u00e9titives, ce qui en fait un outil inestimable. En tirant parti de la puissance du plugin AutomatorWP, cet outil vous permet de cr\u00e9er des workflows d&rsquo;automatisation complexes qui peuvent \u00eatre impl\u00e9ment\u00e9s sans effort sur un \u00e9ventail diversifi\u00e9 de sites Web WordPress. Son interface conviviale et sa vaste gamme de fonctionnalit\u00e9s constituent une \u00e9tape pour configurer des d\u00e9clencheurs et des actions automatis\u00e9s, entra\u00eenant une efficacit\u00e9 am\u00e9lior\u00e9e et des avantages en mati\u00e8re d&rsquo;\u00e9conomie de temps. Que votre objectif soit de rationaliser votre processus de cr\u00e9ation de contenu, de g\u00e9rer efficacement les campagnes de marketing ou d&rsquo;am\u00e9liorer l&rsquo;exp\u00e9rience utilisateur de votre site Web, Automatorwp Fluent Support est la solution parfaite. Alors pourquoi ne pas saisir l&rsquo;opportunit\u00e9 de d\u00e9couvrir ses capacit\u00e9s transformatrices de premi\u00e8re main et de propulser votre site Web \u00e0 de nouveaux sommets?<\/p>\n<ul>\n<li>Rationalise et automatise les t\u00e2ches dans WordPress<\/li>\n<li>S&rsquo;int\u00e8gre parfaitement \u00e0 FluentCrm, permettant des campagnes de messagerie personnalis\u00e9es et cibl\u00e9es<\/li>\n<li>Comprend une vari\u00e9t\u00e9 d&rsquo;automations pr\u00e9d\u00e9finies qui peuvent \u00eatre personnalis\u00e9es pour r\u00e9pondre aux besoins individuels<\/li>\n<li>Fournit des informations et des analyses en temps r\u00e9el pour suivre les performances et faire des ajustements au besoin<\/li>\n<li>Offre une interface conviviale qui facilite la configuration et la gestion des automations<\/li>\n<li>\u00c9conomise du temps et des ressources en \u00e9liminant le besoin de t\u00e2ches manuelles<\/li>\n<li>Am\u00e9liore l&rsquo;engagement et la r\u00e9tention des utilisateurs gr\u00e2ce \u00e0 des communications opportunes et pertinentes<\/li>\n<li>Augmente l&rsquo;efficacit\u00e9 globale et l&rsquo;efficacit\u00e9 des efforts de marketing<\/li>\n<li>Prend en charge plusieurs langues et peut \u00eatre utilis\u00e9 dans une vari\u00e9t\u00e9 de param\u00e8tres, notamment des sites de commerce \u00e9lectronique et des plateformes d&rsquo;adh\u00e9sion.<\/li>\n<\/ul>\n","protected":false},"excerpt":{"rendered":"<p>Automatorwp Fluent Support est une solution dynamique et compl\u00e8te con\u00e7ue pour rationaliser l&rsquo;exp\u00e9rience de votre support client. Avec une interface naturelle et intuitive, notre service assure une communication efficace entre votre entreprise et vos clients. Les principales fonctionnalit\u00e9s incluent le suivi des clients potentiels, la gestion des informations et la mise en \u00e9vidence des requ\u00eates client. D\u00e9couvrez les avantages d&rsquo;un syst\u00e8me fluide qui int\u00e8gre efficacement les commentaires des clients dans votre strat\u00e9gie commerciale, vous aidant \u00e0 attirer et \u00e0 informer les clients potentiels et \u00e0 stimuler la croissance de votre entreprise.<\/p>\n","protected":false},"featured_media":143182,"comment_status":"open","ping_status":"open","template":"","meta":[],"product_brand":[2464],"product_cat":[1187,1181,1186],"product_tag":[2260],"class_list":{"0":"post-125503","1":"product","2":"type-product","3":"status-publish","4":"has-post-thumbnail","6":"product_brand-automatorwp","7":"product_cat-administration-wordpress-plugins","8":"product_cat-plugins","9":"product_cat-wordpress-plugins","10":"product_tag-automatorwp","11":"member-discount","12":"discount-restricted","14":"first","15":"instock","16":"sale","17":"downloadable","18":"virtual","19":"sold-individually","20":"purchasable","21":"product-type-simple"},"_links":{"self":[{"href":"https:\/\/gpl-love.com\/fr\/wp-json\/wp\/v2\/product\/125503","targetHints":{"allow":["GET"]}}],"collection":[{"href":"https:\/\/gpl-love.com\/fr\/wp-json\/wp\/v2\/product"}],"about":[{"href":"https:\/\/gpl-love.com\/fr\/wp-json\/wp\/v2\/types\/product"}],"replies":[{"embeddable":true,"href":"https:\/\/gpl-love.com\/fr\/wp-json\/wp\/v2\/comments?post=125503"}],"wp:featuredmedia":[{"embeddable":true,"href":"https:\/\/gpl-love.com\/fr\/wp-json\/wp\/v2\/media\/143182"}],"wp:attachment":[{"href":"https:\/\/gpl-love.com\/fr\/wp-json\/wp\/v2\/media?parent=125503"}],"wp:term":[{"taxonomy":"product_brand","embeddable":true,"href":"https:\/\/gpl-love.com\/fr\/wp-json\/wp\/v2\/product_brand?post=125503"},{"taxonomy":"product_cat","embeddable":true,"href":"https:\/\/gpl-love.com\/fr\/wp-json\/wp\/v2\/product_cat?post=125503"},{"taxonomy":"product_tag","embeddable":true,"href":"https:\/\/gpl-love.com\/fr\/wp-json\/wp\/v2\/product_tag?post=125503"}],"curies":[{"name":"wp","href":"https:\/\/api.w.org\/{rel}","templated":true}]}}