{"id":125502,"date":"2025-08-03T00:00:00","date_gmt":"2025-08-02T22:00:00","guid":{"rendered":"https:\/\/gpl-love.com\/fr\/produit\/gravity-forms-file-renamer\/"},"modified":"2026-03-20T23:17:48","modified_gmt":"2026-03-20T22:17:48","slug":"gravity-forms-file-renamer","status":"publish","type":"product","link":"https:\/\/gpl-love.com\/fr\/produit\/gravity-forms-file-renamer\/","title":{"rendered":"Gravity Perks File Renamer 1.0.12"},"content":{"rendered":"<h3>Gravity Perks File Renamer Traits<\/h3>\n<p>Le renommer de fichiers de formes de gravit\u00e9 est un outil tr\u00e8s efficace et robuste qui simplifie consid\u00e9rablement le processus complexe de renommer des fichiers qui ont \u00e9t\u00e9 t\u00e9l\u00e9charg\u00e9s via l&rsquo;utilisation des formulaires de gravit\u00e9. En raison de son interface remarquablement conviviale, vous pouvez renommer sans effort et rapidement les fichiers conform\u00e9ment \u00e0 vos exigences sp\u00e9cifiques. Ce plugin exemplaire a \u00e9t\u00e9 m\u00e9ticuleusement con\u00e7u pour s&rsquo;int\u00e9grer de mani\u00e8re transparente aux formes de gravit\u00e9, att\u00e9nuant ainsi toutes les pr\u00e9occupations concernant les probl\u00e8mes de compatibilit\u00e9. Vous avez la capacit\u00e9 exceptionnelle de personnaliser le nom de fichier en fonction des champs de formulaire, de la date et de l&rsquo;heure, en plus d&rsquo;incorporer des pr\u00e9fixes ou des suffixes dans le nom du fichier. Ce plugin in\u00e9gal\u00e9 est une n\u00e9cessit\u00e9 absolue pour les entreprises et les individus qui se retrouvent aux prises avec la gestion d&rsquo;une grande quantit\u00e9 de fichiers qui ont \u00e9t\u00e9 t\u00e9l\u00e9charg\u00e9s via des formulaires de gravit\u00e9. Avec les fonctionnalit\u00e9s extraordinaires des formulaires de gravit\u00e9 File Renamemer \u00e0 votre disposition, vous pouvez rationaliser efficacement votre flux de travail, \u00e9conomiser le temps et am\u00e9liorer la productivit\u00e9 globale.<\/p>\n<ul>\n<li>Un puissant plugin WordPress qui vous permet de renommer facilement les fichiers t\u00e9l\u00e9charg\u00e9s via des formulaires de gravit\u00e9<\/li>\n<li>Offre la possibilit\u00e9 de renommer en utilisant divers param\u00e8tres tels que la date, l&rsquo;heure, l&rsquo;utilisateur, les valeurs de champ de formulaire, et plus<\/li>\n<li>\u00c9conomise du temps et des efforts en automatisant la t\u00e2che manuelle de renommer les fichiers un par un<\/li>\n<li>Aide \u00e0 maintenir l&rsquo;organisation et la coh\u00e9rence dans la d\u00e9nomination des fichiers \u00e0 travers les soumissions<\/li>\n<li>Prend en charge plusieurs types de fichiers tels que les images, l&rsquo;audio, la vid\u00e9o et les documents<\/li>\n<li>Offre diverses options de personnalisation pour r\u00e9pondre \u00e0 vos besoins et pr\u00e9f\u00e9rences sp\u00e9cifiques<\/li>\n<li>Facile \u00e0 installer et \u00e0 int\u00e9grer \u00e0 votre configuration de formulaires de gravit\u00e9 existante<\/li>\n<li>Interface conviviale qui simplifie le processus de renomm\u00e9e des fichiers<\/li>\n<li>Mises \u00e0 jour r\u00e9guli\u00e8res et support client pour garantir que le plugin reste \u00e0 jour et r\u00e9pond \u00e0 toutes vos exigences.<\/li>\n<\/ul>\n","protected":false},"excerpt":{"rendered":"<p>Le renommer de fichiers de formulaires de gravit\u00e9 est un outil tr\u00e8s efficace et remarquable qui poss\u00e8de la capacit\u00e9 de renommer automatiquement les fichiers qui ont \u00e9t\u00e9 t\u00e9l\u00e9charg\u00e9s via l&rsquo;utilisation des formulaires de gravit\u00e9. Cet outil impressionnant \u00e9limine efficacement la t\u00e2che laborieuse de renommer manuellement les fichiers, conservant ainsi une quantit\u00e9 suffisante de temps pr\u00e9cieux. De plus, il garantit que tous les fichiers sont syst\u00e9matiquement organis\u00e9s de mani\u00e8re coh\u00e9rente et sans effort localisable. De plus, il offre la fonctionnalit\u00e9 remarquable de la personnalisation, permettant aux utilisateurs de personnaliser le format de renomm\u00e9e des fichiers en fonction de leurs exigences sp\u00e9cifiques. Par cons\u00e9quent, offrez des adieux \u00e0 l&rsquo;\u00e9preuve exasp\u00e9rante de gestion et de renommer des fichiers et de permettre au renommer des fichiers de formes de gravit\u00e9 d&rsquo;ex\u00e9cuter cette t\u00e2che laborieuse en votre nom.<\/p>\n","protected":false},"featured_media":144068,"comment_status":"open","ping_status":"open","template":"","meta":[],"product_brand":[2566],"product_cat":[1187,1181,1186],"product_tag":[2373],"class_list":{"0":"post-125502","1":"product","2":"type-product","3":"status-publish","4":"has-post-thumbnail","6":"product_brand-gravity-perks","7":"product_cat-administration-wordpress-plugins","8":"product_cat-plugins","9":"product_cat-wordpress-plugins","10":"product_tag-gravity-perks","11":"member-discount","12":"discount-restricted","14":"first","15":"instock","16":"sale","17":"downloadable","18":"virtual","19":"sold-individually","20":"purchasable","21":"product-type-simple"},"_links":{"self":[{"href":"https:\/\/gpl-love.com\/fr\/wp-json\/wp\/v2\/product\/125502","targetHints":{"allow":["GET"]}}],"collection":[{"href":"https:\/\/gpl-love.com\/fr\/wp-json\/wp\/v2\/product"}],"about":[{"href":"https:\/\/gpl-love.com\/fr\/wp-json\/wp\/v2\/types\/product"}],"replies":[{"embeddable":true,"href":"https:\/\/gpl-love.com\/fr\/wp-json\/wp\/v2\/comments?post=125502"}],"wp:featuredmedia":[{"embeddable":true,"href":"https:\/\/gpl-love.com\/fr\/wp-json\/wp\/v2\/media\/144068"}],"wp:attachment":[{"href":"https:\/\/gpl-love.com\/fr\/wp-json\/wp\/v2\/media?parent=125502"}],"wp:term":[{"taxonomy":"product_brand","embeddable":true,"href":"https:\/\/gpl-love.com\/fr\/wp-json\/wp\/v2\/product_brand?post=125502"},{"taxonomy":"product_cat","embeddable":true,"href":"https:\/\/gpl-love.com\/fr\/wp-json\/wp\/v2\/product_cat?post=125502"},{"taxonomy":"product_tag","embeddable":true,"href":"https:\/\/gpl-love.com\/fr\/wp-json\/wp\/v2\/product_tag?post=125502"}],"curies":[{"name":"wp","href":"https:\/\/api.w.org\/{rel}","templated":true}]}}