{"id":125501,"date":"2025-10-04T00:00:00","date_gmt":"2025-10-03T22:00:00","guid":{"rendered":"https:\/\/gpl-love.com\/fr\/produit\/gravity-perks-limit-checkboxes\/"},"modified":"2026-03-20T23:18:32","modified_gmt":"2026-03-20T22:18:32","slug":"gravity-perks-limit-checkboxes","status":"publish","type":"product","link":"https:\/\/gpl-love.com\/fr\/produit\/gravity-perks-limit-checkboxes\/","title":{"rendered":"Gravity Perks Limit Checkboxes 1.3.21"},"content":{"rendered":"<h3>Gravity Perks Limit Checkboxes Traits<\/h3>\n<p>Gravity Perks Limit \u00e0 cocher les cases est un outil incroyablement utile qui offre aux utilisateurs la possibilit\u00e9 de limiter efficacement le nombre de cases \u00e0 cocher qui peuvent \u00eatre s\u00e9lectionn\u00e9es dans un champ de formulaires Gravity. L&rsquo;objectif principal de ce plugin est de fournir aux utilisateurs un moyen de r\u00e9guler les s\u00e9lections effectu\u00e9es par les utilisateurs, garantissant ainsi qu&rsquo;ils adh\u00e8rent \u00e0 une limite pr\u00e9d\u00e9termin\u00e9e. Ce qui distingue ce plugin, c&rsquo;est sa remarquable convivialit\u00e9 par les utilisateurs et sa capacit\u00e9 remarquable de personnalisation, lui permettant de s&rsquo;int\u00e9grer de mani\u00e8re transparente dans un formulaire ou un site Web donn\u00e9. En exploitant la puissance des pertes de gravit\u00e9 limite les cases \u00e0 cocher, les utilisateurs acqui\u00e8rent la possibilit\u00e9 d&rsquo;\u00e9tablir sans effort des contraintes sur le nombre de cases qui peuvent \u00eatre s\u00e9lectionn\u00e9es, ce qui le rend un atout indispensable pour les sites Web qui n\u00e9cessitent le contr\u00f4le m\u00e9ticuleux des cases \u00e0 cocher. Sans aucun doute, ce produit est fortement recommand\u00e9 pour les personnes cherchant \u00e0 rationaliser et \u00e0 optimiser leur gestion des formulaires de gravit\u00e9.<\/p>\n<ul>\n<li>Moyen facile de limiter les s\u00e9lections de cases \u00e0 cocher<\/li>\n<li>Fonctionne avec les formes de gravit\u00e9<\/li>\n<li>D\u00e9finir des limites maximales et minimales pour les s\u00e9lections<\/li>\n<li>Options flexibles pour limiter les s\u00e9lections (par formulaire, par champ ou dans le monde)<\/li>\n<li>Convivial avec des messages d&rsquo;erreur clairs et la pr\u00e9vention des limites de d\u00e9passement<\/li>\n<li>Gave du temps et des efforts pour les cr\u00e9ateurs de formulaires et les utilisateurs<\/li>\n<li>Compatible avec plusieurs navigateurs et appareils<\/li>\n<li>Id\u00e9al pour les formulaires d&rsquo;enqu\u00eate, l&rsquo;enregistrement des \u00e9v\u00e9nements et d&rsquo;autres applications qui n\u00e9cessitent des limites de s\u00e9lection de case \u00e0 cocher<\/li>\n<li>Prix \u200b\u200babordable avec la possibilit\u00e9 d&rsquo;ajouter des fonctionnalit\u00e9s suppl\u00e9mentaires des avantages de gravit\u00e9.<\/li>\n<\/ul>\n","protected":false},"excerpt":{"rendered":"<p>Gravity Perks limite les cases \u00e0 cocher, un add-on incroyablement robuste con\u00e7u sp\u00e9cifiquement pour les formulaires de gravit\u00e9, accorde aux utilisateurs la possibilit\u00e9 d&rsquo;exercer un contr\u00f4le sur la quantit\u00e9 de cases \u00e0 cocher qu&rsquo;ils s\u00e9lectionnent. La possession de cet outil indispensable vous permet d&rsquo;\u00e9tablir des r\u00e9glementations personnalis\u00e9es pour vos cases, qu&rsquo;il s&rsquo;agisse de mettre en \u0153uvre un seuil minimum ou maximum pour les s\u00e9lections, de confiner l&rsquo;acc\u00e8s \u00e0 des options sp\u00e9cifiques ou d&rsquo;\u00e9tablir une logique conditionnelle qui d\u00e9pend des choix pr\u00e9c\u00e9dents. L&rsquo;utilisation de ce produit r\u00e9volutionnaire garantit une exp\u00e9rience utilisateur transparente qui s&rsquo;aligne parfaitement avec vos sp\u00e9cifications uniques. De plus, l&rsquo;int\u00e9gration et l&rsquo;utilisation et l&rsquo;utilisation des avantages de gravit\u00e9 sans effort limitent les cases en fait un atout essentiel pour toute organisation qui s&rsquo;appuie fortement sur la fonctionnalit\u00e9 des formes de gravit\u00e9.<\/p>\n","protected":false},"featured_media":144115,"comment_status":"open","ping_status":"open","template":"","meta":[],"product_brand":[2567],"product_cat":[1191,1181,1186],"product_tag":[2168],"class_list":{"0":"post-125501","1":"product","2":"type-product","3":"status-publish","4":"has-post-thumbnail","6":"product_brand-gravity-wiz","7":"product_cat-formes","8":"product_cat-plugins","9":"product_cat-wordpress-plugins","10":"product_tag-gravity-wiz","11":"member-discount","12":"discount-restricted","14":"first","15":"instock","16":"sale","17":"downloadable","18":"virtual","19":"sold-individually","20":"purchasable","21":"product-type-simple"},"_links":{"self":[{"href":"https:\/\/gpl-love.com\/fr\/wp-json\/wp\/v2\/product\/125501","targetHints":{"allow":["GET"]}}],"collection":[{"href":"https:\/\/gpl-love.com\/fr\/wp-json\/wp\/v2\/product"}],"about":[{"href":"https:\/\/gpl-love.com\/fr\/wp-json\/wp\/v2\/types\/product"}],"replies":[{"embeddable":true,"href":"https:\/\/gpl-love.com\/fr\/wp-json\/wp\/v2\/comments?post=125501"}],"wp:featuredmedia":[{"embeddable":true,"href":"https:\/\/gpl-love.com\/fr\/wp-json\/wp\/v2\/media\/144115"}],"wp:attachment":[{"href":"https:\/\/gpl-love.com\/fr\/wp-json\/wp\/v2\/media?parent=125501"}],"wp:term":[{"taxonomy":"product_brand","embeddable":true,"href":"https:\/\/gpl-love.com\/fr\/wp-json\/wp\/v2\/product_brand?post=125501"},{"taxonomy":"product_cat","embeddable":true,"href":"https:\/\/gpl-love.com\/fr\/wp-json\/wp\/v2\/product_cat?post=125501"},{"taxonomy":"product_tag","embeddable":true,"href":"https:\/\/gpl-love.com\/fr\/wp-json\/wp\/v2\/product_tag?post=125501"}],"curies":[{"name":"wp","href":"https:\/\/api.w.org\/{rel}","templated":true}]}}