{"id":125499,"date":"2026-04-07T00:00:00","date_gmt":"2026-04-06T22:00:00","guid":{"rendered":"https:\/\/gpl-love.com\/fr\/produit\/image-map-pro-pour-wordpress\/"},"modified":"2026-04-08T00:30:26","modified_gmt":"2026-04-07T22:30:26","slug":"image-map-pro-pour-wordpress","status":"publish","type":"product","link":"https:\/\/gpl-love.com\/fr\/produit\/image-map-pro-pour-wordpress\/","title":{"rendered":"Image Map Pro pour WordPress 6.1.4"},"content":{"rendered":"<h3>Image Map Pro pour WordPress Traits<\/h3>\n<p>Image Map Pro pour WordPress est une application logicielle extr\u00eamement robuste et puissante qui permet aux utilisateurs de g\u00e9n\u00e9rer sans effort des cartes d&rsquo;image qui sont \u00e0 la fois r\u00e9actives et captivantes pour leurs sites Web. Gr\u00e2ce \u00e0 l&rsquo;utilisation de son interface conviviale et de ses fonctionnalit\u00e9s personnalisables, les utilisateurs ont la possibilit\u00e9 d&rsquo;incorporer sans effort des composants interactifs dans leurs images, tels que des info-bulleurs, des fen\u00eatres contextuelles et des r\u00e9gions cliquables. Le plugin lui-m\u00eame a \u00e9t\u00e9 con\u00e7u de mani\u00e8re experte pour s&rsquo;int\u00e9grer de mani\u00e8re transparente \u00e0 la plate-forme WordPress, offrant ainsi aux utilisateurs la possibilit\u00e9 d&rsquo;incorporer de mani\u00e8re transparente leurs cartes d&rsquo;image directement dans le contenu de leur site Web. De plus, il est imp\u00e9ratif de noter que l&rsquo;image Map Pro pour WordPress a \u00e9t\u00e9 m\u00e9ticuleusement optimis\u00e9e pour l&rsquo;utilisation sur les appareils mobiles, garantissant ainsi que ces cartes d&rsquo;image sont enti\u00e8rement fonctionnelles et facilement accessibles sur tous les appareils imaginables. Dans l&rsquo;ensemble, il peut \u00eatre affirm\u00e9 en toute confiance que Image Map Pro pour WordPress repr\u00e9sente une solution innovante et remarquablement efficace pour la cr\u00e9ation de cartes d&rsquo;image dynamiques et interactives, am\u00e9liorant ainsi consid\u00e9rablement l&rsquo;exp\u00e9rience utilisateur globale sur n&rsquo;importe quel site Web.<\/p>\n<ul>\n<li>Cr\u00e9er des cartes d&rsquo;image interactives et engageantes avec facilit\u00e9<\/li>\n<li>Aucune comp\u00e9tence de codage requise<\/li>\n<li>Faites glisser et d\u00e9posez l&rsquo;interface pour une personnalisation facile<\/li>\n<li>Conception r\u00e9active pour un affichage optimal sur tous les appareils<\/li>\n<li>Possibilit\u00e9 d&rsquo;ajouter des info-bulles et des fen\u00eatres contextuelles \u00e0 des zones de carte sp\u00e9cifiques<\/li>\n<li>Option pour lier les zones de cartographie vers des URL externes ou des pages internes<\/li>\n<li>Styles et sch\u00e9mas de couleurs personnalisables pour correspondre \u00e0 la marque de votre site Web<\/li>\n<li>Int\u00e9gration avec des th\u00e8mes et des plugins populaires WordPress<\/li>\n<li>Documentation approfondie et soutien disponibles<\/li>\n<li>Mises \u00e0 jour et am\u00e9liorations r\u00e9guli\u00e8res pour assurer la compatibilit\u00e9 avec les nouvelles versions de WordPress.<\/li>\n<\/ul>\n","protected":false},"excerpt":{"rendered":"<p>Image Map Pro pour WordPress est un plugin tr\u00e8s robuste et riche en fonctionnalit\u00e9s qui vous offre la capacit\u00e9 incroyable de g\u00e9n\u00e9rer des cartes d&rsquo;image dynamiques et sur mesure pour votre site Web. En utilisant son interface intuitive et conviviale de glisser-d\u00e9poser, vous avez la capacit\u00e9 pratique d&rsquo;incorporer sans effort de nombreux points chauds sur vos images et de les personnaliser davantage avec une pl\u00e9thore d&rsquo;actions interactives, d&rsquo;installations informatives et de liens pr\u00e9cieux. De plus, ce plugin exceptionnel est enti\u00e8rement r\u00e9actif, garantissant une compatibilit\u00e9 transparente sur divers appareils et tailles d&rsquo;\u00e9cran. De plus, il comprend un \u00e9diteur d&rsquo;image int\u00e9gr\u00e9 pratique qui vous permet de manipuler et d&rsquo;optimiser efficacement vos images en utilisant des fonctions essentielles telles que le recadrage, le redimensionnement et l&rsquo;optimisation. Que vous organisiez un march\u00e9 en ligne, que vous pr\u00e9sentiez des portefeuilles cr\u00e9atifs ou que vous cultivez des plateformes \u00e9ducatives, les capacit\u00e9s remarquables de l&rsquo;image Map Pro pour WordPress \u00e9l\u00e8veront sans aucun doute votre exp\u00e9rience utilisateur et captiveront l&rsquo;attention et l&rsquo;int\u00e9r\u00eat de votre public estim\u00e9.<\/p>\n","protected":false},"featured_media":144219,"comment_status":"open","ping_status":"open","template":"","meta":[],"product_brand":[2435],"product_cat":[1189,1181,1186],"product_tag":[1231],"class_list":{"0":"post-125499","1":"product","2":"type-product","3":"status-publish","4":"has-post-thumbnail","6":"product_brand-codecanyon","7":"product_cat-personnalisation","8":"product_cat-plugins","9":"product_cat-wordpress-plugins","10":"product_tag-codecanyon","11":"member-discount","12":"discount-restricted","14":"first","15":"instock","16":"sale","17":"downloadable","18":"virtual","19":"sold-individually","20":"purchasable","21":"product-type-simple"},"_links":{"self":[{"href":"https:\/\/gpl-love.com\/fr\/wp-json\/wp\/v2\/product\/125499","targetHints":{"allow":["GET"]}}],"collection":[{"href":"https:\/\/gpl-love.com\/fr\/wp-json\/wp\/v2\/product"}],"about":[{"href":"https:\/\/gpl-love.com\/fr\/wp-json\/wp\/v2\/types\/product"}],"replies":[{"embeddable":true,"href":"https:\/\/gpl-love.com\/fr\/wp-json\/wp\/v2\/comments?post=125499"}],"wp:featuredmedia":[{"embeddable":true,"href":"https:\/\/gpl-love.com\/fr\/wp-json\/wp\/v2\/media\/144219"}],"wp:attachment":[{"href":"https:\/\/gpl-love.com\/fr\/wp-json\/wp\/v2\/media?parent=125499"}],"wp:term":[{"taxonomy":"product_brand","embeddable":true,"href":"https:\/\/gpl-love.com\/fr\/wp-json\/wp\/v2\/product_brand?post=125499"},{"taxonomy":"product_cat","embeddable":true,"href":"https:\/\/gpl-love.com\/fr\/wp-json\/wp\/v2\/product_cat?post=125499"},{"taxonomy":"product_tag","embeddable":true,"href":"https:\/\/gpl-love.com\/fr\/wp-json\/wp\/v2\/product_tag?post=125499"}],"curies":[{"name":"wp","href":"https:\/\/api.w.org\/{rel}","templated":true}]}}