{"id":125496,"date":"2026-03-13T00:00:00","date_gmt":"2026-03-12T23:00:00","guid":{"rendered":"https:\/\/gpl-love.com\/fr\/produit\/formidable-forms-stripe\/"},"modified":"2026-04-21T06:30:30","modified_gmt":"2026-04-21T04:30:30","slug":"formidable-forms-stripe","status":"publish","type":"product","link":"https:\/\/gpl-love.com\/fr\/produit\/formidable-forms-stripe\/","title":{"rendered":"Formidable Forms Stripe 3.1.9"},"content":{"rendered":"<h3>Formidable Forms Stripe Traits<\/h3>\n<p>Formidable Forms Stripe, un outil d&rsquo;int\u00e9gration de paiement tr\u00e8s efficace, offre une large gamme de fonctionnalit\u00e9s qui vous permettent de collecter sans effort les paiements et les dons en ligne. Sa fonction principale est de faciliter la cr\u00e9ation de formulaires de paiement personnalis\u00e9s qui peuvent \u00eatre int\u00e9gr\u00e9s de mani\u00e8re transparente dans votre site Web WordPress, garantissant une exp\u00e9rience de paiement s\u00e9curis\u00e9e et sans tracas pour vos pr\u00e9cieux clients. Ce qui \u00e9tablit des formulaires formidables \u00e0 \u00e9carter, c&rsquo;est sa capacit\u00e9 \u00e0 accepter les paiements de diverses sources, y compris les principales cartes de cr\u00e9dit, les cartes de d\u00e9bit, Apple Pay et Google Pay. En outre, ce plugin exceptionnel dispose de capacit\u00e9s avanc\u00e9es comme des paiements r\u00e9currents, des confirmations de courriels automatiques et des re\u00e7us de paiement personnalisables. Que vous g\u00e9riez un magasin de commerce \u00e9lectronique, une organisation \u00e0 but non lucratif ou toute autre entreprise qui n\u00e9cessite des paiements en ligne, des formulaires formidables Stripe est la solution fiable et efficace dont vous avez besoin pour optimiser votre processus de paiement et renforcer vos sources de revenus.<\/p>\n<ul>\n<li>Formulaires qui peuvent facilement s&rsquo;int\u00e9grer \u00e0 la passerelle de paiement Stripe<\/li>\n<li>Traitement de paiement s\u00e9curis\u00e9 et facile pour les clients<\/li>\n<li>Une vari\u00e9t\u00e9 d&rsquo;options de paiement disponibles, y compris les cartes de cr\u00e9dit \/ d\u00e9bit et Apple Pay<\/li>\n<li>Formulaires personnalisables pour correspondre \u00e0 votre marque et \u00e0 votre conception de site Web<\/li>\n<li>Suivi et rapport de paiement d\u00e9taill\u00e9s pour la tenue de dossiers et l&rsquo;analyse faciles<\/li>\n<li>Interface conviviale facile \u00e0 utiliser et \u00e0 configurer<\/li>\n<li>Options de prix flexibles en fonction de l&rsquo;utilisation et du nombre de formulaires n\u00e9cessaires<\/li>\n<li>Support client et mise \u00e0 jour en cours pour assurer une int\u00e9gration et des performances transparentes.<\/li>\n<\/ul>\n","protected":false},"excerpt":{"rendered":"<p>Formidable Forms Stripe est un outil d&rsquo;int\u00e9gration de paiement extr\u00eamement performant qui vous permet de recevoir facilement et en toute transparence les paiements par carte bancaire pour les formulaires con\u00e7us avec le plugin Formidable Forms, une solution de r\u00e9f\u00e9rence. Gr\u00e2ce \u00e0 Stripe, vous pouvez g\u00e9rer le traitement des paiements, administrer efficacement les abonnements et accepter les dons sur votre site WordPress. Ce plugin remarquable vous offre \u00e9galement un large \u00e9ventail d&rsquo;options de personnalisation avanc\u00e9es, notamment la possibilit\u00e9 d&rsquo;adapter les champs de paiement \u00e0 vos pr\u00e9f\u00e9rences, de configurer la logique de paiement et m\u00eame de mettre en place des paiements r\u00e9currents. Avec les fonctionnalit\u00e9s exceptionnelles de Formidable Forms Stripe, vous b\u00e9n\u00e9ficierez d&rsquo;une flexibilit\u00e9 et d&rsquo;un contr\u00f4le in\u00e9gal\u00e9s pour offrir \u00e0 vos clients une exp\u00e9rience de paiement fluide et optimale.<\/p>\n","protected":false},"featured_media":143918,"comment_status":"open","ping_status":"open","template":"","meta":[],"product_brand":[2555],"product_cat":[1253,1181,1186],"product_tag":[1484],"class_list":{"0":"post-125496","1":"product","2":"type-product","3":"status-publish","4":"has-post-thumbnail","6":"product_brand-formidable","7":"product_cat-paiement","8":"product_cat-plugins","9":"product_cat-wordpress-plugins","10":"product_tag-formidable","11":"member-discount","12":"discount-restricted","14":"first","15":"instock","16":"sale","17":"downloadable","18":"virtual","19":"sold-individually","20":"purchasable","21":"product-type-simple"},"_links":{"self":[{"href":"https:\/\/gpl-love.com\/fr\/wp-json\/wp\/v2\/product\/125496","targetHints":{"allow":["GET"]}}],"collection":[{"href":"https:\/\/gpl-love.com\/fr\/wp-json\/wp\/v2\/product"}],"about":[{"href":"https:\/\/gpl-love.com\/fr\/wp-json\/wp\/v2\/types\/product"}],"replies":[{"embeddable":true,"href":"https:\/\/gpl-love.com\/fr\/wp-json\/wp\/v2\/comments?post=125496"}],"wp:featuredmedia":[{"embeddable":true,"href":"https:\/\/gpl-love.com\/fr\/wp-json\/wp\/v2\/media\/143918"}],"wp:attachment":[{"href":"https:\/\/gpl-love.com\/fr\/wp-json\/wp\/v2\/media?parent=125496"}],"wp:term":[{"taxonomy":"product_brand","embeddable":true,"href":"https:\/\/gpl-love.com\/fr\/wp-json\/wp\/v2\/product_brand?post=125496"},{"taxonomy":"product_cat","embeddable":true,"href":"https:\/\/gpl-love.com\/fr\/wp-json\/wp\/v2\/product_cat?post=125496"},{"taxonomy":"product_tag","embeddable":true,"href":"https:\/\/gpl-love.com\/fr\/wp-json\/wp\/v2\/product_tag?post=125496"}],"curies":[{"name":"wp","href":"https:\/\/api.w.org\/{rel}","templated":true}]}}