{"id":125443,"date":"2024-08-03T00:00:00","date_gmt":"2024-08-02T22:00:00","guid":{"rendered":"https:\/\/gpl-love.com\/fr\/produit\/wpforms-webhooks\/"},"modified":"2026-03-20T23:51:43","modified_gmt":"2026-03-20T22:51:43","slug":"wpforms-webhooks","status":"publish","type":"product","link":"https:\/\/gpl-love.com\/fr\/produit\/wpforms-webhooks\/","title":{"rendered":"WPForms Webhooks 1.4.0"},"content":{"rendered":"<h3>WPForms Webhooks Traits<\/h3>\n<p>WPForms WebHooks, un outil extr\u00eamement puissant, offre aux utilisateurs la capacit\u00e9 extraordinaire d&rsquo;int\u00e9grer de mani\u00e8re transparente leurs donn\u00e9es WPFORMS avec une large gamme d&rsquo;autres applications ou services. En tirant parti de cette fonctionnalit\u00e9 remarquable, les utilisateurs peuvent concevoir ing\u00e9nieusement des webhooks personnalis\u00e9s, qui transmettent avec diligence leurs donn\u00e9es WPFORMS \u00e0 une URL m\u00e9ticuleusement sp\u00e9cifi\u00e9e, pr\u00e9cis\u00e9ment lorsqu&rsquo;un formulaire est soumis avec succ\u00e8s. Cette fonctionnalit\u00e9 peut \u00eatre utilis\u00e9e efficacement \u00e0 un \u00e9ventail de diverses fins, englobant, mais sans s&rsquo;y limiter, la transmission de donn\u00e9es de formulaire \u00e0 un syst\u00e8me de gestion de la relation client (CRM) ou une plate-forme de marketing par e-mail, la mise \u00e0 jour dynamique d&rsquo;une base de donn\u00e9es complexe, interconnect\u00e9e, ou peut-\u00eatre m\u00eame l&rsquo;initiation d&rsquo;une action hautement personnalis\u00e9e et sur mesure, enti\u00e8rement subordonn\u00e9e aux sp\u00e9cificit\u00e9s de la soumission de forme elle-m\u00eame. Avec une interface simple et tr\u00e8s intuitive \u00e0 leur disposition, les utilisateurs sont capables de configurer et d&rsquo;\u00e9tablir m\u00e9ticuleusement l&rsquo;URL et le format de donn\u00e9es pour leur webhook sur mesure, en s&rsquo;assurant qu&rsquo;il r\u00e9pond \u00e0 leurs exigences et objectifs pr\u00e9cis. Dans son int\u00e9gralit\u00e9, WPForms Webhooks est incontestablement comme un atout inestimable et indispensable pour les personnes d\u00e9sireuses de rationaliser la gestion des donn\u00e9es de leur forme et d&rsquo;automatiser de mani\u00e8re transparente leur flux de travail d&rsquo;une mani\u00e8re incroyablement efficace.<\/p>\n<ul>\n<li>WPFORMS WebHooks permet une int\u00e9gration transparente entre WPForms et d&rsquo;autres applications ou services Web.<\/li>\n<li>Envoie des donn\u00e9es en temps r\u00e9el de WPFORMS \u00e0 d&rsquo;autres applications ou webhooks.<\/li>\n<li>Rationalise les workflows en envoyant automatiquement des soumissions de formulaires \u00e0 d&rsquo;autres applications ou webhooks.<\/li>\n<li>Capacit\u00e9 \u00e0 d\u00e9clencher des \u00e9v\u00e9nements ou des notifications personnalis\u00e9es en fonction des donn\u00e9es de soumission de formulaire sp\u00e9cifiques.<\/li>\n<li>Offre un processus de configuration simple avec une interface facile \u00e0 utiliser pour g\u00e9rer les webhooks et les int\u00e9grations.<\/li>\n<li>R\u00e9duit la saisie manuelle des donn\u00e9es et augmente la pr\u00e9cision des donn\u00e9es en automatisant le transfert de donn\u00e9es de soumission de formulaire.<\/li>\n<li>Prend en charge l&rsquo;int\u00e9gration avec des applications et services populaires tels que Zapier, Slack, Salesforce, MailChimp et plus encore.<\/li>\n<li>Offre une flexibilit\u00e9 pour cr\u00e9er des int\u00e9grations personnalis\u00e9es avec pratiquement toutes les applications ou services Web qui acceptent les donn\u00e9es WebHook.<\/li>\n<\/ul>\n","protected":false},"excerpt":{"rendered":"<p>WPForms WebHooks, un plugin tr\u00e8s indispensable con\u00e7u exclusivement pour les utilisateurs de WPForms, leur offre la capacit\u00e9 exceptionnelle pour transmettre sans effort les donn\u00e9es de formulaire \u00e0 divers services tiers. Gr\u00e2ce \u00e0 l&rsquo;utilisation de cet outil remarquablement robuste, les utilisateurs ont l&rsquo;occasion remarquable de fusionner de mani\u00e8re transparente les soumissions de formulaires avec un \u00e9ventail complet de plus de 1000+ applications et services, leur permettant ainsi de rationaliser efficacement leur flux de travail et d&rsquo;adapter leurs processus m\u00e9tier \u00e0 un niveau enti\u00e8rement nouveau d&rsquo;automatisation et d&rsquo;efficacit\u00e9. Ce plugin particulier poss\u00e8de une interface conviviale et une intuitivit\u00e9 qui d\u00e9passe les attentes, ce qui en fait une solution optimale pour les entreprises qui cherchent avec impatience \u00e0 am\u00e9liorer et \u00e0 optimiser leur fonctionnalit\u00e9 de formulaire et leurs efforts de gestion des donn\u00e9es.<\/p>\n","protected":false},"featured_media":146279,"comment_status":"open","ping_status":"open","template":"","meta":[],"product_brand":[2724],"product_cat":[1189,1181,1186],"product_tag":[1415],"class_list":{"0":"post-125443","1":"product","2":"type-product","3":"status-publish","4":"has-post-thumbnail","6":"product_brand-wp-forms","7":"product_cat-personnalisation","8":"product_cat-plugins","9":"product_cat-wordpress-plugins","10":"product_tag-wp-forms","11":"member-discount","12":"discount-restricted","14":"first","15":"instock","16":"sale","17":"downloadable","18":"virtual","19":"sold-individually","20":"purchasable","21":"product-type-simple"},"_links":{"self":[{"href":"https:\/\/gpl-love.com\/fr\/wp-json\/wp\/v2\/product\/125443","targetHints":{"allow":["GET"]}}],"collection":[{"href":"https:\/\/gpl-love.com\/fr\/wp-json\/wp\/v2\/product"}],"about":[{"href":"https:\/\/gpl-love.com\/fr\/wp-json\/wp\/v2\/types\/product"}],"replies":[{"embeddable":true,"href":"https:\/\/gpl-love.com\/fr\/wp-json\/wp\/v2\/comments?post=125443"}],"wp:featuredmedia":[{"embeddable":true,"href":"https:\/\/gpl-love.com\/fr\/wp-json\/wp\/v2\/media\/146279"}],"wp:attachment":[{"href":"https:\/\/gpl-love.com\/fr\/wp-json\/wp\/v2\/media?parent=125443"}],"wp:term":[{"taxonomy":"product_brand","embeddable":true,"href":"https:\/\/gpl-love.com\/fr\/wp-json\/wp\/v2\/product_brand?post=125443"},{"taxonomy":"product_cat","embeddable":true,"href":"https:\/\/gpl-love.com\/fr\/wp-json\/wp\/v2\/product_cat?post=125443"},{"taxonomy":"product_tag","embeddable":true,"href":"https:\/\/gpl-love.com\/fr\/wp-json\/wp\/v2\/product_tag?post=125443"}],"curies":[{"name":"wp","href":"https:\/\/api.w.org\/{rel}","templated":true}]}}