{"id":125441,"date":"2025-05-11T00:00:00","date_gmt":"2025-05-10T22:00:00","guid":{"rendered":"https:\/\/gpl-love.com\/fr\/produit\/wpforms-square\/"},"modified":"2026-03-20T23:51:40","modified_gmt":"2026-03-20T22:51:40","slug":"wpforms-square","status":"publish","type":"product","link":"https:\/\/gpl-love.com\/fr\/produit\/wpforms-square\/","title":{"rendered":"WPForms Square 2.0.0"},"content":{"rendered":"<h3>WPForms Square Traits<\/h3>\n<p>WPForms Square se pr\u00e9sente en tant que constructeur de formulaires en ligne avanc\u00e9 et convivial qui vise \u00e0 aider les entreprises et les individus dans la cr\u00e9ation de formulaires non seulement hautement personnalisables, mais aussi d\u00e9gager une apparence professionnelle. Ce formidable outil est \u00e9quip\u00e9 d&rsquo;une myriade de fonctionnalit\u00e9s et d&rsquo;int\u00e9gations, dont l&rsquo;une comprend la capacit\u00e9 de collecter directement les paiements via les formulaires en utilisant Square. Avec WPForms Square \u00e0 leur disposition, les utilisateurs poss\u00e8dent la capacit\u00e9 de personnaliser sans effort des mod\u00e8les pr\u00e9d\u00e9finis ou de construire leurs propres formes \u00e0 partir de z\u00e9ro. L&rsquo;interface de glisser-d\u00e9poser, caract\u00e9ris\u00e9e par sa nature intuitive, est \u00e0 la fois conviviale et facilement maniable, tandis que les formes elles-m\u00eames poss\u00e8dent une r\u00e9activit\u00e9 compl\u00e8te, garantissant ainsi une apparence esth\u00e9tiquement agr\u00e9able sur tous les appareils. De plus, WPForms Square propose une vaste s\u00e9lection de fonctionnalit\u00e9s avanc\u00e9es, telles que la logique conditionnelle, les t\u00e9l\u00e9chargements de fichiers et l&rsquo;option de cr\u00e9ation de formulaires en plusieurs \u00e9tapes, ajoutant un degr\u00e9 consid\u00e9rable de flexibilit\u00e9 et de puissance \u00e0 ses capacit\u00e9s de collecte de donn\u00e9es et de paiement. Tout bien consid\u00e9r\u00e9, WPForms Square est ind\u00e9niable comme un constructeur de formulaires en ligne remarquable, servant de solution id\u00e9ale pour toute entreprise ou individue cherchant \u00e0 produire des formes de calibre le plus \u00e9lev\u00e9, avec une fonctionnalit\u00e9 de traitement int\u00e9gr\u00e9e de paiement.<\/p>\n<ul>\n<li>Plugin de g\u00e9n\u00e9rateur de formulaires faciles \u00e0 utiliser pour les sites Web WordPress<\/li>\n<li>Int\u00e9gr\u00e9 de mani\u00e8re transparente au traitement des paiements carr\u00e9s<\/li>\n<li>Permet aux utilisateurs de cr\u00e9er des formulaires de paiement personnalis\u00e9s et d&rsquo;accepter les paiements directement sur leur site Web<\/li>\n<li>Fournit une vari\u00e9t\u00e9 de mod\u00e8les de formulaires pour diff\u00e9rents cas d&rsquo;utilisation (par exemple, formulaires de contact, demandes d&#8217;emploi, enqu\u00eates, etc.)<\/li>\n<li>Offre des fonctionnalit\u00e9s avanc\u00e9es telles que la logique conditionnelle, les formulaires de plusieurs pages et les t\u00e9l\u00e9chargements de fichiers<\/li>\n<li>Compatible avec des services de marketing par e-mail populaires comme MailChimp et un contact constant<\/li>\n<li>Fournit des analyses en temps r\u00e9el et un suivi des performances pour les formulaires<\/li>\n<li>Offre des notifications personnalisables et des messages de confirmation aux utilisateurs et aux clients<\/li>\n<li>Comprend le soutien \u00e0 la conformit\u00e9 du RGPD et \u00e0 la protection anti-spam<\/li>\n<li>Fournit un support client complet et des ressources pour les utilisateurs.<\/li>\n<\/ul>\n","protected":false},"excerpt":{"rendered":"<p>WPForms Square, un constructeur de formulaires en ligne incroyablement robuste et tr\u00e8s efficace, offre aux individus la possibilit\u00e9 de g\u00e9n\u00e9rer sans effort des formulaires personnalis\u00e9s pour leurs sites Web ou leurs entreprises. Avec son interface remarquablement conviviale et un vaste assortiment de mod\u00e8les m\u00e9ticuleusement con\u00e7us, WPForms Square donne aux utilisateurs la possibilit\u00e9 de construire des formulaires de contact, des enqu\u00eates, des formulaires de commande et un \u00e9ventail d&rsquo;autres types de formulaires avec une facilit\u00e9 et une efficacit\u00e9 in\u00e9gal\u00e9es. De plus, WPForms Square s&rsquo;int\u00e8gre de mani\u00e8re transparente \u00e0 Square, offrant ainsi aux utilisateurs la possibilit\u00e9 de traiter en toute s\u00e9curit\u00e9 les paiements directement \u00e0 partir de leurs formulaires cr\u00e9\u00e9s. Que vous vous trouviez dans le r\u00f4le d&rsquo;un propri\u00e9taire d&rsquo;une petite entreprise, d&rsquo;un entrepreneur ambitieux, ou m\u00eame d&rsquo;un d\u00e9veloppeur Web qualifi\u00e9, WPForms Square s&rsquo;av\u00e8re \u00eatre la solution ultime pour toutes les exigences de vos formulaires en ligne.<\/p>\n","protected":false},"featured_media":146275,"comment_status":"open","ping_status":"open","template":"","meta":[],"product_brand":[2724],"product_cat":[1253,1181,1186],"product_tag":[1415],"class_list":{"0":"post-125441","1":"product","2":"type-product","3":"status-publish","4":"has-post-thumbnail","6":"product_brand-wp-forms","7":"product_cat-paiement","8":"product_cat-plugins","9":"product_cat-wordpress-plugins","10":"product_tag-wp-forms","11":"member-discount","12":"discount-restricted","14":"first","15":"instock","16":"sale","17":"downloadable","18":"virtual","19":"sold-individually","20":"purchasable","21":"product-type-simple"},"_links":{"self":[{"href":"https:\/\/gpl-love.com\/fr\/wp-json\/wp\/v2\/product\/125441","targetHints":{"allow":["GET"]}}],"collection":[{"href":"https:\/\/gpl-love.com\/fr\/wp-json\/wp\/v2\/product"}],"about":[{"href":"https:\/\/gpl-love.com\/fr\/wp-json\/wp\/v2\/types\/product"}],"replies":[{"embeddable":true,"href":"https:\/\/gpl-love.com\/fr\/wp-json\/wp\/v2\/comments?post=125441"}],"wp:featuredmedia":[{"embeddable":true,"href":"https:\/\/gpl-love.com\/fr\/wp-json\/wp\/v2\/media\/146275"}],"wp:attachment":[{"href":"https:\/\/gpl-love.com\/fr\/wp-json\/wp\/v2\/media?parent=125441"}],"wp:term":[{"taxonomy":"product_brand","embeddable":true,"href":"https:\/\/gpl-love.com\/fr\/wp-json\/wp\/v2\/product_brand?post=125441"},{"taxonomy":"product_cat","embeddable":true,"href":"https:\/\/gpl-love.com\/fr\/wp-json\/wp\/v2\/product_cat?post=125441"},{"taxonomy":"product_tag","embeddable":true,"href":"https:\/\/gpl-love.com\/fr\/wp-json\/wp\/v2\/product_tag?post=125441"}],"curies":[{"name":"wp","href":"https:\/\/api.w.org\/{rel}","templated":true}]}}