{"id":125439,"date":"2025-11-14T00:00:00","date_gmt":"2025-11-13T23:00:00","guid":{"rendered":"https:\/\/gpl-love.com\/fr\/produit\/wpforms-save-et-resume\/"},"modified":"2026-03-20T23:51:37","modified_gmt":"2026-03-20T22:51:37","slug":"wpforms-save-et-resume","status":"publish","type":"product","link":"https:\/\/gpl-love.com\/fr\/produit\/wpforms-save-et-resume\/","title":{"rendered":"WPForms Save et Resume 1.13.0"},"content":{"rendered":"<h3>WPForms Save et Resume Traits<\/h3>\n<p>WPFORMS Save and CV est un plugin incroyablement innovant et ing\u00e9nieux sp\u00e9cialement con\u00e7u pour WordPress, dans le but principal de permettre aux utilisateurs de sauver sans effort leurs formulaires et de les reprendre plus tard. En incorporant ce plugin dans leur site Web, les utilisateurs ont la capacit\u00e9 remarquable de remplir tranquillement des formes \u00e9tendues et complexes sans la peur constante de perdre leurs pr\u00e9cieuses donn\u00e9es. Par cons\u00e9quent, WPFORMS Save and CV pr\u00e9sente une exp\u00e9rience exceptionnellement pratique et conviviale, r\u00e9pondant aux besoins et aux d\u00e9sirs des visiteurs du site et des administrateurs. Essentiellement, les visiteurs du site sont autoris\u00e9s \u00e0 sauver leurs progr\u00e8s et \u00e0 y revenir par la suite \u00e0 leur convenance, tandis que les administrateurs re\u00e7oivent un acc\u00e8s sans effort pour voir et g\u00e9rer les formulaires enregistr\u00e9s. En tant que tel, ce plugin remarquable est parfaitement adapt\u00e9 aux entreprises et aux organisations qui n\u00e9cessitent l&rsquo;utilisation de formes d\u00e9taill\u00e9es et \u00e9tendues, offrant une am\u00e9lioration in\u00e9gal\u00e9e \u00e0 l&rsquo;exp\u00e9rience utilisateur globale. Non seulement les WPForms \u00e9conomisent et reprennent les taux d&rsquo;ach\u00e8vement des formulaires \u00e0 des hauteurs sans pr\u00e9c\u00e9dent, mais cela diminue \u00e9galement efficacement la frustration des utilisateurs, aboutissant \u00e0 une am\u00e9lioration substantielle des conversions en ligne.<\/p>\n<ul>\n<li>Permet aux utilisateurs d&rsquo;enregistrer les progr\u00e8s du formulaire et de reprendre plus tard<\/li>\n<li>Aide \u00e0 pr\u00e9venir la perte de donn\u00e9es en raison des interruptions ou des limitations<\/li>\n<li>Augmente la flexibilit\u00e9 et la commodit\u00e9 des utilisateurs<\/li>\n<li>Facile et sans effort \u00e0 int\u00e9grer dans les formulaires existants<\/li>\n<li>Am\u00e9liore l&rsquo;exp\u00e9rience utilisateur et la satisfaction<\/li>\n<li>Peut \u00eatre personnalis\u00e9 pour correspondre au style et \u00e0 la marque de votre site Web<\/li>\n<li>Fournit un suivi et des analyses am\u00e9lior\u00e9es pour les soumissions enregistr\u00e9es et reprise<\/li>\n<li>R\u00e9duit la frustration des utilisateurs et l&rsquo;abandon de formes incompl\u00e8tes<\/li>\n<li>Grande fonctionnalit\u00e9 pour des formulaires ou des formes plus longs et plus complexes n\u00e9cessitant des informations sensibles<\/li>\n<li>Peut \u00eatre utilis\u00e9 pour un large \u00e9ventail d&rsquo;industries et d&rsquo;objectifs, y compris des enqu\u00eates, des enregistrements, des demandes, etc.<\/li>\n<\/ul>\n","protected":false},"excerpt":{"rendered":"<p>WPForms Save and CV est un plugin tr\u00e8s complet et multiforme qui offre \u00e0 vos visiteurs de sites Web estim\u00e9s la capacit\u00e9 remarquable de stocker sans effort leurs pr\u00e9cieuses donn\u00e9es entr\u00e9es alors qu&rsquo;ils remplissent progressivement vos formulaires m\u00e9ticuleusement con\u00e7us, leur permettant par la suite de reprendre leur voyage de remplissage de forme directement \u00e0 partir de l\u00e0 o\u00f9, d&rsquo;o\u00f9 tout de Ils s&rsquo;\u00e9taient arr\u00eat\u00e9s \u00e0 un moment ult\u00e9rieur. En tirant parti des capacit\u00e9s exceptionnelles de cet outil ing\u00e9nieux, vous avez l&rsquo;occasion remarquable de fournir gracieusement \u00e0 vos utilisateurs pr\u00e9cieux une exp\u00e9rience extraordinairement transparente et extr\u00eamement pratique, augmentant ainsi consid\u00e9rablement la probabilit\u00e9 d&rsquo;ach\u00e8vement du formulaire et de budget exponentiellement de vos taux de conversion convoit\u00e9s. De plus, la polyvalence et l&rsquo;adaptabilit\u00e9 de cette fonctionnalit\u00e9 ph\u00e9nom\u00e9nale vous permettent d&rsquo;adapter et de personnaliser sans effort chaque aspect minutieux de cette fonctionnalit\u00e9 remarquable en stricte avec vos exigences uniques et sp\u00e9cifiques, y compris la capacit\u00e9 de configurer sans effort des messages sur mesure, de concevoir m\u00e9ticuleusement des flux de travail sur mesure, et M\u00eame imposer des limites de temps pour le processus d&rsquo;\u00e9conomie et de reprise des donn\u00e9es entr\u00e9es inestimables. Offrez des adieux au ph\u00e9nom\u00e8ne redout\u00e9 de l&rsquo;abandon de forme une fois pour toutes, gr\u00e2ce aux pouvoirs impressionnants de WPForms sauver et reprendre.<\/p>\n","protected":false},"featured_media":146272,"comment_status":"open","ping_status":"open","template":"","meta":[],"product_brand":[2724],"product_cat":[1191,1181,1186],"product_tag":[1415],"class_list":{"0":"post-125439","1":"product","2":"type-product","3":"status-publish","4":"has-post-thumbnail","6":"product_brand-wp-forms","7":"product_cat-formes","8":"product_cat-plugins","9":"product_cat-wordpress-plugins","10":"product_tag-wp-forms","11":"member-discount","12":"discount-restricted","14":"first","15":"instock","16":"sale","17":"downloadable","18":"virtual","19":"sold-individually","20":"purchasable","21":"product-type-simple"},"_links":{"self":[{"href":"https:\/\/gpl-love.com\/fr\/wp-json\/wp\/v2\/product\/125439","targetHints":{"allow":["GET"]}}],"collection":[{"href":"https:\/\/gpl-love.com\/fr\/wp-json\/wp\/v2\/product"}],"about":[{"href":"https:\/\/gpl-love.com\/fr\/wp-json\/wp\/v2\/types\/product"}],"replies":[{"embeddable":true,"href":"https:\/\/gpl-love.com\/fr\/wp-json\/wp\/v2\/comments?post=125439"}],"wp:featuredmedia":[{"embeddable":true,"href":"https:\/\/gpl-love.com\/fr\/wp-json\/wp\/v2\/media\/146272"}],"wp:attachment":[{"href":"https:\/\/gpl-love.com\/fr\/wp-json\/wp\/v2\/media?parent=125439"}],"wp:term":[{"taxonomy":"product_brand","embeddable":true,"href":"https:\/\/gpl-love.com\/fr\/wp-json\/wp\/v2\/product_brand?post=125439"},{"taxonomy":"product_cat","embeddable":true,"href":"https:\/\/gpl-love.com\/fr\/wp-json\/wp\/v2\/product_cat?post=125439"},{"taxonomy":"product_tag","embeddable":true,"href":"https:\/\/gpl-love.com\/fr\/wp-json\/wp\/v2\/product_tag?post=125439"}],"curies":[{"name":"wp","href":"https:\/\/api.w.org\/{rel}","templated":true}]}}