{"id":125437,"date":"2025-09-16T00:00:00","date_gmt":"2025-09-15T22:00:00","guid":{"rendered":"https:\/\/gpl-love.com\/fr\/produit\/wpforms-salesforce\/"},"modified":"2026-03-20T23:51:36","modified_gmt":"2026-03-20T22:51:36","slug":"wpforms-salesforce","status":"publish","type":"product","link":"https:\/\/gpl-love.com\/fr\/produit\/wpforms-salesforce\/","title":{"rendered":"WPForms Salesforce 1.4.1"},"content":{"rendered":"<h3>WPForms Salesforce Traits<\/h3>\n<p>WPFORMS Salesforce propose une solution robuste et conviviale pour int\u00e9grer de mani\u00e8re transparente les donn\u00e9es WPFORM dans Salesforce, permettant la fusion sans effort d&rsquo;informations cruciales. Le logiciel permet aux utilisateurs de concevoir et de d\u00e9velopper sans effort des formes et des enqu\u00eates personnalis\u00e9es qui capturent efficacement les d\u00e9tails essentiels des clients et des prospects. En synchronisant les donn\u00e9es collect\u00e9es avec Salesforce, le syst\u00e8me facilite l&rsquo;optimisation des processus de vente et de marketing, ainsi que l&rsquo;acquisition de connaissances inestimables sur les pr\u00e9f\u00e9rences et les besoins uniques des clients. Tirant parti des champs de forme intelligente et de la logique conditionnelle, WPForms Salesforce garantit la collecte des informations les plus pertinentes, tandis que ses outils de reporting avanc\u00e9s accordent aux utilisateurs la capacit\u00e9 de suivre m\u00e9ticuleusement leurs progr\u00e8s et de prendre des d\u00e9cisions bien inform\u00e9es et ax\u00e9es sur les donn\u00e9es pour faciliter la croissance de l&rsquo;entreprise. En utilisant WPForms Salesforce, les entreprises peuvent \u00e9lever leurs efforts de g\u00e9n\u00e9ration de leads et am\u00e9liorer l&rsquo;engagement des clients \u00e0 des hauteurs sans pr\u00e9c\u00e9dent.<\/p>\n<ul>\n<li>Permet une int\u00e9gration transparente entre WPForms et Salesforce<\/li>\n<li>Automatise la collecte et la gestion des plombs<\/li>\n<li>Synchronise de nouvelles soumissions avec les enregistrements de contact Salesforce<\/li>\n<li>R\u00e9duit la saisie manuelle des donn\u00e9es et am\u00e9liore la pr\u00e9cision<\/li>\n<li>Fournit des mises \u00e0 jour en temps r\u00e9el pour les \u00e9quipes de vente<\/li>\n<li>Cartographie personnalisable pour les champs et les types de donn\u00e9es<\/li>\n<li>Augmente l&rsquo;efficacit\u00e9 et la productivit\u00e9 des processus de vente<\/li>\n<li>Compatible avec diverses \u00e9ditions Salesforce, notamment professionnelles, d&rsquo;entreprise et illimit\u00e9es<\/li>\n<li>Facile \u00e0 installer et \u00e0 configurer, avec une documentation et un support utiles disponibles<\/li>\n<li>Aide les entreprises \u00e0 am\u00e9liorer la gestion de la relation client et les strat\u00e9gies de vente.<\/li>\n<\/ul>\n","protected":false},"excerpt":{"rendered":"<p>WPForms Salesforce est une int\u00e9gration incroyablement puissante qui facilite et garantit impeccablement une communication transparente et efficace entre vos formes WordPress m\u00e9ticuleusement con\u00e7ues et r\u00e9fl\u00e9chies et la plate-forme Salesforce extr\u00eamement populaire et largement acclam\u00e9e. Cet outil tr\u00e8s sophistiqu\u00e9 et intelligemment con\u00e7u, d\u00e9passe et transmet rapidement toutes les donn\u00e9es pr\u00e9cieuses et pertinentes qui sont soumises avec diligence et diligence via WPFORMS \u00e0 Salesforce, tout en pr\u00e9servant et en pr\u00e9servant et en conservant la dess\u00e9ch\u00e9 et une optimisation de mani\u00e8re pr\u00e9cieuse simultan\u00e9ment et judicieusement simultan\u00e9ment et syst\u00e9matiquement simultan\u00e9ment et syst\u00e9matiquement en m\u00eameseusement et synchrone et synchronement simultan\u00e9ment. vos workflows multiformes et diversifi\u00e9s. Avec les capacit\u00e9s et les fonctionnalit\u00e9s remarquables et extraordinaires de WPForms Salesforce, vous pouvez examiner, examiner et \u00e9valuer et m\u00e9caniser avec adroitement et comp\u00e9tence les progr\u00e8s, et les tous m\u00e9ticuleusement, et supervisent avec adroitement les progr\u00e8s des ventes, et qui sont m\u00e9ticuleusement sur Facile et sans effort pour ex\u00e9cuter et accomplir. Ainsi, offrez Adieu \u00e0 la t\u00e2che ardue et fastidieuse de la saisie manuelle des donn\u00e9es et accueille chaleureusement l&rsquo;av\u00e8nement et la cr\u00e9ation de cette int\u00e9gration Salesforce sans couture et impeccablement ex\u00e9cut\u00e9e qui transcende et d\u00e9passe toutes les attentes.<\/p>\n","protected":false},"featured_media":146271,"comment_status":"open","ping_status":"open","template":"","meta":[],"product_brand":[2724],"product_cat":[1207,1181,1186],"product_tag":[1415],"class_list":{"0":"post-125437","1":"product","2":"type-product","3":"status-publish","4":"has-post-thumbnail","6":"product_brand-wp-forms","7":"product_cat-commercialisation-wordpress-plugins","8":"product_cat-plugins","9":"product_cat-wordpress-plugins","10":"product_tag-wp-forms","11":"member-discount","12":"discount-restricted","14":"first","15":"instock","16":"sale","17":"downloadable","18":"virtual","19":"sold-individually","20":"purchasable","21":"product-type-simple"},"_links":{"self":[{"href":"https:\/\/gpl-love.com\/fr\/wp-json\/wp\/v2\/product\/125437","targetHints":{"allow":["GET"]}}],"collection":[{"href":"https:\/\/gpl-love.com\/fr\/wp-json\/wp\/v2\/product"}],"about":[{"href":"https:\/\/gpl-love.com\/fr\/wp-json\/wp\/v2\/types\/product"}],"replies":[{"embeddable":true,"href":"https:\/\/gpl-love.com\/fr\/wp-json\/wp\/v2\/comments?post=125437"}],"wp:featuredmedia":[{"embeddable":true,"href":"https:\/\/gpl-love.com\/fr\/wp-json\/wp\/v2\/media\/146271"}],"wp:attachment":[{"href":"https:\/\/gpl-love.com\/fr\/wp-json\/wp\/v2\/media?parent=125437"}],"wp:term":[{"taxonomy":"product_brand","embeddable":true,"href":"https:\/\/gpl-love.com\/fr\/wp-json\/wp\/v2\/product_brand?post=125437"},{"taxonomy":"product_cat","embeddable":true,"href":"https:\/\/gpl-love.com\/fr\/wp-json\/wp\/v2\/product_cat?post=125437"},{"taxonomy":"product_tag","embeddable":true,"href":"https:\/\/gpl-love.com\/fr\/wp-json\/wp\/v2\/product_tag?post=125437"}],"curies":[{"name":"wp","href":"https:\/\/api.w.org\/{rel}","templated":true}]}}