{"id":125435,"date":"2025-03-27T00:00:00","date_gmt":"2025-03-26T23:00:00","guid":{"rendered":"https:\/\/gpl-love.com\/fr\/produit\/wpforms-paypal-commerce\/"},"modified":"2026-03-20T23:51:33","modified_gmt":"2026-03-20T22:51:33","slug":"wpforms-paypal-commerce","status":"publish","type":"product","link":"https:\/\/gpl-love.com\/fr\/produit\/wpforms-paypal-commerce\/","title":{"rendered":"WPForms PayPal Commerce 1.13.0"},"content":{"rendered":"<h3>WPForms PayPal Commerce Traits<\/h3>\n<p>WPForms PayPal Commerce est un logiciel d&rsquo;int\u00e9gration de paiement incroyablement robuste qui simplifie consid\u00e9rablement la proc\u00e9dure de traitement des paiements pour les entreprises, quelle que soit leur taille. Ce logiciel remarquable offre une int\u00e9gration transparente et sans faille avec PayPal, permettant ainsi aux entreprises d&rsquo;accepter sans effort les paiements des clients situ\u00e9s \u00e0 travers le monde. En utilisant WPForms PayPal Commerce, les entreprises ont la possibilit\u00e9 de concevoir sans effort des formulaires de paiement qui permettent aux clients d&rsquo;acheter directement un large \u00e9ventail de produits et services \u00e0 partir de leur propre site Web. De plus, ce logiciel extraordinaire poss\u00e8de \u00e9galement une impressionnante gamme de fonctionnalit\u00e9s avanc\u00e9es, y compris, mais sans s&rsquo;y limiter, les prix dynamiques, les codes de r\u00e9duction et les paiements r\u00e9currents, qui contribuent tous \u00e0 l&rsquo;optimisation et \u00e0 l&rsquo;am\u00e9lioration des efforts de traitement des paiements, ce qui le rend beaucoup plus efficace et efficace. En plus de ces attributs ph\u00e9nom\u00e9naux, WPForms PayPal Commerce est \u00e9galement \u00e9quip\u00e9 d&rsquo;une passerelle de paiement hautement s\u00e9curis\u00e9e qui prot\u00e8ge et garantit vigoureusement les donn\u00e9es des clients sensibles, garantissant que toutes les transactions effectu\u00e9es via ce logiciel sont non seulement s\u00e9curis\u00e9es mais aussi bien fiables. Conclusivement, il est \u00e9vident que WPForms PayPal Commerce est un outil absolument indispensable pour les entreprises qui cherchent avec ferveur \u00e0 rationaliser leur op\u00e9ration de traitement des paiements tout en \u00e9levant et en augmentant simultan\u00e9ment l&rsquo;exp\u00e9rience d&rsquo;achat globale de leurs clients \u00e0 des hauteurs enti\u00e8rement sans pr\u00e9c\u00e9dent.<\/p>\n<ul>\n<li>Acceptez les paiements directement sur votre site Web \u00e0 l&rsquo;aide de WPFORMS et de l&rsquo;int\u00e9gration PayPal Commerce.<\/li>\n<li>Configurez facilement des formulaires de paiement et des pages de produits pour vendre des produits physiques et num\u00e9riques.<\/li>\n<li>Traiter en toute s\u00e9curit\u00e9 les cartes de cr\u00e9dit et les paiements PayPal sans aucune connaissance de codage.<\/li>\n<li>Soyez pay\u00e9 plus rapidement avec des paiements instantan\u00e9s et des remboursements automatiques.<\/li>\n<li>Personnalisez votre formulaire de paiement avec votre propre marque et votre conception.<\/li>\n<li>Choisissez parmi une vari\u00e9t\u00e9 de types de paiement et fixez diff\u00e9rents prix pour diff\u00e9rents produits.<\/li>\n<li>Suivez vos ventes et vos revenus avec des rapports et des analyses d\u00e9taill\u00e9s.<\/li>\n<li>Profitez de la s\u00e9curit\u00e9 de classe mondiale avec la technologie avanc\u00e9e de protection et de chiffrement de la fraude de PayPal.<\/li>\n<li>Profitez d&rsquo;une int\u00e9gration transparente avec d&rsquo;autres fonctionnalit\u00e9s WPFORMS, telles que le marketing par e-mail et la g\u00e9n\u00e9ration de leads.<\/li>\n<li>Acc\u00e9dez \u00e0 un support et \u00e0 des ressources d\u00e9di\u00e9s pour vous aider \u00e0 tirer le meilleur parti de WPFORMS PayPal Commerce.<\/li>\n<\/ul>\n","protected":false},"excerpt":{"rendered":"<p>WPForms Paypal Commerce est un plugin d&rsquo;int\u00e9gration de paiement robuste et tr\u00e8s efficace qui offre la capacit\u00e9 transparente pour recevoir sans effort les paiements et les dons sur votre site Web. Cet outil remarquable vous offre la possibilit\u00e9 de cr\u00e9er des formulaires de paiement personnalis\u00e9s et d&rsquo;adapter les options de paiement pour r\u00e9pondre \u00e0 vos besoins sp\u00e9cifiques. En outre, il garantit le traitement s\u00e9curis\u00e9 des paiements via la plate-forme fiable de PayPal. Que vous exploitez un magasin de commerce \u00e9lectronique ou que vous recherchiez des paiements pour vos services exceptionnels, WPForms PayPal Commerce est sans aucun doute la solution ultime qui garantit votre satisfaction. Par cons\u00e9quent, pour les entreprises \u00e0 la recherche d&rsquo;une r\u00e9solution de traitement des paiements fiable et sans faille sur leur site WordPress, ce plugin exceptionnel s&rsquo;av\u00e8re \u00eatre un excellent choix.<\/p>\n","protected":false},"featured_media":146267,"comment_status":"open","ping_status":"open","template":"","meta":[],"product_brand":[2724],"product_cat":[1253,1181,1186],"product_tag":[1415],"class_list":{"0":"post-125435","1":"product","2":"type-product","3":"status-publish","4":"has-post-thumbnail","6":"product_brand-wp-forms","7":"product_cat-paiement","8":"product_cat-plugins","9":"product_cat-wordpress-plugins","10":"product_tag-wp-forms","11":"member-discount","12":"discount-restricted","14":"first","15":"instock","16":"sale","17":"downloadable","18":"virtual","19":"sold-individually","20":"purchasable","21":"product-type-simple"},"_links":{"self":[{"href":"https:\/\/gpl-love.com\/fr\/wp-json\/wp\/v2\/product\/125435","targetHints":{"allow":["GET"]}}],"collection":[{"href":"https:\/\/gpl-love.com\/fr\/wp-json\/wp\/v2\/product"}],"about":[{"href":"https:\/\/gpl-love.com\/fr\/wp-json\/wp\/v2\/types\/product"}],"replies":[{"embeddable":true,"href":"https:\/\/gpl-love.com\/fr\/wp-json\/wp\/v2\/comments?post=125435"}],"wp:featuredmedia":[{"embeddable":true,"href":"https:\/\/gpl-love.com\/fr\/wp-json\/wp\/v2\/media\/146267"}],"wp:attachment":[{"href":"https:\/\/gpl-love.com\/fr\/wp-json\/wp\/v2\/media?parent=125435"}],"wp:term":[{"taxonomy":"product_brand","embeddable":true,"href":"https:\/\/gpl-love.com\/fr\/wp-json\/wp\/v2\/product_brand?post=125435"},{"taxonomy":"product_cat","embeddable":true,"href":"https:\/\/gpl-love.com\/fr\/wp-json\/wp\/v2\/product_cat?post=125435"},{"taxonomy":"product_tag","embeddable":true,"href":"https:\/\/gpl-love.com\/fr\/wp-json\/wp\/v2\/product_tag?post=125435"}],"curies":[{"name":"wp","href":"https:\/\/api.w.org\/{rel}","templated":true}]}}