{"id":125433,"date":"2025-09-16T00:00:00","date_gmt":"2025-09-15T22:00:00","guid":{"rendered":"https:\/\/gpl-love.com\/fr\/produit\/wpforms-mailerlite\/"},"modified":"2026-03-20T23:51:31","modified_gmt":"2026-03-20T22:51:31","slug":"wpforms-mailerlite","status":"publish","type":"product","link":"https:\/\/gpl-love.com\/fr\/produit\/wpforms-mailerlite\/","title":{"rendered":"WPForms MailerLite 1.3.0"},"content":{"rendered":"<h3>WPForms MailerLite Traits<\/h3>\n<p>WPForms Mailerlite est un plugin de formulaire incroyablement robuste qui offre aux entreprises la capacit\u00e9 transparente de collecter et de g\u00e9rer efficacement les donn\u00e9es des clients. En fournissant un large \u00e9ventail de mod\u00e8les divers parmi lesquels s\u00e9lectionner, les entreprises ont la possibilit\u00e9 d&rsquo;\u00e9laborer des formes et des enqu\u00eates personnalis\u00e9es qui non seulement sont pleinement r\u00e9actives, mais poss\u00e8dent \u00e9galement l&rsquo;attribut crucial d&rsquo;\u00eatre adapt\u00e9 aux mobiles. Ce plugin exceptionnel s&rsquo;int\u00e8gre sans effort avec la plate-forme de marketing par e-mail de Mailerlite estim\u00e9e, permettant ainsi aux entreprises d&rsquo;automatiser habilement leurs campagnes par e-mail et de cibler astucieusement leur client\u00e8le estim\u00e9e. WPForms Mailerlite sert de solution immens\u00e9ment conviviale, car son interface de glisser-d\u00e9poser remarquablement intuitive permet aux entreprises de fabriquer et de superviser facilement leurs formes. En plus de cette commodit\u00e9 impressionnante, le plugin poss\u00e8de \u00e9galement des fonctionnalit\u00e9s avanc\u00e9es telles que la logique conditionnelle, les t\u00e9l\u00e9chargements de fichiers et les formulaires multi-pages. Il est ind\u00e9niable que vous soyez un fier propri\u00e9taire d&rsquo;une petite entreprise florissante ou d&rsquo;un professionnel chevronn\u00e9 du marketing, Wpforms Mailerlite appara\u00eet comme un outil indispensable indispensable qui est intrins\u00e8quement li\u00e9 \u00e0 la croissance exponentielle de votre entreprise estim\u00e9e et \u00e0 la culture de relations significatives et engageantes avec votre client\u00e8le estim\u00e9e.<\/p>\n<ul>\n<li>Int\u00e9gration transparente entre WPForms et Mailerlite<\/li>\n<li>Connectez facilement votre compte MailerLite \u00e0 WPFORMS<\/li>\n<li>Synchroniser les soumissions de formulaires de WPForms aux listes de Mailerlite<\/li>\n<li>Ajoutez automatiquement de nouveaux abonn\u00e9s \u00e0 votre liste Mailerlite<\/li>\n<li>Champs de formulaire personnalisables pour capturer les informations dont vous avez besoin<\/li>\n<li>Envoyer aux abonn\u00e9s de bienvenue des e-mails ou des porte-autores<\/li>\n<li>Voir les informations et analyses de soumission d\u00e9taill\u00e9es dans WPFORMS<\/li>\n<li>MARKETING AUTOMATION ET CAMPAGNES EMAIL via Mailerlite<\/li>\n<li>Acc\u00e8s aux fonctionnalit\u00e9s avanc\u00e9es de Mailerlite, telles que la segmentation et les tests A \/ B.<\/li>\n<\/ul>\n","protected":false},"excerpt":{"rendered":"<p>L&rsquo;int\u00e9gration de WPForms et Mailerlite est un outil incroyablement robuste et efficace qui permet aux utilisateurs d&rsquo;\u00e9tablir sans effort une connexion entre leurs formulaires de contact WPFORMS et leurs campagnes de marketing par e-mail Mailerlite. Cette int\u00e9gration poss\u00e8de une pl\u00e9thore de fonctionnalit\u00e9s impressionnantes, y compris l&rsquo;ajout automatique de nouvelles entr\u00e9es WPFORMS aux listes d&rsquo;abonn\u00e9s Mailerlite, la possibilit\u00e9 de surveiller et d&rsquo;analyser les soumissions de formulaires et le comportement des abonn\u00e9s, ainsi que la cr\u00e9ation de campagnes de marketing par e-mail tr\u00e8s efficaces qui s&rsquo;engagent efficacement et convertissent efficacement clients. De plus, WPForms Mailerlite propose un processus de configuration et de configuration convivial, ainsi que des capacit\u00e9s compl\u00e8tes de rapports et d&rsquo;analyse, ce qui en fait la solution parfaite pour les personnes cherchant \u00e0 \u00e9lever leurs strat\u00e9gies de marketing par e-mail \u00e0 des hauteurs sans pr\u00e9c\u00e9dent.<\/p>\n","protected":false},"featured_media":146265,"comment_status":"open","ping_status":"open","template":"","meta":[],"product_brand":[2724],"product_cat":[1207,1181,1186],"product_tag":[1415],"class_list":{"0":"post-125433","1":"product","2":"type-product","3":"status-publish","4":"has-post-thumbnail","6":"product_brand-wp-forms","7":"product_cat-commercialisation-wordpress-plugins","8":"product_cat-plugins","9":"product_cat-wordpress-plugins","10":"product_tag-wp-forms","11":"member-discount","12":"discount-restricted","14":"first","15":"instock","16":"sale","17":"downloadable","18":"virtual","19":"sold-individually","20":"purchasable","21":"product-type-simple"},"_links":{"self":[{"href":"https:\/\/gpl-love.com\/fr\/wp-json\/wp\/v2\/product\/125433","targetHints":{"allow":["GET"]}}],"collection":[{"href":"https:\/\/gpl-love.com\/fr\/wp-json\/wp\/v2\/product"}],"about":[{"href":"https:\/\/gpl-love.com\/fr\/wp-json\/wp\/v2\/types\/product"}],"replies":[{"embeddable":true,"href":"https:\/\/gpl-love.com\/fr\/wp-json\/wp\/v2\/comments?post=125433"}],"wp:featuredmedia":[{"embeddable":true,"href":"https:\/\/gpl-love.com\/fr\/wp-json\/wp\/v2\/media\/146265"}],"wp:attachment":[{"href":"https:\/\/gpl-love.com\/fr\/wp-json\/wp\/v2\/media?parent=125433"}],"wp:term":[{"taxonomy":"product_brand","embeddable":true,"href":"https:\/\/gpl-love.com\/fr\/wp-json\/wp\/v2\/product_brand?post=125433"},{"taxonomy":"product_cat","embeddable":true,"href":"https:\/\/gpl-love.com\/fr\/wp-json\/wp\/v2\/product_cat?post=125433"},{"taxonomy":"product_tag","embeddable":true,"href":"https:\/\/gpl-love.com\/fr\/wp-json\/wp\/v2\/product_tag?post=125433"}],"curies":[{"name":"wp","href":"https:\/\/api.w.org\/{rel}","templated":true}]}}