{"id":125431,"date":"2025-08-31T00:00:00","date_gmt":"2025-08-30T22:00:00","guid":{"rendered":"https:\/\/gpl-love.com\/fr\/produit\/wpforms-hubspot\/"},"modified":"2026-04-05T18:30:38","modified_gmt":"2026-04-05T16:30:38","slug":"wpforms-hubspot","status":"publish","type":"product","link":"https:\/\/gpl-love.com\/fr\/produit\/wpforms-hubspot\/","title":{"rendered":"WPForms HubSpot 1.5.0"},"content":{"rendered":"<h3>WPForms HubSpot Traits<\/h3>\n<p>WPFORMS HubSpot est un outil d&rsquo;int\u00e9gration incroyablement robuste qui connecte de mani\u00e8re transparente WPFORMS, le g\u00e9n\u00e9rateur de formulaires WordPress remarquablement convivial, avec HubSpot, le logiciel CRM pr\u00e9\u00e9minent. Cette brillante int\u00e9gration vous permet de collecter et de g\u00e9rer efficacement les prospects, d&rsquo;automatiser les campagnes de marketing complexes et d&rsquo;am\u00e9liorer l&rsquo;engagement client \u00e0 des niveaux sans pr\u00e9c\u00e9dent. WPFORMS HubSpot est rempli d&rsquo;une vaste gamme de fonctionnalit\u00e9s de pointe, notamment, mais sans s&rsquo;y limiter, la synchronisation en temps r\u00e9el, la cartographie des champs personnalis\u00e9s, la notation des prospects et la segmentation des contacts. Que vous soyez un propri\u00e9taire de petite entreprise agile, un sp\u00e9cialiste du marketing avis\u00e9 ou un d\u00e9veloppeur qualifi\u00e9, le remarquable HubSpot WPForms appara\u00eet comme la solution ultime qui rationalise parfaitement votre flux de travail et amplifie consid\u00e9rablement votre productivit\u00e9. N&rsquo;h\u00e9sitez plus; Embarquez dans ce voyage transformateur aujourd&rsquo;hui et assistez de premi\u00e8re main \u00e0 la diff\u00e9rence remarquable que cela peut faire pour votre entreprise estim\u00e9e!<\/p>\n<ul>\n<li>Int\u00e8gre de mani\u00e8re transparente WPFORMS avec HubSpot<\/li>\n<li>Synchroniser les soumissions de formulaires de formulaires \u00e0 HubSpot automatiquement<\/li>\n<li>Permet une cartographie facile des champs de formulaire aux propri\u00e9t\u00e9s HubSpot<\/li>\n<li>Permet la cr\u00e9ation de propri\u00e9t\u00e9s de contact HubSpot personnalis\u00e9es de WPFORM<\/li>\n<li>Fournit des capacit\u00e9s am\u00e9lior\u00e9es de gestion et de segmentation du plomb<\/li>\n<li>Offre des notifications de t\u00eate en temps r\u00e9el et des actions de suivi<\/li>\n<li>Gagnez du temps en \u00e9liminant la saisie de donn\u00e9es fastidieuse et la manipulation de la forme manuelle<\/li>\n<li>Am\u00e9liore la pr\u00e9cision et l&rsquo;exhaustivit\u00e9 des donn\u00e9es pour une meilleure prise de d\u00e9cision<\/li>\n<li>Prend en charge le RGPD et la conformit\u00e9 \u00e0 la confidentialit\u00e9 des donn\u00e9es<\/li>\n<li>Offre des plans de prix flexibles pour les entreprises de toutes tailles.<\/li>\n<\/ul>\n","protected":false},"excerpt":{"rendered":"<p>L&rsquo;int\u00e9gration WPFORMS HubSpot est un outil exceptionnellement robuste et formidable qui facilite la connexion transparente de votre compte WPForms avec HubSpot. En tirant parti de cette int\u00e9gration, vous gagnez l&rsquo;immense capacit\u00e9 \u00e0 transmettre sans effort et automatiquement toutes les soumissions de formulaires provenant de WPFORMS directement \u00e0 votre CRM HubSpot. Par cons\u00e9quent, cette int\u00e9gration vous permet d&rsquo;administrer et de superviser efficacement vos prospects, de surveiller m\u00e9ticuleusement la progression de vos entonnoirs de vente et de garantir de mani\u00e8re fiable la mise \u00e0 jour constante de votre base de donn\u00e9es de contact. Sans aucun doute, WPForms HubSpot sert de solution impeccable pour les entreprises, quelle que soit leur \u00e9chelle, souhaitant optimiser et rationaliser leurs processus de g\u00e9n\u00e9ration de leads et de vente.<\/p>\n","protected":false},"featured_media":146263,"comment_status":"open","ping_status":"open","template":"","meta":[],"product_brand":[2724],"product_cat":[1207,1181,1186],"product_tag":[1415],"class_list":{"0":"post-125431","1":"product","2":"type-product","3":"status-publish","4":"has-post-thumbnail","6":"product_brand-wp-forms","7":"product_cat-commercialisation-wordpress-plugins","8":"product_cat-plugins","9":"product_cat-wordpress-plugins","10":"product_tag-wp-forms","11":"member-discount","12":"discount-restricted","14":"first","15":"instock","16":"sale","17":"downloadable","18":"virtual","19":"sold-individually","20":"purchasable","21":"product-type-simple"},"_links":{"self":[{"href":"https:\/\/gpl-love.com\/fr\/wp-json\/wp\/v2\/product\/125431","targetHints":{"allow":["GET"]}}],"collection":[{"href":"https:\/\/gpl-love.com\/fr\/wp-json\/wp\/v2\/product"}],"about":[{"href":"https:\/\/gpl-love.com\/fr\/wp-json\/wp\/v2\/types\/product"}],"replies":[{"embeddable":true,"href":"https:\/\/gpl-love.com\/fr\/wp-json\/wp\/v2\/comments?post=125431"}],"wp:featuredmedia":[{"embeddable":true,"href":"https:\/\/gpl-love.com\/fr\/wp-json\/wp\/v2\/media\/146263"}],"wp:attachment":[{"href":"https:\/\/gpl-love.com\/fr\/wp-json\/wp\/v2\/media?parent=125431"}],"wp:term":[{"taxonomy":"product_brand","embeddable":true,"href":"https:\/\/gpl-love.com\/fr\/wp-json\/wp\/v2\/product_brand?post=125431"},{"taxonomy":"product_cat","embeddable":true,"href":"https:\/\/gpl-love.com\/fr\/wp-json\/wp\/v2\/product_cat?post=125431"},{"taxonomy":"product_tag","embeddable":true,"href":"https:\/\/gpl-love.com\/fr\/wp-json\/wp\/v2\/product_tag?post=125431"}],"curies":[{"name":"wp","href":"https:\/\/api.w.org\/{rel}","templated":true}]}}