{"id":125429,"date":"2025-03-27T00:00:00","date_gmt":"2025-03-26T23:00:00","guid":{"rendered":"https:\/\/gpl-love.com\/fr\/produit\/wpforms-authorizenet\/"},"modified":"2026-03-20T23:51:19","modified_gmt":"2026-03-20T22:51:19","slug":"wpforms-authorizenet","status":"publish","type":"product","link":"https:\/\/gpl-love.com\/fr\/produit\/wpforms-authorizenet\/","title":{"rendered":"WPForms Authorize.Net 1.10.0"},"content":{"rendered":"<h3>WPForms Authorize.Net Traits<\/h3>\n<p>WPFORMS Authorize.net, un module compl\u00e9mentaire d&rsquo;int\u00e9gration de paiement exceptionnel, offre aux utilisateurs la capacit\u00e9 remarquable de traiter les paiements de carte de cr\u00e9dit de mani\u00e8re s\u00e9curis\u00e9e directement via leur plate-forme WPFORMS. En mettant en \u0153uvre ce module compl\u00e9mentaire, vous autonomisez non seulement vos clients avec une option de paiement tr\u00e8s pratique et fiable, mais vous assurez \u00e9galement le plus haut niveau de s\u00e9curit\u00e9 pour leurs transactions. \u00c9liminant la n\u00e9cessit\u00e9 d&rsquo;une passerelle de paiement distincte, WPFORMS Authorize.net vous permet de g\u00e9n\u00e9rer sans effort des formulaires de paiement personnalisables et d&rsquo;accepter sans effort les paiements pour vos produits et services. Sa nature conviviale garantit une exp\u00e9rience de paiement transparente pour vous \u00e0 la fois en tant que propri\u00e9taire d&rsquo;entreprise et vos clients estim\u00e9s. Par cons\u00e9quent, WPForms Authorize.net s&rsquo;av\u00e8re \u00eatre un outil inestimable pour les entreprises qui cherchent \u00e0 optimiser leur infrastructure de traitement des paiements et \u00e0 am\u00e9liorer le parcours d&rsquo;achat global de leur pr\u00e9cieux client\u00e8le.<\/p>\n<ul>\n<li>Int\u00e9grez de mani\u00e8re transparente WPFORM avec Authorize.net pour les paiements en ligne s\u00e9curis\u00e9s<\/li>\n<li>Acceptez facilement les paiements par carte de cr\u00e9dit et \u00e0 la v\u00e9rification<\/li>\n<li>Personnalisez les formulaires de paiement pour correspondre \u00e0 votre marque et \u00e0 vos besoins sp\u00e9cifiques<\/li>\n<li>Utilisez les fonctionnalit\u00e9s de pr\u00e9vention de la fraude Authorize.net pour prot\u00e9ger votre entreprise et vos clients<\/li>\n<li>Afficher et g\u00e9rer les transactions \u00e0 partir de votre tableau de bord WPFORMS<\/li>\n<li>Profitez d&rsquo;un support client fiable \u00e0 la fois des \u00e9quipes WPFORMS et Authoriser.NET.<\/li>\n<\/ul>\n","protected":false},"excerpt":{"rendered":"<p>WPFORMS Authorize.net est un plugin WordPress robuste et tr\u00e8s efficace qui permet aux propri\u00e9taires d&rsquo;entreprise la capacit\u00e9 d&rsquo;accepter sans effort et en toute s\u00e9curit\u00e9 les paiements en ligne. Il int\u00e8gre des technologies de pointe telles que la d\u00e9tection et la pr\u00e9vention de la fraude, garantissant ainsi la plus grande s\u00e9curit\u00e9 pour toutes les transactions. Notamment, ce plugin s&rsquo;int\u00e8gre de mani\u00e8re transparente \u00e0 la plate-forme WPFORMS, permettant ainsi aux utilisateurs d&rsquo;\u00e9laborer des formulaires et des pages de paiement sur mesure sans effort \u00e0 l&rsquo;aide d&rsquo;une interface de glisser-d\u00e9poser intuitive. Que vous soyez impliqu\u00e9 dans la vente de produits, de services ou m\u00eame d&rsquo;accepter des dons, soyez assur\u00e9 que WPFORMS Authorize.net vous permettra d&rsquo;optimiser vos proc\u00e9dures de traitement des paiements, augmentant finalement la satisfaction des clients.<\/p>\n","protected":false},"featured_media":146251,"comment_status":"open","ping_status":"open","template":"","meta":[],"product_brand":[2724],"product_cat":[1253,1181,1186],"product_tag":[1415],"class_list":{"0":"post-125429","1":"product","2":"type-product","3":"status-publish","4":"has-post-thumbnail","6":"product_brand-wp-forms","7":"product_cat-paiement","8":"product_cat-plugins","9":"product_cat-wordpress-plugins","10":"product_tag-wp-forms","11":"member-discount","12":"discount-restricted","14":"first","15":"instock","16":"sale","17":"downloadable","18":"virtual","19":"sold-individually","20":"purchasable","21":"product-type-simple"},"_links":{"self":[{"href":"https:\/\/gpl-love.com\/fr\/wp-json\/wp\/v2\/product\/125429","targetHints":{"allow":["GET"]}}],"collection":[{"href":"https:\/\/gpl-love.com\/fr\/wp-json\/wp\/v2\/product"}],"about":[{"href":"https:\/\/gpl-love.com\/fr\/wp-json\/wp\/v2\/types\/product"}],"replies":[{"embeddable":true,"href":"https:\/\/gpl-love.com\/fr\/wp-json\/wp\/v2\/comments?post=125429"}],"wp:featuredmedia":[{"embeddable":true,"href":"https:\/\/gpl-love.com\/fr\/wp-json\/wp\/v2\/media\/146251"}],"wp:attachment":[{"href":"https:\/\/gpl-love.com\/fr\/wp-json\/wp\/v2\/media?parent=125429"}],"wp:term":[{"taxonomy":"product_brand","embeddable":true,"href":"https:\/\/gpl-love.com\/fr\/wp-json\/wp\/v2\/product_brand?post=125429"},{"taxonomy":"product_cat","embeddable":true,"href":"https:\/\/gpl-love.com\/fr\/wp-json\/wp\/v2\/product_cat?post=125429"},{"taxonomy":"product_tag","embeddable":true,"href":"https:\/\/gpl-love.com\/fr\/wp-json\/wp\/v2\/product_tag?post=125429"}],"curies":[{"name":"wp","href":"https:\/\/api.w.org\/{rel}","templated":true}]}}