{"id":125427,"date":"2025-09-16T00:00:00","date_gmt":"2025-09-15T22:00:00","guid":{"rendered":"https:\/\/gpl-love.com\/fr\/produit\/wpforms-activecampaign\/"},"modified":"2026-03-20T23:51:18","modified_gmt":"2026-03-20T22:51:18","slug":"wpforms-activecampaign","status":"publish","type":"product","link":"https:\/\/gpl-love.com\/fr\/produit\/wpforms-activecampaign\/","title":{"rendered":"WPForms ActiveCampaign 1.7.0"},"content":{"rendered":"<h3>WPForms ActiveCampaign Traits<\/h3>\n<p>WPForms ActiveCampaign est un outil incroyablement robuste et tr\u00e8s efficace qui offre aux entreprises la capacit\u00e9 in\u00e9gal\u00e9e \u00e0 int\u00e9grer de mani\u00e8re transparente leurs WPForms \u00e0 ActiveCampaign, les permettant ainsi \u00e0 rationaliser sans effort leurs efforts de marketing et \u00e0 am\u00e9liorer consid\u00e9rablement leur engagement client. Cette int\u00e9gration remarquable permet aux entreprises de concevoir et d&rsquo;argmenter sans effort des formes sur mesure qui capturent de mani\u00e8re experte et, en outre, automatisent pleinement leurs campagnes de marketing avec des strat\u00e9gies de marketing par e-mail hautement cibl\u00e9es et m\u00e9ticuleusement organis\u00e9es. L&rsquo;outil, caract\u00e9ris\u00e9 par une interface incroyablement conviviale, offre aux entreprises une exp\u00e9rience remarquablement sans effort en ce qui concerne la mise en place et la gestion adroie de leurs campagnes. WPForms ActiveCampaign appara\u00eet comme la solution ultime pour les entreprises, quelle que soit leur taille, qui sont r\u00e9solues dans leur qu\u00eate d&rsquo;am\u00e9lioration et d&rsquo;optimisation de leurs initiatives de marketing tout en \u00e9levant simultan\u00e9ment l&rsquo;exp\u00e9rience client globale.<\/p>\n<ul>\n<li>Connectez sans effort WPFORM avec ActiveCampaign pour la gestion des plombs rationalis\u00e9s.<\/li>\n<li><\/li>\n<li>Int\u00e9grer de mani\u00e8re transparente les formulaires et les enqu\u00eates de contact WPFORMS avec les flux de travail d&rsquo;automatisation ActiveCampaign.<\/li>\n<li><\/li>\n<li>Ajoutez automatiquement les nouveaux fils des soumissions WPFORMS aux listes de contacts ActiveCampaign.<\/li>\n<li><\/li>\n<li>Cr\u00e9ez des campagnes d&rsquo;e-mail personnalis\u00e9es bas\u00e9es sur les r\u00e9ponses de formulaire WPFORMS avec les puissantes fonctionnalit\u00e9s de segmentation d&rsquo;ActiveCampaign.<\/li>\n<li><\/li>\n<li>Suivez le succ\u00e8s de vos soumissions WPFORMS et des efforts de marketing ActiveCampaign avec des rapports et des analyses d\u00e9taill\u00e9s.<\/li>\n<li><\/li>\n<li>Gagnez du temps et augmentez la productivit\u00e9 en automatisant vos formulaires WPForms et vos campagnes de marketing par e-mail ActiveCampaign.<\/li>\n<li><\/li>\n<li>Profitez d&rsquo;un flux de travail marketing plus lisse avec la combinaison puissante de WPForms et ActiveCampaign.<\/li>\n<\/ul>\n","protected":false},"excerpt":{"rendered":"<p>WPForms ActiveCampaign sert d&rsquo;int\u00e9gration formidable qui facilite la synchronisation transparente des donn\u00e9es WPFORMS avec votre compte ActiveCampaign, offrant un \u00e9ventail d&rsquo;avantages. Gr\u00e2ce \u00e0 cette int\u00e9gration, vous gagnez la possibilit\u00e9 de capturer sans effort les pistes et d&rsquo;automatiser vos campagnes de marketing par e-mail, am\u00e9liorant ainsi l&rsquo;efficacit\u00e9 des efforts de croissance de votre entreprise. Offrez des adieux \u00e0 la t\u00e2che ardue de la saisie des donn\u00e9es manuelles et accueillez l&rsquo;arriv\u00e9e d&rsquo;un flux de travail rationalis\u00e9 gracieuset\u00e9 de WPForms ActiveCampaign.<\/p>\n","protected":false},"featured_media":146250,"comment_status":"open","ping_status":"open","template":"","meta":[],"product_brand":[2724],"product_cat":[1207,1181,1186],"product_tag":[1415],"class_list":{"0":"post-125427","1":"product","2":"type-product","3":"status-publish","4":"has-post-thumbnail","6":"product_brand-wp-forms","7":"product_cat-commercialisation-wordpress-plugins","8":"product_cat-plugins","9":"product_cat-wordpress-plugins","10":"product_tag-wp-forms","11":"member-discount","12":"discount-restricted","14":"first","15":"instock","16":"sale","17":"downloadable","18":"virtual","19":"sold-individually","20":"purchasable","21":"product-type-simple"},"_links":{"self":[{"href":"https:\/\/gpl-love.com\/fr\/wp-json\/wp\/v2\/product\/125427","targetHints":{"allow":["GET"]}}],"collection":[{"href":"https:\/\/gpl-love.com\/fr\/wp-json\/wp\/v2\/product"}],"about":[{"href":"https:\/\/gpl-love.com\/fr\/wp-json\/wp\/v2\/types\/product"}],"replies":[{"embeddable":true,"href":"https:\/\/gpl-love.com\/fr\/wp-json\/wp\/v2\/comments?post=125427"}],"wp:featuredmedia":[{"embeddable":true,"href":"https:\/\/gpl-love.com\/fr\/wp-json\/wp\/v2\/media\/146250"}],"wp:attachment":[{"href":"https:\/\/gpl-love.com\/fr\/wp-json\/wp\/v2\/media?parent=125427"}],"wp:term":[{"taxonomy":"product_brand","embeddable":true,"href":"https:\/\/gpl-love.com\/fr\/wp-json\/wp\/v2\/product_brand?post=125427"},{"taxonomy":"product_cat","embeddable":true,"href":"https:\/\/gpl-love.com\/fr\/wp-json\/wp\/v2\/product_cat?post=125427"},{"taxonomy":"product_tag","embeddable":true,"href":"https:\/\/gpl-love.com\/fr\/wp-json\/wp\/v2\/product_tag?post=125427"}],"curies":[{"name":"wp","href":"https:\/\/api.w.org\/{rel}","templated":true}]}}