{"id":125242,"date":"2025-10-20T00:00:00","date_gmt":"2025-10-19T22:00:00","guid":{"rendered":"https:\/\/gpl-love.com\/fr\/produit\/the-events-calendar-shortcode-et-templates-pro\/"},"modified":"2026-03-20T23:39:16","modified_gmt":"2026-03-20T22:39:16","slug":"the-events-calendar-shortcode-et-templates-pro","status":"publish","type":"product","link":"https:\/\/gpl-love.com\/fr\/produit\/the-events-calendar-shortcode-et-templates-pro\/","title":{"rendered":"The Events Calendar Shortcode et Templates Pro 3.6.2"},"content":{"rendered":"<h3>The Events Calendar Shortcode et Templates Pro Traits<\/h3>\n<p>Le calendrier des \u00e9v\u00e9nements Shortcode and Templates Pro est un outil incroyablement robuste et dynamique qui donne aux utilisateurs la capacit\u00e9 remarquable de g\u00e9n\u00e9rer sans effort des calendriers d&rsquo;\u00e9v\u00e9nements visuellement frappants et extr\u00eamement professionnels pour leur site Web. Ce produit exceptionnel englobe une vaste gamme de mod\u00e8les et de codes short-codes personnalisables, offrant aux individus l&rsquo;occasion transparente de l&rsquo;int\u00e9grer de mani\u00e8re transparente dans n&rsquo;importe quel site WordPress qu&rsquo;ils souhaitent. Les mod\u00e8les m\u00e9ticuleusement fabriqu\u00e9s poss\u00e8dent un niveau de r\u00e9activit\u00e9 exceptionnel et un design adapt\u00e9 aux mobiles, garantissant ainsi que votre calendrier d&rsquo;\u00e9v\u00e9nements d\u00e9gage une esth\u00e9tique \u00e9tonnante sur tous les appareils \u00e0 partir de laquelle il est accessible. La fonction ing\u00e9nieuse de shortcode encapsul\u00e9e dans cet outil remarquable facilite l&rsquo;incorporation sans effort et sans couture d&rsquo;\u00e9v\u00e9nements et de calendriers dans tout emplacement souhait\u00e9 sur votre site, accordant ainsi aux visiteurs la commodit\u00e9 inestimable d&rsquo;acc\u00e9der facilement aux informations pivots. Sans aucun doute, en raison de sa nature conviviale et de sa polyvalence in\u00e9gal\u00e9e, le raccourci et les mod\u00e8les du calendrier des \u00e9v\u00e9nements \u00e9mettaient indiscutablement comme un outil indispensable pour tous ceux qui cherchent \u00e0 fa\u00e7onner un site Web orient\u00e9 vers les \u00e9v\u00e9nements extraordinairement prosp\u00e8re.<\/p>\n<ul>\n<li>Fournit une personnalisation des raccourcis et des mod\u00e8les pour le plugin Calendrier des \u00e9v\u00e9nements sur WordPress<\/li>\n<li>Permet un affichage facile des \u00e9v\u00e9nements de calendrier sur n&rsquo;importe quelle page d&rsquo;un site Web<\/li>\n<li>Mod\u00e8les personnalisables pour les listes d&rsquo;\u00e9v\u00e9nements, les pages d&rsquo;\u00e9v\u00e9nements uniques et les widgets de calendrier<\/li>\n<li>Comprend une vari\u00e9t\u00e9 de mod\u00e8les pr\u00e9-con\u00e7us \u00e0 choisir<\/li>\n<li>Prend en charge toutes les vues et fonctionnalit\u00e9s du plugin du calendrier des \u00e9v\u00e9nements<\/li>\n<li>Conception r\u00e9active pour les appareils mobiles<\/li>\n<li>Interface simple et intuitive pour une personnalisation facile<\/li>\n<li>Mises \u00e0 jour r\u00e9guli\u00e8res et soutien du d\u00e9veloppeur<\/li>\n<li>Compatible avec la derni\u00e8re version de WordPress et le plugin Calendar Events.<\/li>\n<\/ul>\n","protected":false},"excerpt":{"rendered":"<p>Les \u00e9v\u00e9nements Calendar Shortcode and Mod\u00e8les Pro sont une application logicielle tr\u00e8s avanc\u00e9e et de pointe qui permet aux utilisateurs de g\u00e9n\u00e9rer sans effort des listes d&rsquo;\u00e9v\u00e9nements personnalis\u00e9es et des calendriers sur leurs sites Web. Offrant une multitude de mod\u00e8les divers et une vaste gamme d&rsquo;options de shortcode, cet outil innovant accorde aux utilisateurs la flexibilit\u00e9 de pr\u00e9senter des \u00e9v\u00e9nements d&rsquo;une mani\u00e8re qui s&rsquo;aligne parfaitement avec leurs exigences uniques et leurs pr\u00e9f\u00e9rences esth\u00e9tiques. Ainsi, que vous soyez une entreprise florissante cherchant \u00e0 pr\u00e9senter des \u00e9v\u00e9nements \u00e0 venir ou un blogueur dynamique visant \u00e0 diffuser le calendrier m\u00e9ticuleusement organis\u00e9 de votre communaut\u00e9, cet outil exceptionnel garantit une fonctionnalit\u00e9 infaillible et compl\u00e8te. En tirant parti du shortcode et des mod\u00e8les du calendrier des \u00e9v\u00e9nements Pro, vous acc\u00e9l\u00e9rerez non seulement votre flux de travail, mais vous att\u00e9nez \u00e9galement le fardeau d&rsquo;exercer un temps et une \u00e9nergie excessifs.<\/p>\n","protected":false},"featured_media":145469,"comment_status":"open","ping_status":"open","template":"","meta":[],"product_brand":[2671],"product_cat":[1189,1181,1186],"product_tag":[1532],"class_list":{"0":"post-125242","1":"product","2":"type-product","3":"status-publish","4":"has-post-thumbnail","6":"product_brand-the-events-calendar","7":"product_cat-personnalisation","8":"product_cat-plugins","9":"product_cat-wordpress-plugins","10":"product_tag-the-events-calendar","11":"member-discount","12":"discount-restricted","14":"first","15":"instock","16":"sale","17":"downloadable","18":"virtual","19":"sold-individually","20":"purchasable","21":"product-type-simple"},"_links":{"self":[{"href":"https:\/\/gpl-love.com\/fr\/wp-json\/wp\/v2\/product\/125242","targetHints":{"allow":["GET"]}}],"collection":[{"href":"https:\/\/gpl-love.com\/fr\/wp-json\/wp\/v2\/product"}],"about":[{"href":"https:\/\/gpl-love.com\/fr\/wp-json\/wp\/v2\/types\/product"}],"replies":[{"embeddable":true,"href":"https:\/\/gpl-love.com\/fr\/wp-json\/wp\/v2\/comments?post=125242"}],"wp:featuredmedia":[{"embeddable":true,"href":"https:\/\/gpl-love.com\/fr\/wp-json\/wp\/v2\/media\/145469"}],"wp:attachment":[{"href":"https:\/\/gpl-love.com\/fr\/wp-json\/wp\/v2\/media?parent=125242"}],"wp:term":[{"taxonomy":"product_brand","embeddable":true,"href":"https:\/\/gpl-love.com\/fr\/wp-json\/wp\/v2\/product_brand?post=125242"},{"taxonomy":"product_cat","embeddable":true,"href":"https:\/\/gpl-love.com\/fr\/wp-json\/wp\/v2\/product_cat?post=125242"},{"taxonomy":"product_tag","embeddable":true,"href":"https:\/\/gpl-love.com\/fr\/wp-json\/wp\/v2\/product_tag?post=125242"}],"curies":[{"name":"wp","href":"https:\/\/api.w.org\/{rel}","templated":true}]}}