{"id":125240,"date":"2024-09-30T00:00:00","date_gmt":"2024-09-29T22:00:00","guid":{"rendered":"https:\/\/gpl-love.com\/fr\/produit\/monsterinsights-user-journey\/"},"modified":"2026-04-10T18:32:02","modified_gmt":"2026-04-10T16:32:02","slug":"monsterinsight-user-journey","status":"publish","type":"product","link":"https:\/\/gpl-love.com\/fr\/produit\/monsterinsight-user-journey\/","title":{"rendered":"MonsterInsights User Journey 1.1.5"},"content":{"rendered":"<h3>MonsterInsights User Journey Traits<\/h3>\n<p>L&rsquo;outil MonsterriNsights User Journey est une ressource incroyablement puissante et robuste qui accorde aux entreprises des informations inestimables concernant les mod\u00e8les et tendances comportementales complexes expos\u00e9s par leur cadre estim\u00e9 de visiteurs du site Web. En tirant parti de cet outil, les utilisateurs sont en mesure de suivre et de surveiller avec diligence et m\u00e9ticulement les interactions multiformes et multiformes qui se transpirent entre leurs visiteurs et leur site Web, englobant mais sans s&rsquo;y limiter aux profondeurs de connaissances sans \u00e9chec sur les modes d&rsquo;arriv\u00e9e des visiteurs sur le site Web, Leur lecture de diff\u00e9rentes pages habitant dans les limites num\u00e9riques du site, ainsi que la myriade d&rsquo;actions et d&rsquo;activit\u00e9s dans lesquelles ils s&rsquo;engagent tout en traversant ledit site. Arm\u00e9s de ce v\u00e9ritable tr\u00e9sor d&rsquo;informations, les entreprises peuvent d\u00e9nicher efficacement et efficacement une compr\u00e9hension approfondie et compl\u00e8te des besoins, des d\u00e9sirs et des pr\u00e9f\u00e9rences respectifs de leurs clients, facilitant ainsi et am\u00e9liorant ainsi le processus de formulation et d&rsquo;ex\u00e9cution d&rsquo;une strat\u00e9gie de marketing tr\u00e8s raffin\u00e9e et astucieuse et astucieuse . De plus, il est imp\u00e9ratif de noter que la convivialit\u00e9 inh\u00e9rente \u00e0 l&rsquo;utilisateur et l&rsquo;accessibilit\u00e9 de cet outil le rendent en place et applicable aux entreprises de toutes formes et tailles, cimentant davantage son statut d&rsquo;instrument crucial et indispensable pour ceux qui cherchent \u00e0 augmenter et \u00e0 renforcer leur ligne en ligne pr\u00e9sence et entra\u00eener un afflux de conversions.<\/p>\n<ul>\n<li>Aide les propri\u00e9taires de sites Web \u00e0 suivre le comportement des utilisateurs et \u00e0 optimiser leur voyage sur le site<\/li>\n<li>Fournit une repr\u00e9sentation visuelle du voyage utilisateur \u00e0 travers diff\u00e9rentes pages et actions sur le site<\/li>\n<li>Identifie les domaines o\u00f9 les utilisateurs d\u00e9posent ou rencontrent des probl\u00e8mes dans leur voyage<\/li>\n<li>Donne un aper\u00e7u des pages et des fonctionnalit\u00e9s les plus populaires parmi les utilisateurs<\/li>\n<li>Permet de suivre le suivi de personnages utilisateurs sp\u00e9cifiques pour mieux comprendre leur comportement et leurs besoins sur le site<\/li>\n<li>S&rsquo;int\u00e8gre \u00e0 Google Analytics pour fournir une analyse et des rapports de donn\u00e9es approfondies<\/li>\n<li>Offre des rapports et tableau de bord personnalisables pour suivre et surveiller facilement les mesures de voyage utilisateur<\/li>\n<li>Aide \u00e0 am\u00e9liorer l&rsquo;exp\u00e9rience utilisateur globale et \u00e0 augmenter l&rsquo;engagement et les conversions sur le site.<\/li>\n<\/ul>\n","protected":false},"excerpt":{"rendered":"<p>Le parcours utilisateur de MonsterInsights est un outil incroyablement puissant qui aide les propri\u00e9taires de sites Web \u00e0 surveiller et \u00e0 examiner les chemins parcourus par leurs utilisateurs lorsqu&rsquo;ils s&rsquo;engagent avec leur site. En offrant des informations compl\u00e8tes et complexes sur la navigation et l&rsquo;interaction des visiteurs avec votre contenu, vous \u00eates autoris\u00e9 \u00e0 prendre des d\u00e9cisions \u00e9clair\u00e9es en fonction des donn\u00e9es pour am\u00e9liorer l&rsquo;exp\u00e9rience utilisateur et amplifier les conversions. Que votre objectif soit d&rsquo;affiner la conception de votre site ou de g\u00e9n\u00e9rer un trafic accru vers des pages pivots, la fonction de voyage utilisateur de MonsterInsights vous offre des informations profondes qui propulseront les performances de votre site Web \u00e0 des hauteurs sans pr\u00e9c\u00e9dent.<\/p>\n","protected":false},"featured_media":144585,"comment_status":"open","ping_status":"closed","template":"","meta":[],"product_brand":[2595],"product_cat":[1207,1181,1186],"product_tag":[1305],"class_list":{"0":"post-125240","1":"product","2":"type-product","3":"status-publish","4":"has-post-thumbnail","6":"product_brand-monsterinsights","7":"product_cat-commercialisation-wordpress-plugins","8":"product_cat-plugins","9":"product_cat-wordpress-plugins","10":"product_tag-monsterinsights","11":"member-discount","12":"discount-restricted","14":"first","15":"instock","16":"sale","17":"downloadable","18":"virtual","19":"sold-individually","20":"purchasable","21":"product-type-simple"},"_links":{"self":[{"href":"https:\/\/gpl-love.com\/fr\/wp-json\/wp\/v2\/product\/125240","targetHints":{"allow":["GET"]}}],"collection":[{"href":"https:\/\/gpl-love.com\/fr\/wp-json\/wp\/v2\/product"}],"about":[{"href":"https:\/\/gpl-love.com\/fr\/wp-json\/wp\/v2\/types\/product"}],"replies":[{"embeddable":true,"href":"https:\/\/gpl-love.com\/fr\/wp-json\/wp\/v2\/comments?post=125240"}],"wp:featuredmedia":[{"embeddable":true,"href":"https:\/\/gpl-love.com\/fr\/wp-json\/wp\/v2\/media\/144585"}],"wp:attachment":[{"href":"https:\/\/gpl-love.com\/fr\/wp-json\/wp\/v2\/media?parent=125240"}],"wp:term":[{"taxonomy":"product_brand","embeddable":true,"href":"https:\/\/gpl-love.com\/fr\/wp-json\/wp\/v2\/product_brand?post=125240"},{"taxonomy":"product_cat","embeddable":true,"href":"https:\/\/gpl-love.com\/fr\/wp-json\/wp\/v2\/product_cat?post=125240"},{"taxonomy":"product_tag","embeddable":true,"href":"https:\/\/gpl-love.com\/fr\/wp-json\/wp\/v2\/product_tag?post=125240"}],"curies":[{"name":"wp","href":"https:\/\/api.w.org\/{rel}","templated":true}]}}