{"id":125239,"date":"2023-08-25T00:00:00","date_gmt":"2023-08-24T22:00:00","guid":{"rendered":"https:\/\/gpl-love.com\/fr\/produit\/monsterinsights-page-insights-addon\/"},"modified":"2026-04-10T18:32:00","modified_gmt":"2026-04-10T16:32:00","slug":"monsterinsights-page-insights","status":"publish","type":"product","link":"https:\/\/gpl-love.com\/fr\/produit\/monsterinsights-page-insights\/","title":{"rendered":"MonsterInsights Page Insights Addon 1.6.0"},"content":{"rendered":"<h3>MonsterInsights Page Insights Addon Traits<\/h3>\n<p>Le MonsterInsights Page Insights Addon, un outil robuste m\u00e9ticuleusement con\u00e7u dans le but d&rsquo;autonomiser les propri\u00e9taires de sites Web et les sp\u00e9cialistes du marketing, offre une myriade d&rsquo;avantages profonds qui leur permettraient de se plonger dans les recoins les plus profonds des performances de leur site Web et d&rsquo;extraire des id\u00e9es inestimables. En tirant parti de cet addon remarquable, les utilisateurs ont accord\u00e9 un acc\u00e8s sans entrave \u00e0 des rapports remarquablement complets \u00e9lucidant des aspects cruciaux tels que des pages vues, des taux de rebond et des mesures d&rsquo;engagement, facilitant ainsi l&rsquo;optimisation de leur contenu pour atteindre un niveau d&rsquo;impact et de r\u00e9sonance sans pr\u00e9c\u00e9dent. De plus, cet ing\u00e9nieux addon profite d&rsquo;informations inestimables concernant le comportement des utilisateurs, englobant des variables pivots comme la dur\u00e9e que les visiteurs d\u00e9pensent sur des pages individuelles et les hyperliens vers lesquels ils gravitent avec la plus grande empressement. Naturellement, cette prodigieuse richesse de donn\u00e9es peut \u00eatre adroitement employ\u00e9e dans la mode des campagnes de marketing qui poss\u00e8dent une efficacit\u00e9 in\u00e9gal\u00e9e et ont le potentiel d&rsquo;augmenter consid\u00e9rablement les taux de conversion. Que l&rsquo;on soit un blogueur assidu, un propri\u00e9taire de site de commerce \u00e9lectronique sagace ou un sp\u00e9cialiste du marketing num\u00e9rique exigeant, il est hors de litige que le Monsterinsights Page Insights Addon prend la forme d&rsquo;un outil indispensable, qui se d\u00e9cha\u00eene sans \u00e9quivoque le potentiel latent pour le nourrissant dans le cadre d&rsquo;un outil indispensable, celui qui se d\u00e9cha\u00eene sans \u00e9quivoque le potentiel latente dont le potentiel lev\u00e9 est h\u00e9berg\u00e9 au sein de l&rsquo;outil \u00e0 l&rsquo;int\u00e9rieur de latente au sein de l&rsquo;outil \u00e0 l&rsquo;int\u00e9rieur de la suite dans le cadre d&rsquo;un outil indispensable, qui se d\u00e9cha\u00eene sans \u00e9quivoque le potentiel latente au sein de Harbe son site Web.<\/p>\n<ul>\n<li>Fournit une analyse approfondie des pages individuelles sur votre site Web<\/li>\n<li>Vous permet de suivre les pages vues, le taux de rebond, le temps sur la page et plus<\/li>\n<li>Vous montre quelles pages stimulent le plus de trafic vers votre site Web<\/li>\n<li>Vous aide \u00e0 identifier les pages qui ont besoin d&rsquo;optimisation pour am\u00e9liorer les performances<\/li>\n<li>Fournit des informations sur les sources de r\u00e9f\u00e9rence sup\u00e9rieures et les mots cl\u00e9s pour chaque page<\/li>\n<li>Vous aide \u00e0 comprendre le comportement des visiteurs de votre site Web au niveau granulaire<\/li>\n<li>Fournit des informations personnalisables pour s&rsquo;adapter \u00e0 vos objectifs commerciaux sp\u00e9cifiques<\/li>\n<li>Int\u00e9gre parfaitement avec Google Analytics pour un suivi pr\u00e9cis des donn\u00e9es<\/li>\n<li>Facile \u00e0 installer et \u00e0 utiliser, aucune connaissance de codage requise<\/li>\n<li>Fournit des informations exploitables pour optimiser les performances de votre site Web et conduire plus de trafic.<\/li>\n<\/ul>\n","protected":false},"excerpt":{"rendered":"<p>Le MonsterInsights Page Insights Addon, un outil exceptionnel con\u00e7u pour vous aider \u00e0 comprendre les performances des pages de votre site Web, s&rsquo;av\u00e8re \u00eatre la solution ultime. Avec ses capacit\u00e9s formidables, cet addon propose des informations et des analyses \u00e9tendues pour chaque page individuelle, englobant des mesures essentielles telles que les pages vues, les taux de rebond, le temps sur la page et bien d&rsquo;autres. En utilisant cet addon, on peut discerner sans effort les pages qui fonctionnent remarquablement bien et optimiser par la suite leur strat\u00e9gie de contenu pour obtenir le plus d&rsquo;impact. Que vous soyez un propri\u00e9taire de petite entreprise ou un sp\u00e9cialiste du marketing exp\u00e9riment\u00e9, l&rsquo;inclusion de la page MonsterInsights Insights Addon est un imp\u00e9ratif absolu, servant d&rsquo;outil indispensable pour \u00e9valuer et am\u00e9liorer les performances globales de votre site Web.<\/p>\n","protected":false},"featured_media":144582,"comment_status":"open","ping_status":"closed","template":"","meta":[],"product_brand":[2595],"product_cat":[1207,1181,1186],"product_tag":[1305],"class_list":{"0":"post-125239","1":"product","2":"type-product","3":"status-publish","4":"has-post-thumbnail","6":"product_brand-monsterinsights","7":"product_cat-commercialisation-wordpress-plugins","8":"product_cat-plugins","9":"product_cat-wordpress-plugins","10":"product_tag-monsterinsights","11":"member-discount","12":"discount-restricted","14":"first","15":"instock","16":"sale","17":"downloadable","18":"virtual","19":"sold-individually","20":"purchasable","21":"product-type-simple"},"_links":{"self":[{"href":"https:\/\/gpl-love.com\/fr\/wp-json\/wp\/v2\/product\/125239","targetHints":{"allow":["GET"]}}],"collection":[{"href":"https:\/\/gpl-love.com\/fr\/wp-json\/wp\/v2\/product"}],"about":[{"href":"https:\/\/gpl-love.com\/fr\/wp-json\/wp\/v2\/types\/product"}],"replies":[{"embeddable":true,"href":"https:\/\/gpl-love.com\/fr\/wp-json\/wp\/v2\/comments?post=125239"}],"wp:featuredmedia":[{"embeddable":true,"href":"https:\/\/gpl-love.com\/fr\/wp-json\/wp\/v2\/media\/144582"}],"wp:attachment":[{"href":"https:\/\/gpl-love.com\/fr\/wp-json\/wp\/v2\/media?parent=125239"}],"wp:term":[{"taxonomy":"product_brand","embeddable":true,"href":"https:\/\/gpl-love.com\/fr\/wp-json\/wp\/v2\/product_brand?post=125239"},{"taxonomy":"product_cat","embeddable":true,"href":"https:\/\/gpl-love.com\/fr\/wp-json\/wp\/v2\/product_cat?post=125239"},{"taxonomy":"product_tag","embeddable":true,"href":"https:\/\/gpl-love.com\/fr\/wp-json\/wp\/v2\/product_tag?post=125239"}],"curies":[{"name":"wp","href":"https:\/\/api.w.org\/{rel}","templated":true}]}}