{"id":125238,"date":"2024-02-28T00:00:00","date_gmt":"2024-02-27T23:00:00","guid":{"rendered":"https:\/\/gpl-love.com\/fr\/produit\/monsterinsights-media-addon\/"},"modified":"2026-04-10T18:31:59","modified_gmt":"2026-04-10T16:31:59","slug":"monsterinsights-media-addon","status":"publish","type":"product","link":"https:\/\/gpl-love.com\/fr\/produit\/monsterinsights-media-addon\/","title":{"rendered":"MonsterInsights Media Addon 1.1.2"},"content":{"rendered":"<h3>MonsterInsights Media Addon Traits<\/h3>\n<p>L&rsquo;addon de m\u00e9dias MonsteriNsights, \u00e9tant un outil indispensable pour les individus en possession de sites Web qui d\u00e9pendent fortement du contenu des m\u00e9dias pour captiver et impliquer les utilisateurs, sert un objectif puissant. Ce formidable plugin offre la possibilit\u00e9 de suivre m\u00e9ticuleusement les performances des m\u00e9dias de votre site Web, englobant des images, des vid\u00e9os et de l&rsquo;audio, en accordant des informations compl\u00e8tes. Gr\u00e2ce \u00e0 l&rsquo;utilisation de cet addon, vous obtenez la capacit\u00e9 de superviser sans effort l&rsquo;efficacit\u00e9 de votre contenu m\u00e9diatique dans diverses plateformes et appareils, vous permettant ainsi de prendre des d\u00e9cisions \u00e9clair\u00e9es visant \u00e0 optimiser votre strat\u00e9gie m\u00e9diatique. Que vous soyez un blogueur, un marketing ou un propri\u00e9taire d&rsquo;entreprise, il est imp\u00e9ratif que vous vous \u00e9quivaliez \u00e0 l&rsquo;addon de m\u00e9dias MonsterInsintights afin d&rsquo;\u00e9lever vos efforts m\u00e9diatiques \u00e0 des hauteurs sans pr\u00e9c\u00e9dent.<\/p>\n<ul>\n<li>S&rsquo;int\u00e8gre de mani\u00e8re transparente aux MonsterInsights pour fournir des capacit\u00e9s de suivi des m\u00e9dias avanc\u00e9es pour votre site Web<\/li>\n<li>Suivi avec pr\u00e9cision l&rsquo;engagement des utilisateurs avec votre contenu m\u00e9diatique, y compris les vues, les lectures, les pauses et les ach\u00e8vements<\/li>\n<li>Fournit un aper\u00e7u de quel contenu m\u00e9diatique r\u00e9sonne avec votre public et conduit les conversions<\/li>\n<li>Vous permet de configurer des \u00e9v\u00e9nements et des objectifs personnalis\u00e9s en fonction des interactions m\u00e9diatiques pour optimiser davantage les performances de votre site Web<\/li>\n<li>Fonctionne avec tous les joueurs de m\u00e9dias populaires, y compris les lecteurs vid\u00e9o \/ vid\u00e9o \/ audio HTML5, Vimeo et HTML5<\/li>\n<li>Facile \u00e0 installer et \u00e0 configurer avec un guide \u00e9tape par \u00e9tape et une interface utilisateur intuitive<\/li>\n<li>Compatible avec WordPress et toute plate-forme compatible WordPress<\/li>\n<li>Offre un support premium et des mises \u00e0 jour r\u00e9guli\u00e8res pour assurer la meilleure exp\u00e9rience de suivi des m\u00e9dias possible.<\/li>\n<\/ul>\n","protected":false},"excerpt":{"rendered":"<p>Le MonsterInsights Media Addon, un outil robuste et efficace, a \u00e9t\u00e9 sp\u00e9cifiquement d\u00e9velopp\u00e9 pour vous aider \u00e0 surveiller et \u00e0 garder une trace de vos fichiers multim\u00e9dias sur votre site Web WordPress. En incorporant cet addon dans votre site, vous pourrez \u00eatre minutieusement examin\u00e9 et analyser l&rsquo;interaction utilisateur avec votre audio, vid\u00e9o et autres fichiers gr\u00e2ce \u00e0 l&rsquo;utilisation de Google Analytics. De plus, cet addon remarquable s&rsquo;int\u00e8gre de mani\u00e8re transparente aux MonsterInsights, vous accordant un acc\u00e8s \u00e0 des rapports complets et d\u00e9taill\u00e9s qui fournissent un aper\u00e7u pr\u00e9cieux des performances de vos fichiers multim\u00e9dias. En mettant en \u0153uvre cet addon, vous aurez la possibilit\u00e9 d&rsquo;optimiser votre strat\u00e9gie m\u00e9diatique, de favoriser un plus grand engagement et de renforcer finalement l&rsquo;afflux de trafic vers votre site Web. Pascez pas de temps et acqu\u00e9rir l&rsquo;addon de m\u00e9dias MonsteriNsights en ce moment m\u00eame pour r\u00e9volutionner et intensifier vos efforts de suivi des m\u00e9dias!<\/p>\n","protected":false},"featured_media":144581,"comment_status":"open","ping_status":"open","template":"","meta":[],"product_brand":[2595],"product_cat":[1207,1181,1186],"product_tag":[1305],"class_list":{"0":"post-125238","1":"product","2":"type-product","3":"status-publish","4":"has-post-thumbnail","6":"product_brand-monsterinsights","7":"product_cat-commercialisation-wordpress-plugins","8":"product_cat-plugins","9":"product_cat-wordpress-plugins","10":"product_tag-monsterinsights","11":"member-discount","12":"discount-restricted","14":"first","15":"instock","16":"sale","17":"downloadable","18":"virtual","19":"sold-individually","20":"purchasable","21":"product-type-simple"},"_links":{"self":[{"href":"https:\/\/gpl-love.com\/fr\/wp-json\/wp\/v2\/product\/125238","targetHints":{"allow":["GET"]}}],"collection":[{"href":"https:\/\/gpl-love.com\/fr\/wp-json\/wp\/v2\/product"}],"about":[{"href":"https:\/\/gpl-love.com\/fr\/wp-json\/wp\/v2\/types\/product"}],"replies":[{"embeddable":true,"href":"https:\/\/gpl-love.com\/fr\/wp-json\/wp\/v2\/comments?post=125238"}],"wp:featuredmedia":[{"embeddable":true,"href":"https:\/\/gpl-love.com\/fr\/wp-json\/wp\/v2\/media\/144581"}],"wp:attachment":[{"href":"https:\/\/gpl-love.com\/fr\/wp-json\/wp\/v2\/media?parent=125238"}],"wp:term":[{"taxonomy":"product_brand","embeddable":true,"href":"https:\/\/gpl-love.com\/fr\/wp-json\/wp\/v2\/product_brand?post=125238"},{"taxonomy":"product_cat","embeddable":true,"href":"https:\/\/gpl-love.com\/fr\/wp-json\/wp\/v2\/product_cat?post=125238"},{"taxonomy":"product_tag","embeddable":true,"href":"https:\/\/gpl-love.com\/fr\/wp-json\/wp\/v2\/product_tag?post=125238"}],"curies":[{"name":"wp","href":"https:\/\/api.w.org\/{rel}","templated":true}]}}