{"id":124991,"date":"2023-10-09T00:00:00","date_gmt":"2023-10-08T22:00:00","guid":{"rendered":"https:\/\/gpl-love.com\/fr\/produit\/post-views-pour-amp\/"},"modified":"2026-04-10T18:36:46","modified_gmt":"2026-04-10T16:36:46","slug":"post-views-pour-amp","status":"publish","type":"product","link":"https:\/\/gpl-love.com\/fr\/produit\/post-views-pour-amp\/","title":{"rendered":"Post Views pour AMP 1.0.6"},"content":{"rendered":"<h3>Post Views pour AMP Traits<\/h3>\n<p>Les vues de publication pour l&rsquo;outil AMP sert de solution incroyablement robuste et efficace pour les propri\u00e9taires de sites Web, ce qui leur permet de garder efficacement les onglets sur le nombre de vues recueillies par leurs pages AMP. B\u00e9n\u00e9ficiant d&rsquo;une interface remarquablement conviviale, ce plugin facilite la surveillance transparente des pages vues, offrant ainsi aux utilisateurs la possibilit\u00e9 d&rsquo;analyser m\u00e9ticuleusement dans quelle mesure leur contenu r\u00e9sonne avec le public. Invariablement, le plugin a \u00e9t\u00e9 m\u00e9ticuleusement con\u00e7u de mani\u00e8re \u00e0 s&rsquo;int\u00e9grer de mani\u00e8re transparente \u00e0 la technologie des pages mobiles acc\u00e9l\u00e9r\u00e9es (AMP), se manifestant finalement dans des pages qui se chargent rapidement et, en fin de compte, doter les utilisateurs d&rsquo;une exp\u00e9rience de navigation vraiment exceptionnelle. En utilisant des opinions de publication pour AMP, les propri\u00e9taires de sites Web ont ainsi des moyens sans effort par lesquels ils peuvent suivre sans effort les performances de leurs pages les plus populaires, identifier efficacement tous les domaines qui ont besoin d&rsquo;am\u00e9lioration et adapter de mani\u00e8re optimale leur contenu afin de p\u00e9n\u00e9trer un encore plus large d\u00e9mographique. Par cons\u00e9quent, que l&rsquo;on se trouve \u00eatre un blogueur, un marketing ou un propri\u00e9taire d&rsquo;entreprise, la conclusion ind\u00e9niable demeure que ce plugin sert d&rsquo;outil indispensable, qui est tout \u00e0 fait indispensable \u00e0 toute personne d\u00e9termin\u00e9e \u00e0 am\u00e9liorer les performances globales de son site Web et \u00e0 renforcer sa visibilit\u00e9 en ligne .<\/p>\n<ul>\n<li>Fournit des donn\u00e9es pr\u00e9cises sur le nombre de visites \u00e0 vos pages AMP<\/li>\n<li>Vous permet de suivre la popularit\u00e9 des articles individuels<\/li>\n<li>Informe votre strat\u00e9gie en vous montrant quels sujets sont les plus engageants<\/li>\n<li>Vous aide \u00e0 optimiser votre contenu pour de meilleures performances<\/li>\n<li>Fonctionne de mani\u00e8re transparente avec Google Analytics<\/li>\n<li>Facile \u00e0 installer et \u00e0 utiliser<\/li>\n<li>Param\u00e8tres personnalisables pour r\u00e9pondre \u00e0 vos besoins<\/li>\n<li>Compatible avec une vari\u00e9t\u00e9 de plugins et de th\u00e8mes d&rsquo;ampli<\/li>\n<\/ul>\n","protected":false},"excerpt":{"rendered":"<p>Les vues de publication pour AMP sont un plugin exceptionnel m\u00e9ticuleusement con\u00e7u pour surveiller et pr\u00e9senter efficacement la pl\u00e9thore de vues recueillies par vos pages AMP. En utilisant cet outil ing\u00e9nieux, vous \u00eates accord\u00e9 \u00e0 la capacit\u00e9 in\u00e9gal\u00e9e de discerner sans effort les publications et les pages qui ont r\u00e9ussi \u00e0 captiver les masses, vous permettant ainsi d&rsquo;adapter astucieusement votre strat\u00e9gie de contenu pour r\u00e9pondre aux demandes de la flamb\u00e9e de votre lecture passionn\u00e9e. De plus, l&rsquo;\u00e9clat de ce plugin remarquable r\u00e9side dans son int\u00e9gration transparente avec l&rsquo;omnipr\u00e9sent Google Analytics, augmentant ainsi votre capacit\u00e9 \u00e0 glaner des informations \u00e9labor\u00e9es et compl\u00e8tes sur les nuances complexes du trafic de votre site Web. Que vous vous identifiiez en tant que blogueur chevronn\u00e9, un marketing astucieux ou un cr\u00e9ateur de contenu imaginatif, il est v\u00e9ritablement ind\u00e9niable que les vues de publication pour AMP sert de ressource indispensable, facilitant infailliblement l&rsquo;optimisation de votre site Web et l&rsquo;am\u00e9lioration exponentielle de votre pr\u00e9sence virtuelle.<\/p>\n","protected":false},"featured_media":145002,"comment_status":"open","ping_status":"open","template":"","meta":[],"product_brand":[2447],"product_cat":[1189,1181,1186],"product_tag":[2279],"class_list":{"0":"post-124991","1":"product","2":"type-product","3":"status-publish","4":"has-post-thumbnail","6":"product_brand-amp-wp","7":"product_cat-personnalisation","8":"product_cat-plugins","9":"product_cat-wordpress-plugins","10":"product_tag-amp-wp","11":"member-discount","12":"discount-restricted","14":"first","15":"instock","16":"sale","17":"downloadable","18":"virtual","19":"sold-individually","20":"purchasable","21":"product-type-simple"},"_links":{"self":[{"href":"https:\/\/gpl-love.com\/fr\/wp-json\/wp\/v2\/product\/124991","targetHints":{"allow":["GET"]}}],"collection":[{"href":"https:\/\/gpl-love.com\/fr\/wp-json\/wp\/v2\/product"}],"about":[{"href":"https:\/\/gpl-love.com\/fr\/wp-json\/wp\/v2\/types\/product"}],"replies":[{"embeddable":true,"href":"https:\/\/gpl-love.com\/fr\/wp-json\/wp\/v2\/comments?post=124991"}],"wp:featuredmedia":[{"embeddable":true,"href":"https:\/\/gpl-love.com\/fr\/wp-json\/wp\/v2\/media\/145002"}],"wp:attachment":[{"href":"https:\/\/gpl-love.com\/fr\/wp-json\/wp\/v2\/media?parent=124991"}],"wp:term":[{"taxonomy":"product_brand","embeddable":true,"href":"https:\/\/gpl-love.com\/fr\/wp-json\/wp\/v2\/product_brand?post=124991"},{"taxonomy":"product_cat","embeddable":true,"href":"https:\/\/gpl-love.com\/fr\/wp-json\/wp\/v2\/product_cat?post=124991"},{"taxonomy":"product_tag","embeddable":true,"href":"https:\/\/gpl-love.com\/fr\/wp-json\/wp\/v2\/product_tag?post=124991"}],"curies":[{"name":"wp","href":"https:\/\/api.w.org\/{rel}","templated":true}]}}