{"id":124989,"date":"2025-11-10T00:00:00","date_gmt":"2025-11-09T23:00:00","guid":{"rendered":"https:\/\/gpl-love.com\/fr\/produit\/learnpress-assignment-addon\/"},"modified":"2026-03-20T23:22:06","modified_gmt":"2026-03-20T22:22:06","slug":"learnpress-assignment-addon","status":"publish","type":"product","link":"https:\/\/gpl-love.com\/fr\/produit\/learnpress-assignment-addon\/","title":{"rendered":"LearnPress Assignment Addon 4.1.9"},"content":{"rendered":"<h3>LearnPress Assignment Addon Traits<\/h3>\n<p>L&rsquo;addition de mission LearnPress est un outil tr\u00e8s robuste et avanc\u00e9 qui a \u00e9t\u00e9 m\u00e9ticuleusement con\u00e7u pour aider les \u00e9ducateurs et les formateurs \u00e0 cr\u00e9er et \u00e0 g\u00e9rer efficacement les affectations efficacement. Cet addon extraordinaire, qui s&rsquo;int\u00e8gre de mani\u00e8re transparente au plugin LearnPress remarquable, permet aux utilisateurs de g\u00e9n\u00e9rer et de g\u00e9rer syst\u00e9matiquement une large gamme de types d&rsquo;affectations, y compris, mais sans s&rsquo;y limiter, des essais, des pr\u00e9sentations, des quiz et une gamme d&rsquo;autres t\u00e2ches \u00e9ducatives. Au moyen de la remarquable addition de mission LearnPress, les utilisateurs ont la capacit\u00e9 remarquable de sp\u00e9cifier les d\u00e9lais pr\u00e9d\u00e9termin\u00e9s, d&rsquo;\u00e9tablir des crit\u00e8res de classement m\u00e9ticuleux et m\u00eame de s\u00e9lectionner parmi un assortiment d&rsquo;options de r\u00e9troaction, leur permettant ainsi de accorder \u00e0 leurs \u00e9tudiants des commentaires hautement personnalis\u00e9s et individuels. De plus, cet addon extraordinaire est non seulement \u00e9quip\u00e9 d&rsquo;une interface exceptionnellement intuitive et conviviale, mais il rationalise \u00e9galement consid\u00e9rablement le processus de cr\u00e9ation d&rsquo;arr\u00eat, permettant aux \u00e9ducateurs, quelle que soit leurs prouesses techniques, de g\u00e9n\u00e9rer et de g\u00e9rer sans effort sans effort. Que vous soyez un enseignant passionn\u00e9, un formateur qualifi\u00e9 ou m\u00eame un \u00e9tablissement d&rsquo;enseignement estim\u00e9, l&rsquo;addon de mission LearnPress \u00e9merge sans aucun doute comme un outil indispensable et vital, qui a le potentiel in\u00e9gal\u00e9 pour am\u00e9liorer et \u00e9lever votre exp\u00e9rience d&rsquo;enseignement globale et par cons\u00e9quent meubler Vos \u00e9l\u00e8ves avec un parcours d&rsquo;apprentissage extr\u00eamement enrichissant, captivant et revigorant profond\u00e9ment.<\/p>\n<ul>\n<li>Fournit une interface conviviale pour cr\u00e9er des affectations dans LearnPress<\/li>\n<li>Permet la cr\u00e9ation de plusieurs types de missions, y compris des quiz, des essais et des projets<\/li>\n<li>Fournit un syst\u00e8me de notation et permet de fournir des commentaires aux \u00e9tudiants<\/li>\n<li>Comprend des param\u00e8tres personnalisables, tels que le r\u00e9glage des dates d&rsquo;\u00e9ch\u00e9ance et des d\u00e9lais pour les affectations<\/li>\n<li>Interface glisser-d\u00e9poser intuitive pour l&rsquo;organisation et la gestion des affectations<\/li>\n<li>Compatible avec les constructeurs de pages populaires tels que Elementor et Beaver Builder<\/li>\n<li>Prend en charge plusieurs langues<\/li>\n<li>Mises \u00e0 jour r\u00e9guli\u00e8res et assistance fournies par le d\u00e9veloppeur.<\/li>\n<\/ul>\n","protected":false},"excerpt":{"rendered":"<p>L&rsquo;addition de mission LearnPress, un outil tr\u00e8s indispensable pour les \u00e9ducateurs et les formateurs qui cherchent \u00e0 am\u00e9liorer leurs offres de cours, sert de logiciel remarquable qui amplifie la fonctionnalit\u00e9 du syst\u00e8me de gestion de l&rsquo;apprentissage LearnPress gr\u00e2ce \u00e0 la fourniture d&rsquo;un syst\u00e8me de soumission et de gradation d&rsquo;affectation conviviale. Au moyen de l&rsquo;addon de mission LearnPress, les enseignants sont en mesure de g\u00e9n\u00e9rer, de distribuer et d&rsquo;\u00e9valuer une vaste gamme d&rsquo;affectations, de englober des essais \u00e9crits, des projets multim\u00e9dias et des quiz. Les \u00e9tudiants, \u00e0 leur tour, ont la possibilit\u00e9 de soumettre en toute s\u00e9curit\u00e9 leurs t\u00e2ches effectu\u00e9es et d&rsquo;obtenir des commentaires personnalis\u00e9s de leurs instructeurs. De plus, l&rsquo;addon pr\u00e9sente une interface simple et intuitive qui facilite la facilit\u00e9 d&rsquo;utilisation pour les instructeurs et les apprenants. Ne perdez pas de temps et acqu\u00e9rir l&rsquo;addon de mission LearnPress aujourd&rsquo;hui pour propulser vos cours \u00e0 de nouveaux sommets d&rsquo;excellence!<\/p>\n","protected":false},"featured_media":144352,"comment_status":"open","ping_status":"open","template":"","meta":[],"product_brand":[2582],"product_cat":[1189,1181,1186],"product_tag":[2190],"class_list":{"0":"post-124989","1":"product","2":"type-product","3":"status-publish","4":"has-post-thumbnail","6":"product_brand-learnpress","7":"product_cat-personnalisation","8":"product_cat-plugins","9":"product_cat-wordpress-plugins","10":"product_tag-learnpress","11":"member-discount","12":"discount-restricted","14":"first","15":"instock","16":"sale","17":"downloadable","18":"virtual","19":"sold-individually","20":"purchasable","21":"product-type-simple"},"_links":{"self":[{"href":"https:\/\/gpl-love.com\/fr\/wp-json\/wp\/v2\/product\/124989","targetHints":{"allow":["GET"]}}],"collection":[{"href":"https:\/\/gpl-love.com\/fr\/wp-json\/wp\/v2\/product"}],"about":[{"href":"https:\/\/gpl-love.com\/fr\/wp-json\/wp\/v2\/types\/product"}],"replies":[{"embeddable":true,"href":"https:\/\/gpl-love.com\/fr\/wp-json\/wp\/v2\/comments?post=124989"}],"wp:featuredmedia":[{"embeddable":true,"href":"https:\/\/gpl-love.com\/fr\/wp-json\/wp\/v2\/media\/144352"}],"wp:attachment":[{"href":"https:\/\/gpl-love.com\/fr\/wp-json\/wp\/v2\/media?parent=124989"}],"wp:term":[{"taxonomy":"product_brand","embeddable":true,"href":"https:\/\/gpl-love.com\/fr\/wp-json\/wp\/v2\/product_brand?post=124989"},{"taxonomy":"product_cat","embeddable":true,"href":"https:\/\/gpl-love.com\/fr\/wp-json\/wp\/v2\/product_cat?post=124989"},{"taxonomy":"product_tag","embeddable":true,"href":"https:\/\/gpl-love.com\/fr\/wp-json\/wp\/v2\/product_tag?post=124989"}],"curies":[{"name":"wp","href":"https:\/\/api.w.org\/{rel}","templated":true}]}}