{"id":124985,"date":"2025-11-06T00:00:00","date_gmt":"2025-11-05T23:00:00","guid":{"rendered":"https:\/\/gpl-love.com\/fr\/produit\/easy-digital-downloads-paypal-commerce-pro\/"},"modified":"2026-03-20T23:02:15","modified_gmt":"2026-03-20T22:02:15","slug":"easy-digital-downloads-paypal-commerce-pro","status":"publish","type":"product","link":"https:\/\/gpl-love.com\/fr\/produit\/easy-digital-downloads-paypal-commerce-pro\/","title":{"rendered":"Easy Digital Downloads PayPal Commerce Pro 1.0.4"},"content":{"rendered":"<h3>Easy Digital Downloads PayPal Commerce Pro Traits<\/h3>\n<p>T\u00e9l\u00e9chargements num\u00e9riques Easy Paypal Commerce Pro est une solution de commerce \u00e9lectronique tr\u00e8s exceptionnelle et de premier ordre qui est sp\u00e9cifiquement adapt\u00e9e aux entreprises qui cherchent \u00e0 rationaliser et \u00e0 optimiser leurs processus de paiement. Avec sa nature num\u00e9rique de pointe, ce produit exceptionnel propose une interface incroyablement conviviale qui s&rsquo;int\u00e8gre de mani\u00e8re transparente \u00e0 PayPal, facilitant et acc\u00e9l\u00e9rant ainsi les transactions de paiement d&rsquo;une mani\u00e8re plus efficace et pratique. De plus, cette solution remarquable est d\u00e9lib\u00e9r\u00e9ment con\u00e7ue pour r\u00e9pondre aux besoins uniques des produits num\u00e9riques, garantissant que les vendeurs peuvent g\u00e9rer sans effort et efficacement leur boutique en ligne ainsi que son large \u00e9ventail de produits, de ventes et de donn\u00e9es clients inestimables. Notamment, les t\u00e9l\u00e9chargements num\u00e9riques Easy Paypal Commerce Pro poss\u00e8dent une myriade de fonctionnalit\u00e9s impressionnantes et remarquables qui incluent, sans s&rsquo;y limiter Exigences et pr\u00e9f\u00e9rences commerciales diverses et diverses. Compte tenu de tous ces attributs remarquables, cette solution de commerce \u00e9lectronique in\u00e9gal\u00e9e est absolument id\u00e9ale et bien adapt\u00e9e aux entreprises visant \u00e0 offrir \u00e0 leurs clients estim\u00e9s une exp\u00e9rience d&rsquo;achat sans couture et sans pr\u00e9c\u00e9dent, tout en g\u00e9rant efficacement leur boutique en ligne sans toute forme de tracas ou de d\u00e9sagr\u00e9ment.<\/p>\n<ul>\n<li>Int\u00e9gration transparente avec PayPal pour des paiements en ligne faciles et s\u00e9curis\u00e9s<\/li>\n<li>Prend en charge plusieurs devises pour les transactions internationales<\/li>\n<li>Remboursements automatiques et remboursements partiels pour le service client sans tracas<\/li>\n<li>Prise en charge int\u00e9gr\u00e9e pour les paiements r\u00e9currents, les plans de versement et les pr\u00e9commandes<\/li>\n<li>Courriels de confirmation et de notification personnalisables de paiement<\/li>\n<li>Outils de protection contre la fraude pour garder votre entreprise en s\u00e9curit\u00e9<\/li>\n<li>Analyse des ventes d\u00e9taill\u00e9e et rapports pour surveiller les tendances et les id\u00e9es des ventes<\/li>\n<li>Configuration et configuration faciles avec interface conviviale<\/li>\n<li>Option pour ajouter des passerelles de paiement suppl\u00e9mentaires pour une plus grande flexibilit\u00e9<\/li>\n<li>Assistance professionnelle et documentation disponibles pour le d\u00e9pannage et l&rsquo;assistance.<\/li>\n<\/ul>\n","protected":false},"excerpt":{"rendered":"<p>T\u00e9l\u00e9chargements num\u00e9riques faciles Paypal Commerce Pro est un plugin tr\u00e8s fiable et robuste qui accorde aux utilisateurs la capacit\u00e9 transparente \u00e0 incorporer sans effort PayPal Commerce dans leurs produits num\u00e9riques. Ce plugin remarquable est particuli\u00e8rement adapt\u00e9 aux commer\u00e7ants qui cherchent \u00e0 rationaliser leur processus de paiement tout en fournissant simultan\u00e9ment \u00e0 leur client\u00e8le estim\u00e9 la plus grande s\u00e9curit\u00e9 en termes de transactions de paiement. En utilisant des t\u00e9l\u00e9chargements num\u00e9riques faciles Paypal Commerce Pro, vous pouvez superviser et g\u00e9rer sans effort vos listes de produits, surveiller et suivre efficacement les commandes de vos clients et rationaliser sans effort les transactions financi\u00e8res de votre site de commerce \u00e9lectronique. De plus, ce plugin remarquable propose \u00e9galement un package de documentation complet et un syst\u00e8me de support client in\u00e9branlable, ce qui en fait un choix sans effort pour quiconque aspire \u00e0 maximiser et \u00e0 optimiser ses efforts de vente en ligne.<\/p>\n","protected":false},"featured_media":143633,"comment_status":"open","ping_status":"open","template":"","meta":[],"product_brand":[2523],"product_cat":[1182,1401,1181],"product_tag":[1255],"class_list":{"0":"post-124985","1":"product","2":"type-product","3":"status-publish","4":"has-post-thumbnail","6":"product_brand-easy-digital-downloads","7":"product_cat-commerce-electronique-plugins","8":"product_cat-paiement-commerce-electronique-plugins","9":"product_cat-plugins","10":"product_tag-easy-digital-downloads","11":"member-discount","12":"discount-restricted","14":"first","15":"instock","16":"sale","17":"downloadable","18":"virtual","19":"sold-individually","20":"purchasable","21":"product-type-simple"},"_links":{"self":[{"href":"https:\/\/gpl-love.com\/fr\/wp-json\/wp\/v2\/product\/124985","targetHints":{"allow":["GET"]}}],"collection":[{"href":"https:\/\/gpl-love.com\/fr\/wp-json\/wp\/v2\/product"}],"about":[{"href":"https:\/\/gpl-love.com\/fr\/wp-json\/wp\/v2\/types\/product"}],"replies":[{"embeddable":true,"href":"https:\/\/gpl-love.com\/fr\/wp-json\/wp\/v2\/comments?post=124985"}],"wp:featuredmedia":[{"embeddable":true,"href":"https:\/\/gpl-love.com\/fr\/wp-json\/wp\/v2\/media\/143633"}],"wp:attachment":[{"href":"https:\/\/gpl-love.com\/fr\/wp-json\/wp\/v2\/media?parent=124985"}],"wp:term":[{"taxonomy":"product_brand","embeddable":true,"href":"https:\/\/gpl-love.com\/fr\/wp-json\/wp\/v2\/product_brand?post=124985"},{"taxonomy":"product_cat","embeddable":true,"href":"https:\/\/gpl-love.com\/fr\/wp-json\/wp\/v2\/product_cat?post=124985"},{"taxonomy":"product_tag","embeddable":true,"href":"https:\/\/gpl-love.com\/fr\/wp-json\/wp\/v2\/product_tag?post=124985"}],"curies":[{"name":"wp","href":"https:\/\/api.w.org\/{rel}","templated":true}]}}