{"id":124983,"date":"2025-12-28T00:00:00","date_gmt":"2025-12-27T23:00:00","guid":{"rendered":"https:\/\/gpl-love.com\/fr\/produit\/easy-digital-downloads-checkout-fields-manager\/"},"modified":"2026-03-20T23:01:51","modified_gmt":"2026-03-20T22:01:51","slug":"easy-digital-downloads-checkout-fields-manager","status":"publish","type":"product","link":"https:\/\/gpl-love.com\/fr\/produit\/easy-digital-downloads-checkout-fields-manager\/","title":{"rendered":"Easy Digital Downloads Checkout Fields Manager 2.3.0"},"content":{"rendered":"<h3>Easy Digital Downloads Checkout Fields Manager Traits<\/h3>\n<p>L&rsquo;Easy Digital Downloads Checkout Fields Manager est un outil incroyablement indispensable et inestimable qui est absolument n\u00e9cessaire pour les entreprises et les particuliers qui cherchent \u00e0 optimiser et \u00e0 rationaliser leur processus de paiement. Ce plugin exceptionnel vous accorde la capacit\u00e9 \u00e9tonnante \u00e0 adapter sans effort et sans couture de la page de paiement de telle mani\u00e8re qu&rsquo;elle englobe et embrasse les domaines qui sont non seulement pertinents mais aussi tr\u00e8s significatifs et pertinents pour vos besoins commerciaux sp\u00e9cifiques et uniques. Par cons\u00e9quent, cela implique que vous poss\u00e9dez la capacit\u00e9 ph\u00e9nom\u00e9nale d&rsquo;amasser et de recueillir toutes les informations obligatoires et requises de vos clients estim\u00e9s et de vos clients pr\u00e9cieux sans les soumettre ou les soumettre \u00e0 la t\u00e2che ardue et laborieuse de naviguer dans une multitude et une pl\u00e9thore de pages. De plus, ce plugin extraordinaire et exceptionnel poss\u00e8de une interface supr\u00eamement conviviale et intuitive qui est express\u00e9ment con\u00e7ue et cr\u00e9\u00e9e pour faciliter et acc\u00e9l\u00e9rer le processus de configuration et de gestion des champs. En outre, il est crucial de noter que ce plugin est \u00e9galement enti\u00e8rement compatible et interop\u00e9rable avec une gamme \u00e9tendue et diversifi\u00e9e de passerelles de paiement, ce qui en fait une s\u00e9lection v\u00e9ritable et optimale pour les entreprises de toutes tailles, quelle que soit leur port\u00e9e et leur ampleur. En tirant parti et en exploitant le potentiel et les capacit\u00e9s remarquables du gestionnaire de champs de paiement des t\u00e9l\u00e9chargements num\u00e9riques faciles, vous pouvez effectuer et promulguer un changement transformateur et r\u00e9volutionnaire dans le processus de paie .<\/p>\n<ul>\n<li>Personnaliser sans effort les champs de paiement pour votre magasin de t\u00e9l\u00e9chargements num\u00e9riques faciles<\/li>\n<li>Ajouter, supprimer ou modifier les champs en quelques clics seulement<\/li>\n<li>Optimiser le processus de paiement pour vos besoins commerciaux sp\u00e9cifiques<\/li>\n<li>Cr\u00e9er des champs personnalis\u00e9s pour collecter des informations suppl\u00e9mentaires sur les clients<\/li>\n<li>Int\u00e9grez aux passerelles de paiement populaires pour une exp\u00e9rience utilisateur transparent<\/li>\n<li>Augmenter les taux de conversion en rationalisant le processus de paiement<\/li>\n<li>Profitez de la conception enti\u00e8rement r\u00e9active pour un acc\u00e8s facile sur n&rsquo;importe quel appareil<\/li>\n<li>Afficher les donn\u00e9es en temps r\u00e9el sur l&rsquo;utilisation des champs de paiement et le comportement du client<\/li>\n<li>Acc\u00e9der \u00e0 la documentation et \u00e0 la prise en charge utiles pour maximiser les capacit\u00e9s du plugin<\/li>\n<li>Assurer la conformit\u00e9 aux r\u00e9glementations de confidentialit\u00e9 des donn\u00e9es en g\u00e9rant facilement les donn\u00e9es des clients.<\/li>\n<\/ul>\n","protected":false},"excerpt":{"rendered":"<p>D\u00e9couvrez un nouveau niveau de commodit\u00e9 avec notre gestionnaire de chances de t\u00e9l\u00e9chargements num\u00e9riques faciles. Cet outil est con\u00e7u pour vous fournir un processus de paiement transparent et efficace, rendant les transactions en ligne rapidement et faciles. Le gestionnaire de champs de paiement vous permettra de personnaliser vos champs de paiement en fonction des besoins de votre entreprise, en optimisant l&rsquo;exp\u00e9rience d&rsquo;achat de vos clients. Il prend en charge divers types de champs, y compris le texte, la s\u00e9lection, la case \u00e0 cocher et la date, offrant une flexibilit\u00e9 et une adaptabilit\u00e9. Avec son interface conviviale, la gestion et l&rsquo;organisation de vos champs de paiement devient un jeu d&rsquo;enfant. De plus, il est enti\u00e8rement compatible avec les t\u00e9l\u00e9chargements num\u00e9riques faciles, assurant une int\u00e9gration en douceur. Am\u00e9liorez votre processus de paiement, favorisez la satisfaction des clients et augmentez vos ventes avec notre gestionnaire de champs de t\u00e9l\u00e9chargements num\u00e9riques faciles.<\/p>\n","protected":false},"featured_media":143606,"comment_status":"open","ping_status":"open","template":"","meta":[],"product_brand":[2523],"product_cat":[1182,1223,1181],"product_tag":[1255],"class_list":{"0":"post-124983","1":"product","2":"type-product","3":"status-publish","4":"has-post-thumbnail","6":"product_brand-easy-digital-downloads","7":"product_cat-commerce-electronique-plugins","8":"product_cat-personnalisation-commerce-electronique-plugins","9":"product_cat-plugins","10":"product_tag-easy-digital-downloads","11":"member-discount","12":"discount-restricted","14":"first","15":"instock","16":"sale","17":"downloadable","18":"virtual","19":"sold-individually","20":"purchasable","21":"product-type-simple"},"_links":{"self":[{"href":"https:\/\/gpl-love.com\/fr\/wp-json\/wp\/v2\/product\/124983","targetHints":{"allow":["GET"]}}],"collection":[{"href":"https:\/\/gpl-love.com\/fr\/wp-json\/wp\/v2\/product"}],"about":[{"href":"https:\/\/gpl-love.com\/fr\/wp-json\/wp\/v2\/types\/product"}],"replies":[{"embeddable":true,"href":"https:\/\/gpl-love.com\/fr\/wp-json\/wp\/v2\/comments?post=124983"}],"wp:featuredmedia":[{"embeddable":true,"href":"https:\/\/gpl-love.com\/fr\/wp-json\/wp\/v2\/media\/143606"}],"wp:attachment":[{"href":"https:\/\/gpl-love.com\/fr\/wp-json\/wp\/v2\/media?parent=124983"}],"wp:term":[{"taxonomy":"product_brand","embeddable":true,"href":"https:\/\/gpl-love.com\/fr\/wp-json\/wp\/v2\/product_brand?post=124983"},{"taxonomy":"product_cat","embeddable":true,"href":"https:\/\/gpl-love.com\/fr\/wp-json\/wp\/v2\/product_cat?post=124983"},{"taxonomy":"product_tag","embeddable":true,"href":"https:\/\/gpl-love.com\/fr\/wp-json\/wp\/v2\/product_tag?post=124983"}],"curies":[{"name":"wp","href":"https:\/\/api.w.org\/{rel}","templated":true}]}}