{"id":124979,"date":"2025-11-06T00:00:00","date_gmt":"2025-11-05T23:00:00","guid":{"rendered":"https:\/\/gpl-love.com\/fr\/produit\/easy-digital-downloads-advanced-reports\/"},"modified":"2026-03-20T23:01:44","modified_gmt":"2026-03-20T22:01:44","slug":"easy-digital-downloads-advanced-reports","status":"publish","type":"product","link":"https:\/\/gpl-love.com\/fr\/produit\/easy-digital-downloads-advanced-reports\/","title":{"rendered":"Easy Digital Downloads Advanced Reports 1.0.4"},"content":{"rendered":"<h3>Easy Digital Downloads Advanced Reports Traits<\/h3>\n<p>T\u00e9l\u00e9chargements num\u00e9riques Easy Digital Reports est un outil d&rsquo;analyse tr\u00e8s sophistiqu\u00e9 et global qui a \u00e9t\u00e9 m\u00e9ticuleusement con\u00e7u pour offrir aux utilisateurs un niveau in\u00e9gal\u00e9 de renseignements complexes et approfondis sur leurs donn\u00e9es de vente num\u00e9rique. Ce plugin remarquable permet aux utilisateurs de surveiller et de examiner sans effort des mesures pivots, y compris, mais sans s&rsquo;y limiter, les revenus, les performances des produits et le comportement des clients, parmi une myriade d&rsquo;autres. L&rsquo;interface intuitivement con\u00e7ue facilite en outre la personnalisation transparente des rapports et des visualisations de donn\u00e9es, offrant ainsi aux utilisateurs l&rsquo;occasion unique d&rsquo;identifier rapidement les tendances \u00e9mergentes et de rendre par la suite des d\u00e9cisions bien inform\u00e9es. En tirant parti des capacit\u00e9s remarquables des t\u00e9l\u00e9chargements num\u00e9riques faciles de rapports avanc\u00e9s, les utilisateurs peuvent catapulter efficacement leurs entreprises de vente num\u00e9rique \u00e0 des hauteurs de succ\u00e8s sans pr\u00e9c\u00e9dent en exploitant astucieusement des informations pr\u00e9cieuses et en optimisant leurs strat\u00e9gies afin d&rsquo;atteindre des niveaux de rentabilit\u00e9 in\u00e9gal\u00e9s.<\/p>\n<ul>\n<li>Analyse compl\u00e8te des donn\u00e9es de vente<\/li>\n<li>Acc\u00e8s en temps r\u00e9el \u00e0 des mesures importantes<\/li>\n<li>Rapports personnalisables pour des informations sp\u00e9cifiques<\/li>\n<li>Planification et automatisation de la g\u00e9n\u00e9ration de rapports<\/li>\n<li>Capacit\u00e9s de forage pour afficher les donn\u00e9es par produit, client et plus<\/li>\n<li>Int\u00e9gration avec les passerelles et plates-formes de paiement populaires<\/li>\n<li>Donn\u00e9es exportables dans divers formats pour une analyse plus approfondie<\/li>\n<li>Tableau de bord convivial pour la repr\u00e9sentation visuelle des donn\u00e9es<\/li>\n<li>Vues et filtres personnalisables<\/li>\n<li>Excellent support client et documentation<\/li>\n<\/ul>\n","protected":false},"excerpt":{"rendered":"<p>D\u00e9couvrez la puissance des donn\u00e9es avec des t\u00e9l\u00e9chargements num\u00e9riques faciles de rapports avanc\u00e9s. Cet outil dynamique et convivial vous permet de g\u00e9n\u00e9rer des rapports complets pour suivre vos ventes num\u00e9riques et votre croissance commerciale. Avec ses fonctionnalit\u00e9s avanc\u00e9es, vous pouvez personnaliser sans effort les rapports, surveiller les tendances des ventes, identifier les produits les plus vendus et obtenir des informations approfondies sur le comportement de votre client. Que vous soyez un propri\u00e9taire de petite entreprise ou un entrepreneur chevronn\u00e9, les rapports avanc\u00e9s Easy Digital Downloads sont un ajout pr\u00e9cieux \u00e0 votre ensemble d&rsquo;outils num\u00e9riques. Il est \u00e9quip\u00e9 de mesures de s\u00e9curit\u00e9 robustes, garantissant que vos donn\u00e9es restent toujours prot\u00e9g\u00e9es. Avec cet outil, vous aurez non seulement acc\u00e8s \u00e0 des informations pr\u00e9cieuses, mais aussi \u00e0 la possibilit\u00e9 de prendre des d\u00e9cisions \u00e9clair\u00e9es qui stimulent le succ\u00e8s des entreprises. Exploitez la puissance des donn\u00e9es aujourd&rsquo;hui avec des t\u00e9l\u00e9chargements num\u00e9riques faciles de rapports avanc\u00e9s.<\/p>\n","protected":false},"featured_media":143598,"comment_status":"open","ping_status":"open","template":"","meta":[],"product_brand":[2523],"product_cat":[1183,1182,1181],"product_tag":[1255],"class_list":{"0":"post-124979","1":"product","2":"type-product","3":"status-publish","4":"has-post-thumbnail","6":"product_brand-easy-digital-downloads","7":"product_cat-administration","8":"product_cat-commerce-electronique-plugins","9":"product_cat-plugins","10":"product_tag-easy-digital-downloads","11":"member-discount","12":"discount-restricted","14":"first","15":"instock","16":"sale","17":"downloadable","18":"virtual","19":"sold-individually","20":"purchasable","21":"product-type-simple"},"_links":{"self":[{"href":"https:\/\/gpl-love.com\/fr\/wp-json\/wp\/v2\/product\/124979","targetHints":{"allow":["GET"]}}],"collection":[{"href":"https:\/\/gpl-love.com\/fr\/wp-json\/wp\/v2\/product"}],"about":[{"href":"https:\/\/gpl-love.com\/fr\/wp-json\/wp\/v2\/types\/product"}],"replies":[{"embeddable":true,"href":"https:\/\/gpl-love.com\/fr\/wp-json\/wp\/v2\/comments?post=124979"}],"wp:featuredmedia":[{"embeddable":true,"href":"https:\/\/gpl-love.com\/fr\/wp-json\/wp\/v2\/media\/143598"}],"wp:attachment":[{"href":"https:\/\/gpl-love.com\/fr\/wp-json\/wp\/v2\/media?parent=124979"}],"wp:term":[{"taxonomy":"product_brand","embeddable":true,"href":"https:\/\/gpl-love.com\/fr\/wp-json\/wp\/v2\/product_brand?post=124979"},{"taxonomy":"product_cat","embeddable":true,"href":"https:\/\/gpl-love.com\/fr\/wp-json\/wp\/v2\/product_cat?post=124979"},{"taxonomy":"product_tag","embeddable":true,"href":"https:\/\/gpl-love.com\/fr\/wp-json\/wp\/v2\/product_tag?post=124979"}],"curies":[{"name":"wp","href":"https:\/\/api.w.org\/{rel}","templated":true}]}}