{"id":124977,"date":"2023-01-17T00:00:00","date_gmt":"2023-01-16T23:00:00","guid":{"rendered":"https:\/\/gpl-love.com\/fr\/produit\/css-igniter-projektor\/"},"modified":"2026-03-20T22:59:59","modified_gmt":"2026-03-20T21:59:59","slug":"css-igniter-projektor","status":"publish","type":"product","link":"https:\/\/gpl-love.com\/fr\/produit\/css-igniter-projektor\/","title":{"rendered":"CSS Igniter Projektor 1.0.2"},"content":{"rendered":"<h3>CSS Igniter Projektor Traits<\/h3>\n<p>CSS Igniter Projektor est un th\u00e8me WordPress incroyablement robuste et polyvalent qui poss\u00e8de la capacit\u00e9 de fabriquer des sites Web visuellement captivants dans une multitude d&rsquo;industries. B\u00e9n\u00e9ficiant d&rsquo;un design \u00e9l\u00e9gant et contemporain, il offre sans effort une exp\u00e9rience utilisateur professionnelle et engageante pour tous les visiteurs. Dans ce th\u00e8me se trouve une vaste gamme d&rsquo;options personnalisables, allant des sch\u00e9mas de couleurs captivants aux polices exquises et aux param\u00e8tres de mise en page impeccablement fabriqu\u00e9s. Cela permet aux utilisateurs de forger un site Web vraiment unique qui refl\u00e8te impeccablement leur identit\u00e9 de marque. De plus, CSS Igniter Projektor pr\u00e9sente une r\u00e9activit\u00e9 compl\u00e8te et un engagement ind\u00e9fectible \u00e0 l&rsquo;optimisation des moteurs de recherche, garantissant que le site Web d\u00e9gagera constamment l&rsquo;excellence de tous les appareils et garantit une position de premier plan sur les pages de r\u00e9sultats des moteurs de recherche. De plus, naviguer et exploiter la puissance de CSS Igniter Projektor est une exp\u00e9rience transparente, car elle est accompagn\u00e9e d&rsquo;une documentation compl\u00e8tement compl\u00e8te et d&rsquo;un soutien in\u00e9branlable. Sans surprise, cette offre exceptionnelle a rapidement augment\u00e9 en popularit\u00e9 parmi les entreprises et les particuliers.<\/p>\n<ul>\n<li>Un th\u00e8me WordPress puissant et polyvalent pour cr\u00e9er de beaux sites Web modernes<\/li>\n<li>Conception enti\u00e8rement r\u00e9active pour une visualisation optimale sur le bureau, les tablettes et les appareils mobiles<\/li>\n<li>Des options de personnalisation \u00e9tendues, vous permettant de personnaliser votre site \u00e0 votre go\u00fbt<\/li>\n<li>Comprend des mod\u00e8les et des dispositions pr\u00e9-con\u00e7us pour une cr\u00e9ation de site facile<\/li>\n<li>Construit avec une exp\u00e9rience utilisateur \u00e0 l&rsquo;esprit, ce qui rend la navigation et la consommation de contenu intuitive pour les visiteurs<\/li>\n<li>Dispose d&rsquo;une conception propre et minimaliste, permettant \u00e0 votre contenu de prendre le devant de la sc\u00e8ne<\/li>\n<li>Construit sur une base solide de CSS et HTML5, garantissant des temps de chargement rapides et des performances optimales<\/li>\n<li>Compatible avec les plugins WordPress populaires pour des fonctionnalit\u00e9s et des fonctionnalit\u00e9s ajout\u00e9es<\/li>\n<li>SEO optimis\u00e9 pour un classement de moteur de recherche plus \u00e9lev\u00e9 et l&rsquo;augmentation du trafic vers votre site<\/li>\n<li>Mises \u00e0 jour r\u00e9guli\u00e8res et soutien de l&rsquo;\u00e9quipe CSS Igniter pour assurer une fonctionnalit\u00e9 et une compatibilit\u00e9 continues.<\/li>\n<\/ul>\n","protected":false},"excerpt":{"rendered":"<p>D\u00e9couvrez la puissance de la conception Web de premier ordre avec le projektor d&rsquo;allumage CSS. Cet outil puissant est parfait pour les d\u00e9veloppeurs Web, les concepteurs et tous ceux qui souhaitent cr\u00e9er un site Web attrayant et tr\u00e8s fonctionnel. Le Projektor est con\u00e7u avec CSS Igniter, une boutique de th\u00e8me WordPress premium connue pour ses th\u00e8mes robustes et \u00e9l\u00e9gants. Avec cet outil, vous pouvez allumer sans effort votre cr\u00e9ativit\u00e9 et donner vie \u00e0 vos id\u00e9es de conception Web.<\/p>\n<p>Le Projektor offre une vari\u00e9t\u00e9 de fonctionnalit\u00e9s impressionnantes. Il est \u00e9quip\u00e9 de widgets personnalis\u00e9s que vous pouvez adapter \u00e0 votre go\u00fbt, garantissant que votre site Web refl\u00e8te votre style personnel ou votre marque d&rsquo;entreprise. Il prend \u00e9galement en charge WooCommerce, vous permettant de transformer votre site Web en une plate-forme de commerce \u00e9lectronique enti\u00e8rement fonctionnelle. De plus, le Projektor a une conception r\u00e9active qui garantit que votre site Web sera incroyable sur n&rsquo;importe quel appareil, des ordinateurs de bureau aux smartphones.<\/p>\n<p>Le projektor CSS Igniter est \u00e9galement pr\u00eat \u00e0 la traduction. Il prend en charge une vari\u00e9t\u00e9 de langues, ce qui le rend id\u00e9al pour les entreprises qui cherchent \u00e0 atteindre un public mondial. C&rsquo;est du r\u00e9f\u00e9rencement<\/p>\n","protected":false},"featured_media":143483,"comment_status":"open","ping_status":"open","template":"","meta":[],"product_brand":[2499],"product_cat":[1516,1212,1213],"product_tag":[2187],"class_list":{"0":"post-124977","1":"product","2":"type-product","3":"status-publish","4":"has-post-thumbnail","6":"product_brand-css-igniter","7":"product_cat-entreprise","8":"product_cat-themes","9":"product_cat-wordpress-themes","10":"product_tag-css-igniter","11":"member-discount","12":"discount-restricted","14":"first","15":"instock","16":"sale","17":"downloadable","18":"virtual","19":"sold-individually","20":"purchasable","21":"product-type-simple"},"_links":{"self":[{"href":"https:\/\/gpl-love.com\/fr\/wp-json\/wp\/v2\/product\/124977","targetHints":{"allow":["GET"]}}],"collection":[{"href":"https:\/\/gpl-love.com\/fr\/wp-json\/wp\/v2\/product"}],"about":[{"href":"https:\/\/gpl-love.com\/fr\/wp-json\/wp\/v2\/types\/product"}],"replies":[{"embeddable":true,"href":"https:\/\/gpl-love.com\/fr\/wp-json\/wp\/v2\/comments?post=124977"}],"wp:featuredmedia":[{"embeddable":true,"href":"https:\/\/gpl-love.com\/fr\/wp-json\/wp\/v2\/media\/143483"}],"wp:attachment":[{"href":"https:\/\/gpl-love.com\/fr\/wp-json\/wp\/v2\/media?parent=124977"}],"wp:term":[{"taxonomy":"product_brand","embeddable":true,"href":"https:\/\/gpl-love.com\/fr\/wp-json\/wp\/v2\/product_brand?post=124977"},{"taxonomy":"product_cat","embeddable":true,"href":"https:\/\/gpl-love.com\/fr\/wp-json\/wp\/v2\/product_cat?post=124977"},{"taxonomy":"product_tag","embeddable":true,"href":"https:\/\/gpl-love.com\/fr\/wp-json\/wp\/v2\/product_tag?post=124977"}],"curies":[{"name":"wp","href":"https:\/\/api.w.org\/{rel}","templated":true}]}}