{"id":124975,"date":"2023-09-15T00:00:00","date_gmt":"2023-09-14T22:00:00","guid":{"rendered":"https:\/\/gpl-love.com\/fr\/produit\/css-igniter-prayer\/"},"modified":"2026-03-20T22:59:58","modified_gmt":"2026-03-20T21:59:58","slug":"css-igniter-prayer","status":"publish","type":"product","link":"https:\/\/gpl-love.com\/fr\/produit\/css-igniter-prayer\/","title":{"rendered":"CSS Igniter Prayer 1.1.1"},"content":{"rendered":"<h3>CSS Igniter Prayer Traits<\/h3>\n<p>La pri\u00e8re de l&rsquo;allumage CSS est un th\u00e8me WordPress exceptionnellement de haute qualit\u00e9 qui a \u00e9t\u00e9 m\u00e9ticuleusement con\u00e7u pour l&rsquo;utilisation par les \u00e9glises et les organisations religieuses. Sa conception est non seulement propre mais moderne, permettant un moyen incroyablement unique et enti\u00e8rement personnalisable par lequel pr\u00e9senter et exprimer vos croyances tout en favorisant simultan\u00e9ment une connexion plus profonde avec votre public. Notamment, ce th\u00e8me a \u00e9t\u00e9 optimis\u00e9 de mani\u00e8re experte pour \u00eatre pleinement r\u00e9actif, garantissant ainsi une exp\u00e9rience de navigation sans couture sans couture pour tous les visiteurs, quel que soit l&rsquo;appareil sp\u00e9cifique qu&rsquo;ils peuvent utiliser pour acc\u00e9der \u00e0 votre site Web. De plus, la pri\u00e8re de l&rsquo;allumage CSS poss\u00e8de un \u00e9ventail de caract\u00e9ristiques extr\u00eamement b\u00e9n\u00e9fiques, y compris, mais sans s&rsquo;y limiter, un panneau d&rsquo;administration impressionnant, une collection de widgets personnalis\u00e9s et une vari\u00e9t\u00e9 de mod\u00e8les de page distincts. Par cons\u00e9quent, en utilisant la pri\u00e8re de l&rsquo;allumage CSS, vous aurez l&rsquo;occasion inestimable de construire sans effort un site Web qui refl\u00e8te sans r\u00e9serve les principes fondamentaux de vos valeurs religieuses et communique fid\u00e8lement la mission plus large de votre organisation.<\/p>\n<ul>\n<li>Un th\u00e8me WordPress hautement personnalisable con\u00e7u pour les sites Web religieux et spirituels<\/li>\n<li>Propose une interface conviviale et une vari\u00e9t\u00e9 de conceptions et de dispositions pr\u00e9-faites<\/li>\n<li>Livr\u00e9 avec un formulaire de demande de pri\u00e8re pour permettre aux utilisateurs de soumettre leurs pri\u00e8res et leurs intentions<\/li>\n<li>Comprend l&rsquo;int\u00e9gration int\u00e9gr\u00e9e des m\u00e9dias sociaux pour un partage facile du contenu<\/li>\n<li>Offre une conception r\u00e9active pour une visualisation optimale sur n&rsquo;importe quel appareil<\/li>\n<li>Enti\u00e8rement compatible avec les plugins WordPress populaires tels que WooCommerce et Plugins de formulaire de contact<\/li>\n<li>Option pour ajouter des images et des couleurs d&rsquo;arri\u00e8re-plan personnalis\u00e9es pour cr\u00e9er une apparence et une sensation uniques pour votre site Web<\/li>\n<li>Comprend un panneau d&rsquo;options de th\u00e8me puissant pour une personnalisation facile de divers \u00e9l\u00e9ments, y compris les polices, les couleurs et la mise en page<\/li>\n<li>Donne acc\u00e8s \u00e0 un support expert pour toute question technique ou assistance pour la personnalisation<\/li>\n<li>Offre une importation de d\u00e9monstration en un clic pour une configuration rapide et facile de votre site Web.<\/li>\n<\/ul>\n","protected":false},"excerpt":{"rendered":"<p>La pri\u00e8re de l&rsquo;allumage CSS est un th\u00e8me unique et polyvalent con\u00e7u pour les communaut\u00e9s religieuses, les \u00e9glises et les organisations \u00e0 but non lucratif. Il est enti\u00e8rement personnalisable et r\u00e9actif, vous permet de cr\u00e9er une plate-forme conviviale qui a fi\u00e8re allure sur n&rsquo;importe quel appareil. Ce th\u00e8me propose un puissant syst\u00e8me de gestion des sermons, vous permettant de t\u00e9l\u00e9charger et d&rsquo;organiser les sermons de votre \u00e9glise d&rsquo;une mani\u00e8re accessible et attrayante. Il dispose \u00e9galement d&rsquo;un syst\u00e8me de gestion d&rsquo;\u00e9v\u00e9nements int\u00e9gr\u00e9, vous permettant de planifier et de promouvoir facilement les \u00e9v\u00e9nements \u00e0 venir. La pri\u00e8re de l&rsquo;allumage CSS est \u00e9galement compatible avec le plugin Give Donations, ce qui facilite la contribution et votre mission de votre congr\u00e9gation ou de votre communaut\u00e9. Gr\u00e2ce \u00e0 sa conception propre et \u00e0 sa interface intuitive, ce th\u00e8me rend sans effort pour cr\u00e9er un site Web qui refl\u00e8te vraiment l&rsquo;esprit et les valeurs de votre \u00e9glise ou de votre organisation.<\/p>\n","protected":false},"featured_media":143482,"comment_status":"open","ping_status":"open","template":"","meta":[],"product_brand":[2499],"product_cat":[1242,1212,1213],"product_tag":[2187],"class_list":{"0":"post-124975","1":"product","2":"type-product","3":"status-publish","4":"has-post-thumbnail","6":"product_brand-css-igniter","7":"product_cat-creatif","8":"product_cat-themes","9":"product_cat-wordpress-themes","10":"product_tag-css-igniter","11":"member-discount","12":"discount-restricted","14":"first","15":"instock","16":"sale","17":"downloadable","18":"virtual","19":"sold-individually","20":"purchasable","21":"product-type-simple"},"_links":{"self":[{"href":"https:\/\/gpl-love.com\/fr\/wp-json\/wp\/v2\/product\/124975","targetHints":{"allow":["GET"]}}],"collection":[{"href":"https:\/\/gpl-love.com\/fr\/wp-json\/wp\/v2\/product"}],"about":[{"href":"https:\/\/gpl-love.com\/fr\/wp-json\/wp\/v2\/types\/product"}],"replies":[{"embeddable":true,"href":"https:\/\/gpl-love.com\/fr\/wp-json\/wp\/v2\/comments?post=124975"}],"wp:featuredmedia":[{"embeddable":true,"href":"https:\/\/gpl-love.com\/fr\/wp-json\/wp\/v2\/media\/143482"}],"wp:attachment":[{"href":"https:\/\/gpl-love.com\/fr\/wp-json\/wp\/v2\/media?parent=124975"}],"wp:term":[{"taxonomy":"product_brand","embeddable":true,"href":"https:\/\/gpl-love.com\/fr\/wp-json\/wp\/v2\/product_brand?post=124975"},{"taxonomy":"product_cat","embeddable":true,"href":"https:\/\/gpl-love.com\/fr\/wp-json\/wp\/v2\/product_cat?post=124975"},{"taxonomy":"product_tag","embeddable":true,"href":"https:\/\/gpl-love.com\/fr\/wp-json\/wp\/v2\/product_tag?post=124975"}],"curies":[{"name":"wp","href":"https:\/\/api.w.org\/{rel}","templated":true}]}}