{"id":124973,"date":"2025-09-19T00:00:00","date_gmt":"2025-09-18T22:00:00","guid":{"rendered":"https:\/\/gpl-love.com\/fr\/produit\/css-igniter-oikia\/"},"modified":"2026-03-20T22:59:50","modified_gmt":"2026-03-20T21:59:50","slug":"css-igniter-oikia","status":"publish","type":"product","link":"https:\/\/gpl-love.com\/fr\/produit\/css-igniter-oikia\/","title":{"rendered":"CSS Igniter Oikia 1.0.6"},"content":{"rendered":"<h3>CSS Igniter Oikia Traits<\/h3>\n<p>CSS Igniter Oikia est un th\u00e8me WordPress tr\u00e8s polyvalent et exceptionnellement moderne qui est parfaitement adapt\u00e9 \u00e0 la cr\u00e9ation d&rsquo;une pr\u00e9sence en ligne formidable et de haute qualit\u00e9 pour les professionnels estim\u00e9s dans les domaines de la d\u00e9coration int\u00e9rieure, de l&rsquo;architecture ou des agences immobili\u00e8res. Embrassant une esth\u00e9tique vierge et contemporaine, Oikia accorde \u00e0 ses utilisateurs une interface transparente et sans effort navigable qui peut \u00eatre enti\u00e8rement personnalis\u00e9e pour s&rsquo;aligner harmonieusement avec l&rsquo;identit\u00e9 unique et distincte de votre marque. Offrant une multitude de mod\u00e8les de pages pr\u00e9-con\u00e7us, y compris, mais sans s&rsquo;y limiter, la page d&rsquo;accueil, \u00e0 propos de nous, des services, du portefeuille et des pages de contact, Oikia vous offre la flexibilit\u00e9 d&rsquo;adapter chaque section pour r\u00e9pondre \u00e0 vos exigences sp\u00e9cifiques et individuelles. En outre, l&rsquo;adaptabilit\u00e9 inn\u00e9e d&rsquo;Oikia garantit que votre site Web semblera visuellement captivant et fonctionnera impeccablement \u00e0 travers une gamme diversifi\u00e9e d&rsquo;appareils, englobant des ordinateurs de bureau, des ordinateurs portables, des tablettes et des smartphones, maximisant ainsi votre port\u00e9e et votre impact potentiels. En tant qu&rsquo;avantage suppl\u00e9mentaire, ce th\u00e8me remarquable a \u00e9t\u00e9 m\u00e9ticuleusement optimis\u00e9 pour les moteurs de recherche, assurant ainsi que vos clients potentiels peuvent localiser et interagir sans effort avec votre site Web. En r\u00e9sum\u00e9, l&rsquo;allumage de CSS Oikia est incontestablement un choix exemplaire pour tout individu exigeant cherchant \u00e0 construire un site Web superlatif et poli con\u00e7u par leur design d&rsquo;int\u00e9rieur, leur architecture ou leur biens immobiliers.<\/p>\n<ul>\n<li>Un th\u00e8me WordPress premium con\u00e7u pour les sites Web immobiliers<\/li>\n<li>\u00c9quip\u00e9 d&rsquo;une page d&rsquo;accueil personnalisable, de mod\u00e8les de pages et d&rsquo;un syst\u00e8me de gestion immobili\u00e8re<\/li>\n<li>Propose une conception adapt\u00e9e aux mobiles et toutes les fonctionnalit\u00e9s n\u00e9cessaires pour la liste et la pr\u00e9sentation des propri\u00e9t\u00e9s<\/li>\n<li>Livr\u00e9 avec la fonction d&rsquo;installation de contenu de d\u00e9monstration en un clic de CSS Igniter pour une configuration facile<\/li>\n<li>Prise en charge d&rsquo;une \u00e9quipe de support d\u00e9di\u00e9e et r\u00e9guli\u00e8rement mise \u00e0 jour avec de nouvelles fonctionnalit\u00e9s et am\u00e9liorations<\/li>\n<li>Fournit des options pour la marque et la personnalisation de style et prend en charge divers plugins tels que IDX et le formulaire de contact &#8211;<\/li>\n<li>Compatible avec Gutenberg, l&rsquo;\u00e9diteur de blocs WordPress, pour la cr\u00e9ation et la gestion faciles de contenu.<\/li>\n<li>Offre une optimisation SEO int\u00e9gr\u00e9e, des int\u00e9grations de partage social et un support multilingue pour une port\u00e9e d&rsquo;audience plus large.<\/li>\n<\/ul>\n","protected":false},"excerpt":{"rendered":"<p>D\u00e9couvrez le pouvoir d&rsquo;un th\u00e8me immobilier WordPress haut de gamme avec CSS Igniter Oikia. Ce th\u00e8me dynamique et convivial est con\u00e7u pour \u00e9lever votre entreprise immobili\u00e8re \u00e0 de nouveaux sommets. Construit avec une disposition r\u00e9active, Oikia garantit que votre site Web est magnifique sur tous les appareils. Il est livr\u00e9 avec des filtres de recherche avanc\u00e9s permettant \u00e0 vos clients potentiels de trouver exactement ce qu&rsquo;ils recherchent facilement. Avec le g\u00e9n\u00e9rateur de page d&rsquo;accueil glisser-d\u00e9poser, vous pouvez personnaliser votre site Web pour correspondre \u00e0 votre marque. La conception de SEO-friendly d&rsquo;Oikia aide votre site Web plus haut sur les moteurs de recherche, augmentant votre visibilit\u00e9 en ligne. Le th\u00e8me est \u00e9galement pr\u00eat pour la traduction, garantissant que la langue n&rsquo;est jamais un obstacle \u00e0 la croissance de votre entreprise. Avec des mises \u00e0 jour en cours et un soutien d\u00e9di\u00e9, CSS Igniter Oikia est un choix fiable pour tout site Web immobilier.<\/p>\n","protected":false},"featured_media":143473,"comment_status":"open","ping_status":"open","template":"","meta":[],"product_brand":[2499],"product_cat":[1242,1212,1213],"product_tag":[2187],"class_list":{"0":"post-124973","1":"product","2":"type-product","3":"status-publish","4":"has-post-thumbnail","6":"product_brand-css-igniter","7":"product_cat-creatif","8":"product_cat-themes","9":"product_cat-wordpress-themes","10":"product_tag-css-igniter","11":"member-discount","12":"discount-restricted","14":"first","15":"instock","16":"sale","17":"downloadable","18":"virtual","19":"sold-individually","20":"purchasable","21":"product-type-simple"},"_links":{"self":[{"href":"https:\/\/gpl-love.com\/fr\/wp-json\/wp\/v2\/product\/124973","targetHints":{"allow":["GET"]}}],"collection":[{"href":"https:\/\/gpl-love.com\/fr\/wp-json\/wp\/v2\/product"}],"about":[{"href":"https:\/\/gpl-love.com\/fr\/wp-json\/wp\/v2\/types\/product"}],"replies":[{"embeddable":true,"href":"https:\/\/gpl-love.com\/fr\/wp-json\/wp\/v2\/comments?post=124973"}],"wp:featuredmedia":[{"embeddable":true,"href":"https:\/\/gpl-love.com\/fr\/wp-json\/wp\/v2\/media\/143473"}],"wp:attachment":[{"href":"https:\/\/gpl-love.com\/fr\/wp-json\/wp\/v2\/media?parent=124973"}],"wp:term":[{"taxonomy":"product_brand","embeddable":true,"href":"https:\/\/gpl-love.com\/fr\/wp-json\/wp\/v2\/product_brand?post=124973"},{"taxonomy":"product_cat","embeddable":true,"href":"https:\/\/gpl-love.com\/fr\/wp-json\/wp\/v2\/product_cat?post=124973"},{"taxonomy":"product_tag","embeddable":true,"href":"https:\/\/gpl-love.com\/fr\/wp-json\/wp\/v2\/product_tag?post=124973"}],"curies":[{"name":"wp","href":"https:\/\/api.w.org\/{rel}","templated":true}]}}