{"id":124967,"date":"2024-08-31T00:00:00","date_gmt":"2024-08-30T22:00:00","guid":{"rendered":"https:\/\/gpl-love.com\/fr\/produit\/wpforms-aweber\/"},"modified":"2026-03-20T23:51:20","modified_gmt":"2026-03-20T22:51:20","slug":"wpforms-aweber","status":"publish","type":"product","link":"https:\/\/gpl-love.com\/fr\/produit\/wpforms-aweber\/","title":{"rendered":"WPForms Aweber 2.1.0"},"content":{"rendered":"<h3>WPForms Aweber Traits<\/h3>\n<p>L&rsquo;int\u00e9gration Aweber WPFORMS est un outil incroyablement robuste qui facilite la connexion transparente entre votre plugin WPFORMS et votre compte Aweber. En tant que l&rsquo;un des plugins de g\u00e9n\u00e9rateur de formulaires les plus utilis\u00e9s pour WordPress, WPFORMS a acquis une grande r\u00e9putation, tandis qu&rsquo;Aweber s&rsquo;est impos\u00e9 comme un fournisseur de services de marketing par e-mail de premier plan. En utilisant cette int\u00e9gration, vous avez la possibilit\u00e9 de rassembler sans effort les abonn\u00e9s via vos WPForms et de les faire ajouter automatiquement \u00e0 vos campagnes de marketing par e-mail Aweber. De plus, l&rsquo;int\u00e9gration AWEBER WPFORMS vous permet de segmenter vos abonn\u00e9s, vous permettant d&rsquo;envoyer des e-mails cibl\u00e9s qui s&rsquo;alignent avec leurs int\u00e9r\u00eats et comportements sp\u00e9cifiques. Par cons\u00e9quent, cette int\u00e9gration sert de moyen d&rsquo;\u00e9conomiser votre temps et votre \u00e9nergie pr\u00e9cieux en automatisant le processus par ailleurs laborieux de gestion de votre liste de diffusion, vous lib\u00e9rant ainsi de concentrer votre attention sur la fabrication de contenu captivant et la propulsion de la croissance de votre entreprise.<\/p>\n<ul>\n<li>Int\u00e9gration entre WPForms et Aweber<\/li>\n<li>Connectez facilement vos formulaires WPForms avec le marketing par e-mail Aweber<\/li>\n<li>Processus rationalis\u00e9 pour capturer les prospects et construire votre liste de diffusion<\/li>\n<li>Personnaliser les options d&rsquo;abonnement par e-mail pour vos visiteurs<\/li>\n<li>Automatisez vos e-mails et campagnes de suivi avec les fonctionnalit\u00e9s puissantes d&rsquo;Aweber<\/li>\n<li>Surveillez et analysez vos campagnes avec les outils de reporting et d&rsquo;analyse d&rsquo;Aweber<\/li>\n<li>G\u00e9rez sans effort vos abonn\u00e9s et listes par e-mail via l&rsquo;interface WPFORMS<\/li>\n<li>Processus de configuration simple et intuitif, aucun codage ou savoir-faire technique requis<\/li>\n<li>Support client amical et r\u00e9actif de WPForms et Aweber<\/li>\n<li>Am\u00e9liorez la fonctionnalit\u00e9 de votre site Web et les efforts de marketing avec WPFORMS AWEBER INTERGATION<\/li>\n<\/ul>\n","protected":false},"excerpt":{"rendered":"<p>The WPForms Aweber integration is an incredibly user-friendly tool that effortlessly establishes a connection between WPForms, which is widely recognized as the go-to WordPress form plugin, and Aweber, an esteemed email marketing software that has cemented its position as a leader in the industrie. En tirant parti de ce syst\u00e8me int\u00e9gr\u00e9 de mani\u00e8re transparente, les utilisateurs sont autoris\u00e9s \u00e0 incorporer sans effort de nouvelles prospects dans leur liste de diffusion Aweber directement \u00e0 partir de leurs formulaires de contact WPFORMS, \u00e9liminant efficacement les tracas ou les inconv\u00e9nients inutiles. De plus, cette int\u00e9gration poss\u00e8de la capacit\u00e9 remarquable d&rsquo;automatiser une pl\u00e9thore de t\u00e2ches essentielles, y compris, mais sans s&rsquo;y limiter, la distribution des newsletters, la d\u00e9p\u00eache des e-mails de suivi et l&rsquo;ex\u00e9cution de campagnes de d\u00e9veloppement de plomb tr\u00e8s efficaces. Par cons\u00e9quent, ces fonctionnalit\u00e9s inestimables en font un atout inestimable pour les petites entreprises et les sp\u00e9cialistes du marketing, car il rationalise efficacement leurs efforts de marketing par e-mail ardu tout en propulsant simultan\u00e9ment leurs taux de conversion en hauteurs sans pr\u00e9c\u00e9dent.<\/p>\n","protected":false},"featured_media":146252,"comment_status":"open","ping_status":"open","template":"","meta":[],"product_brand":[2724],"product_cat":[1207,1181,1186],"product_tag":[1415],"class_list":{"0":"post-124967","1":"product","2":"type-product","3":"status-publish","4":"has-post-thumbnail","6":"product_brand-wp-forms","7":"product_cat-commercialisation-wordpress-plugins","8":"product_cat-plugins","9":"product_cat-wordpress-plugins","10":"product_tag-wp-forms","11":"member-discount","12":"discount-restricted","14":"first","15":"instock","16":"sale","17":"downloadable","18":"virtual","19":"sold-individually","20":"purchasable","21":"product-type-simple"},"_links":{"self":[{"href":"https:\/\/gpl-love.com\/fr\/wp-json\/wp\/v2\/product\/124967","targetHints":{"allow":["GET"]}}],"collection":[{"href":"https:\/\/gpl-love.com\/fr\/wp-json\/wp\/v2\/product"}],"about":[{"href":"https:\/\/gpl-love.com\/fr\/wp-json\/wp\/v2\/types\/product"}],"replies":[{"embeddable":true,"href":"https:\/\/gpl-love.com\/fr\/wp-json\/wp\/v2\/comments?post=124967"}],"wp:featuredmedia":[{"embeddable":true,"href":"https:\/\/gpl-love.com\/fr\/wp-json\/wp\/v2\/media\/146252"}],"wp:attachment":[{"href":"https:\/\/gpl-love.com\/fr\/wp-json\/wp\/v2\/media?parent=124967"}],"wp:term":[{"taxonomy":"product_brand","embeddable":true,"href":"https:\/\/gpl-love.com\/fr\/wp-json\/wp\/v2\/product_brand?post=124967"},{"taxonomy":"product_cat","embeddable":true,"href":"https:\/\/gpl-love.com\/fr\/wp-json\/wp\/v2\/product_cat?post=124967"},{"taxonomy":"product_tag","embeddable":true,"href":"https:\/\/gpl-love.com\/fr\/wp-json\/wp\/v2\/product_tag?post=124967"}],"curies":[{"name":"wp","href":"https:\/\/api.w.org\/{rel}","templated":true}]}}