{"id":124963,"date":"2025-08-31T00:00:00","date_gmt":"2025-08-30T22:00:00","guid":{"rendered":"https:\/\/gpl-love.com\/fr\/produit\/wpforms-sendinblue\/"},"modified":"2026-03-20T23:51:37","modified_gmt":"2026-03-20T22:51:37","slug":"wpforms-sendinblue","status":"publish","type":"product","link":"https:\/\/gpl-love.com\/fr\/produit\/wpforms-sendinblue\/","title":{"rendered":"WPForms Sendinblue 1.5.0"},"content":{"rendered":"<h3>WPForms Sendinblue Traits<\/h3>\n<p>WPForms SendinBlue est un outil incroyablement robuste et tr\u00e8s efficace qui offre une aide \u00e9norme aux entreprises de leur effort pour rationaliser et optimiser leurs efforts de g\u00e9n\u00e9ration de leads et de marketing par e-mail. Ce plugin remarquable a \u00e9t\u00e9 m\u00e9ticuleusement con\u00e7u pour s&rsquo;int\u00e9grer de mani\u00e8re transparente \u00e0 la plate-forme de marketing par e-mail extr\u00eamement populaire, SendinBlue. Par cons\u00e9quent, les utilisateurs sont autoris\u00e9s \u00e0 g\u00e9n\u00e9rer et \u00e0 int\u00e9grer sans effort des formulaires de contact personnalis\u00e9s ainsi que des enqu\u00eates, directement dans leurs sites Web respectifs. L&rsquo;une des caract\u00e9ristiques les plus notables de cet outil exceptionnel est son constructeur avanc\u00e9 de formulaire de glisser-d\u00e9poser, qui a \u00e9t\u00e9 ing\u00e9nieusement con\u00e7u pour faciliter la cr\u00e9ation de formes visuellement attrayantes et tr\u00e8s professionnelles. De plus, ces formes sont \u00e9galement capables de capturer des pistes inestimables ainsi que des commentaires indispensables des clients. En vertu de cette int\u00e9gration SendinBlue transparente, les entreprises peuvent segmenter sans effort et rapidement leurs listes de diffusion, permettant ainsi la cr\u00e9ation de campagnes de messagerie hautement cibl\u00e9es et personnalis\u00e9es. De plus, cette int\u00e9gration ph\u00e9nom\u00e9nale offre \u00e9galement aux entreprises la possibilit\u00e9 de mesurer m\u00e9ticuleusement l&rsquo;efficacit\u00e9 et le triomphe de leurs efforts de marketing par l&#8217;emploi d&rsquo;une analyse compl\u00e8te et tr\u00e8s informative. Compte tenu de tous ces avantages remarquables, il devient clairement clair que WPForms SendinBlue est un outil indispensable pour les entreprises qui abritent des aspirations d&rsquo;\u00e9largir leur pr\u00e9sence en ligne et d&rsquo;augmenter consid\u00e9rablement leurs niveaux d&rsquo;engagement client.<\/p>\n<ul>\n<li>Cr\u00e9ez des formulaires d&rsquo;aspect professionnel pour votre site Web \u00e0 l&rsquo;aide de WPFORM<\/li>\n<li>Int\u00e9grez facilement l&rsquo;outil de marketing par e-mail SendinBlue avec vos formulaires<\/li>\n<li>Collectez les prospects et les informations clients directement \u00e0 partir de vos formulaires de site Web<\/li>\n<li>Augmenter l&rsquo;engagement avec les campagnes de messagerie automatis\u00e9es en utilisant les donn\u00e9es collect\u00e9es<\/li>\n<li>Gagnez du temps en cr\u00e9ant des mod\u00e8les pr\u00e9-con\u00e7us pour vos formulaires<\/li>\n<li>Transformez votre site Web en une machine \u00e0 g\u00e9n\u00e9ration de plomb avec WPForms SendinBlue.<\/li>\n<\/ul>\n","protected":false},"excerpt":{"rendered":"<p>WPForms SendinBlue, une int\u00e9gration remarquablement robuste, permet aux utilisateurs d&rsquo;\u00e9tablir une connexion transparente entre leur compte WPFORMS et SendinBlue, un service de marketing par e-mail estim\u00e9 \u00e0 l&rsquo;avant-garde de l&rsquo;industrie. Gr\u00e2ce \u00e0 l&rsquo;utilisation de WPForms SendinBlue, les individus peuvent sans effort amasser les adresses e-mail et les informations client pertinentes \u00e0 partir de leurs formulaires, les int\u00e9grant par la suite dans leurs listes de contacts SendinBlue compl\u00e8tes. De plus, cette int\u00e9gration facilite la cr\u00e9ation de campagnes de messagerie m\u00e9ticuleusement cibl\u00e9es, permettant ainsi aux utilisateurs d&rsquo;impr\u00e9gner leurs messages avec un sentiment de personnalisation accru, stimulant ainsi l&rsquo;engagement et l&rsquo;augmentation des taux de conversion. WPForms SendinBlue est la quintessence d&rsquo;une solution vraiment optimale, r\u00e9pondant aux besoins des entreprises cherchant \u00e0 optimiser et \u00e0 rationaliser leurs initiatives de marketing par e-mail, ce qui stimule finalement une augmentation exponentielle des ventes et de la rentabilit\u00e9 globale.<\/p>\n","protected":false},"featured_media":146273,"comment_status":"open","ping_status":"open","template":"","meta":[],"product_brand":[2724],"product_cat":[1207,1181,1186],"product_tag":[1415],"class_list":{"0":"post-124963","1":"product","2":"type-product","3":"status-publish","4":"has-post-thumbnail","6":"product_brand-wp-forms","7":"product_cat-commercialisation-wordpress-plugins","8":"product_cat-plugins","9":"product_cat-wordpress-plugins","10":"product_tag-wp-forms","11":"member-discount","12":"discount-restricted","14":"first","15":"instock","16":"sale","17":"downloadable","18":"virtual","19":"sold-individually","20":"purchasable","21":"product-type-simple"},"_links":{"self":[{"href":"https:\/\/gpl-love.com\/fr\/wp-json\/wp\/v2\/product\/124963","targetHints":{"allow":["GET"]}}],"collection":[{"href":"https:\/\/gpl-love.com\/fr\/wp-json\/wp\/v2\/product"}],"about":[{"href":"https:\/\/gpl-love.com\/fr\/wp-json\/wp\/v2\/types\/product"}],"replies":[{"embeddable":true,"href":"https:\/\/gpl-love.com\/fr\/wp-json\/wp\/v2\/comments?post=124963"}],"wp:featuredmedia":[{"embeddable":true,"href":"https:\/\/gpl-love.com\/fr\/wp-json\/wp\/v2\/media\/146273"}],"wp:attachment":[{"href":"https:\/\/gpl-love.com\/fr\/wp-json\/wp\/v2\/media?parent=124963"}],"wp:term":[{"taxonomy":"product_brand","embeddable":true,"href":"https:\/\/gpl-love.com\/fr\/wp-json\/wp\/v2\/product_brand?post=124963"},{"taxonomy":"product_cat","embeddable":true,"href":"https:\/\/gpl-love.com\/fr\/wp-json\/wp\/v2\/product_cat?post=124963"},{"taxonomy":"product_tag","embeddable":true,"href":"https:\/\/gpl-love.com\/fr\/wp-json\/wp\/v2\/product_tag?post=124963"}],"curies":[{"name":"wp","href":"https:\/\/api.w.org\/{rel}","templated":true}]}}