{"id":124881,"date":"2022-08-28T00:00:00","date_gmt":"2022-08-27T22:00:00","guid":{"rendered":"https:\/\/gpl-love.com\/fr\/produit\/listable-a-friendly-directory-wordpress-theme\/"},"modified":"2026-03-20T23:22:31","modified_gmt":"2026-03-20T22:22:31","slug":"listable-a-friendly-directory-wordpress-theme","status":"publish","type":"product","link":"https:\/\/gpl-love.com\/fr\/produit\/listable-a-friendly-directory-wordpress-theme\/","title":{"rendered":"Listable A Friendly Directory WordPress Theme 1.15.6"},"content":{"rendered":"<h3>Listable A Friendly Directory WordPress Theme Traits<\/h3>\n<p>Listable est un th\u00e8me WordPress r\u00e9pertoire remarquablement convivial qui pr\u00e9sente une plate-forme id\u00e9ale pour la cr\u00e9ation d&rsquo;un r\u00e9pertoire en ligne s&rsquo;adressant \u00e0 diverses entreprises, services et listes. Avec son design esth\u00e9tique et contemporain, listable garantit effectivement une exp\u00e9rience utilisateur exceptionnelle pour les visiteurs du site et les administrateurs qui l&rsquo;exploitent. Le th\u00e8me pr\u00e9sente un grand niveau de personnalisation et comprend de nombreuses fonctionnalit\u00e9s avantageuses, y compris, mais sans s&rsquo;y limiter, la recherche bas\u00e9e sur la localisation, les soumissions d&rsquo;utilisateurs et l&rsquo;int\u00e9gration transparente avec Google Maps. En outre, la liste s&rsquo;int\u00e8gre de mani\u00e8re transparente \u00e0 des plugins populaires tels que WooCommerce et WP Job Manager, facilitant ainsi la mon\u00e9tisation sans effort de votre r\u00e9pertoire ou sa transformation en un tableau de travail fonctionnel. Dans l&rsquo;ensemble, Listable est un th\u00e8me WordPress de r\u00e9pertoire robuste et polyvalent, offrant une aide immense dans la cr\u00e9ation sans effort d&rsquo;un r\u00e9pertoire en ligne professionnel et enti\u00e8rement fonctionnel.<\/p>\n<ul>\n<li>R\u00e9pertoire convivial WordPress Th\u00e8me parfait pour cr\u00e9er un r\u00e9pertoire en ligne complet<\/li>\n<li>Fournit aux utilisateurs la possibilit\u00e9 d&rsquo;ajouter et de g\u00e9rer facilement leurs propres listes sur le r\u00e9pertoire<\/li>\n<li>Livr\u00e9 avec une disposition de page d&rsquo;accueil personnalisable, vous permettant de pr\u00e9senter vos principales listes et cat\u00e9gories<\/li>\n<li>Offre plusieurs options de recherche pour aider les utilisateurs \u00e0 trouver exactement ce dont ils ont besoin, y compris une recherche de mots cl\u00e9s et un filtre de cat\u00e9gorie<\/li>\n<li>Filtres de recherche avanc\u00e9s \u00e9galement disponibles, tels que l&#8217;emplacement, la gamme de prix et la notation<\/li>\n<li>Prend en charge plusieurs passerelles de paiement, ce qui facilite la facturation pour les listes et l&rsquo;automatiser le processus<\/li>\n<li>Fournit des outils de marketing int\u00e9gr\u00e9s tels que le partage des m\u00e9dias sociaux et le marketing par e-mail<\/li>\n<li>Compatible avec des plugins populaires comme les formulaires WooCommerce et Gravity pour encore plus de fonctionnalit\u00e9s<\/li>\n<li>Offre un support exceptionnel et des mises \u00e0 jour r\u00e9guli\u00e8res, en veillant \u00e0 ce que votre annuaire reste \u00e0 jour et enti\u00e8rement fonctionnel<\/li>\n<li>Con\u00e7u pour la r\u00e9activit\u00e9 et la vitesse, ce qui facilite l&rsquo;acc\u00e8s et l&rsquo;utilisation du r\u00e9pertoire sur n&rsquo;importe quel appareil.<\/li>\n<\/ul>\n","protected":false},"excerpt":{"rendered":"<p>Listable est un th\u00e8me WordPress exceptionnellement convivial m\u00e9ticuleusement con\u00e7u pour r\u00e9pondre aux besoins des personnes cherchant \u00e0 cr\u00e9er des r\u00e9pertoires Web. B\u00e9n\u00e9ficiant d&rsquo;une interface incroyablement intuitive m\u00e9lang\u00e9e de mani\u00e8re transparente avec une large gamme de fonctionnalit\u00e9s personnalisables, Listable Empowers Les utilisateurs \u00e0 g\u00e9n\u00e9rer sans effort un r\u00e9pertoire en ligne complet englobant une multitude de cat\u00e9gories telles que les entreprises, les \u00e9v\u00e9nements et un \u00e9ventail d&rsquo;autres listes. Ce th\u00e8me remarquable est le choix par excellence pour les aspirants entrepreneurs, les propri\u00e9taires de petites entreprises entreprenants ou les particuliers d\u00e9sireux d&rsquo;\u00e9tablir une plate-forme robuste d\u00e9di\u00e9e aux annonces en ligne. Avec un engagement constant \u00e0 optimiser l&rsquo;exp\u00e9rience utilisateur, Listable offre aux utilisateurs le luxe de la navigation transparente, augment\u00e9e d&rsquo;une fonctionnalit\u00e9 de recherche extr\u00eamement puissante, aboutissant \u00e0 une fusion harmonieuse de simplicit\u00e9 et d&rsquo;efficacit\u00e9. En outre, la liste listable s&rsquo;int\u00e8gre de mani\u00e8re transparente \u00e0 diverses plateformes de m\u00e9dias sociaux, garantissant ainsi que les utilisateurs peuvent exploiter sans effort le pouvoir des m\u00e9dias sociaux pour augmenter la port\u00e9e et l&rsquo;impact globaux de leur r\u00e9pertoire en ligne. Essentiellement, Listable repr\u00e9sente la quintessence d&rsquo;une solution globale pour ceux qui cherchent \u00e0 construire un r\u00e9pertoire en ligne efficace, visuellement captivant et fonctionnellement efficace.<\/p>\n","protected":false},"featured_media":144380,"comment_status":"open","ping_status":"open","template":"","meta":[],"product_brand":[2433],"product_cat":[1516,1212,1213],"product_tag":[1366],"class_list":{"0":"post-124881","1":"product","2":"type-product","3":"status-publish","4":"has-post-thumbnail","6":"product_brand-themeforest","7":"product_cat-entreprise","8":"product_cat-themes","9":"product_cat-wordpress-themes","10":"product_tag-themeforest","11":"member-discount","12":"discount-restricted","14":"first","15":"instock","16":"sale","17":"downloadable","18":"virtual","19":"sold-individually","20":"purchasable","21":"product-type-simple"},"_links":{"self":[{"href":"https:\/\/gpl-love.com\/fr\/wp-json\/wp\/v2\/product\/124881","targetHints":{"allow":["GET"]}}],"collection":[{"href":"https:\/\/gpl-love.com\/fr\/wp-json\/wp\/v2\/product"}],"about":[{"href":"https:\/\/gpl-love.com\/fr\/wp-json\/wp\/v2\/types\/product"}],"replies":[{"embeddable":true,"href":"https:\/\/gpl-love.com\/fr\/wp-json\/wp\/v2\/comments?post=124881"}],"wp:featuredmedia":[{"embeddable":true,"href":"https:\/\/gpl-love.com\/fr\/wp-json\/wp\/v2\/media\/144380"}],"wp:attachment":[{"href":"https:\/\/gpl-love.com\/fr\/wp-json\/wp\/v2\/media?parent=124881"}],"wp:term":[{"taxonomy":"product_brand","embeddable":true,"href":"https:\/\/gpl-love.com\/fr\/wp-json\/wp\/v2\/product_brand?post=124881"},{"taxonomy":"product_cat","embeddable":true,"href":"https:\/\/gpl-love.com\/fr\/wp-json\/wp\/v2\/product_cat?post=124881"},{"taxonomy":"product_tag","embeddable":true,"href":"https:\/\/gpl-love.com\/fr\/wp-json\/wp\/v2\/product_tag?post=124881"}],"curies":[{"name":"wp","href":"https:\/\/api.w.org\/{rel}","templated":true}]}}