{"id":124879,"date":"2022-08-28T00:00:00","date_gmt":"2022-08-27T22:00:00","guid":{"rendered":"https:\/\/gpl-love.com\/fr\/produit\/wp-content-pilot-pro\/"},"modified":"2026-03-20T23:49:36","modified_gmt":"2026-03-20T22:49:36","slug":"wp-content-pilot-pro","status":"publish","type":"product","link":"https:\/\/gpl-love.com\/fr\/produit\/wp-content-pilot-pro\/","title":{"rendered":"WP Content Pilot Pro 1.1.11"},"content":{"rendered":"<h3>WP Content Pilot Pro Traits<\/h3>\n<p>WP Content Pilot Pro est un plugin incroyablement puissant qui automatise efficacement l&rsquo;ensemble du processus d&rsquo;incorporation de nouveau contenu de premier ordre dans votre site Web WordPress. Ce plugin remarquable poss\u00e8de un large \u00e9ventail de fonctionnalit\u00e9s avanc\u00e9es qui vous permettent de g\u00e9n\u00e9rer et de publier sans effort une gamme de messages captivants, de pages et m\u00eame de types de publiques personnalis\u00e9 d&rsquo;autres. De plus, ce plugin vous offre l&rsquo;occasion inestimable de planifier et de planifier sans effort la publication de votre contenu, tout en vous accordant la possibilit\u00e9 d&rsquo;int\u00e9grer sans effort des champs personnalis\u00e9s et m\u00eame d&rsquo;ins\u00e9rer des liens d&rsquo;affiliation lucratifs pour optimiser le potentiel de mon\u00e9tisation de votre site Web. Arm\u00e9 d&rsquo;une interface \u00e9tonnamment conviviale et d&rsquo;une fonctionnalit\u00e9 robuste qui est vraiment sans \u00e9gal, il devient ind\u00e9niablement \u00e9vident que WP Content Pilot Pro est sans \u00e9quivoque un outil indispensable qui est tenu de r\u00e9volutionner et de rationaliser votre processus de cr\u00e9ation de contenu, tout en \u00e9levant simultan\u00e9ment votre ligne en ligne pr\u00e9sence \u00e0 des hauteurs in\u00e9gal\u00e9es.<\/p>\n<ul>\n<li>Cr\u00e9ation automatis\u00e9e de contenu pour les sites Web WordPress<\/li>\n<li>Prend en charge diverses sources de contenu, notamment des articles, des vid\u00e9os et des images<\/li>\n<li>Mod\u00e8les personnalisables pour une mise en forme et une marque coh\u00e9rentes<\/li>\n<li>Insertion automatique des mots cl\u00e9s pour l&rsquo;optimisation du r\u00e9f\u00e9rencement<\/li>\n<li>Planifiez la publication de contenu pour les dates futures<\/li>\n<li>Int\u00e9gration avec des outils tiers comme Google Analytics et Yoast SEO<\/li>\n<li>Fonctionnalit\u00e9 de rotation et de r\u00e9\u00e9criture de contenu int\u00e9gr\u00e9<\/li>\n<li>Analyse d\u00e9taill\u00e9e et rapport pour suivre les performances<\/li>\n<li>Interface conviviale avec une configuration et une configuration faciles<\/li>\n<li>Support client d\u00e9di\u00e9 et mises \u00e0 jour r\u00e9guli\u00e8res<\/li>\n<\/ul>\n","protected":false},"excerpt":{"rendered":"<p>WP Content Pilot Pro, un outil de conservation et de publication de contenu tr\u00e8s robuste et efficace sp\u00e9cialement con\u00e7u pour les sites Web WordPress, appara\u00eet comme une solution exceptionnelle. Ce plugin parcourt sans effort et automatiquement de nombreuses sources pour identifier et publier par la suite des articles exceptionnels, des images captivantes et des vid\u00e9os convaincantes qui s&rsquo;alignent parfaitement avec vos pr\u00e9f\u00e9rences pr\u00e9d\u00e9termin\u00e9es et des mots cl\u00e9s m\u00e9ticuleusement s\u00e9lectionn\u00e9s. De plus, cet outil remarquable offre un \u00e9ventail d&rsquo;options de personnalisation, vous permettant d&rsquo;adapter le contenu d\u00e9couvert \u00e0 votre plus grande satisfaction. De plus, WP Content Pilot Pro vous accorde la libert\u00e9 de planifier sans effort les publications, facilitant ainsi un processus de publication de contenu transparent et rationalis\u00e9. De plus, ce plugin extraordinaire vous permet m\u00eame de mon\u00e9tiser votre site Web en incorporant facilement des liens d&rsquo;affiliation, augmentant ainsi vos sources de revenus potentiels. Avec WP Content Pilot Pro, vous pouvez \u00e9conomiser sans \u00e9quivoque un temps et un effort pr\u00e9cieux, tout en garantissant un afflux constant et ininterrompu de contenu attrayant, frais et engageant pour captiver et captiver votre public ch\u00e9ri.<\/p>\n","protected":false},"featured_media":146140,"comment_status":"open","ping_status":"open","template":"","meta":[],"product_brand":[2712],"product_cat":[1207,1181,1186],"product_tag":[2320],"class_list":{"0":"post-124879","1":"product","2":"type-product","3":"status-publish","4":"has-post-thumbnail","6":"product_brand-plugin-ever","7":"product_cat-commercialisation-wordpress-plugins","8":"product_cat-plugins","9":"product_cat-wordpress-plugins","10":"product_tag-plugin-ever","11":"member-discount","12":"discount-restricted","14":"first","15":"instock","16":"sale","17":"downloadable","18":"virtual","19":"sold-individually","20":"purchasable","21":"product-type-simple"},"_links":{"self":[{"href":"https:\/\/gpl-love.com\/fr\/wp-json\/wp\/v2\/product\/124879","targetHints":{"allow":["GET"]}}],"collection":[{"href":"https:\/\/gpl-love.com\/fr\/wp-json\/wp\/v2\/product"}],"about":[{"href":"https:\/\/gpl-love.com\/fr\/wp-json\/wp\/v2\/types\/product"}],"replies":[{"embeddable":true,"href":"https:\/\/gpl-love.com\/fr\/wp-json\/wp\/v2\/comments?post=124879"}],"wp:featuredmedia":[{"embeddable":true,"href":"https:\/\/gpl-love.com\/fr\/wp-json\/wp\/v2\/media\/146140"}],"wp:attachment":[{"href":"https:\/\/gpl-love.com\/fr\/wp-json\/wp\/v2\/media?parent=124879"}],"wp:term":[{"taxonomy":"product_brand","embeddable":true,"href":"https:\/\/gpl-love.com\/fr\/wp-json\/wp\/v2\/product_brand?post=124879"},{"taxonomy":"product_cat","embeddable":true,"href":"https:\/\/gpl-love.com\/fr\/wp-json\/wp\/v2\/product_cat?post=124879"},{"taxonomy":"product_tag","embeddable":true,"href":"https:\/\/gpl-love.com\/fr\/wp-json\/wp\/v2\/product_tag?post=124879"}],"curies":[{"name":"wp","href":"https:\/\/api.w.org\/{rel}","templated":true}]}}