{"id":124877,"date":"2025-05-15T00:00:00","date_gmt":"2025-05-14T22:00:00","guid":{"rendered":"https:\/\/gpl-love.com\/fr\/produit\/gravity-perks-qr-code\/"},"modified":"2026-03-20T23:18:42","modified_gmt":"2026-03-20T22:18:42","slug":"gravity-perks-qr-code","status":"publish","type":"product","link":"https:\/\/gpl-love.com\/fr\/produit\/gravity-perks-qr-code\/","title":{"rendered":"Gravity Perks QR Code 1.0.16"},"content":{"rendered":"<h3>Gravity Perks QR Code Traits<\/h3>\n<p>Gravity Perks QR Code poss\u00e8de une solution exceptionnelle et r\u00e9volutionnaire, qui donne aux utilisateurs la capacit\u00e9 de g\u00e9n\u00e9rer et de num\u00e9riser sans effort les codes QR. Cet outil remarquablement robuste permet aux individus d&rsquo;optimiser leur flux de travail et d&rsquo;augmenter la productivit\u00e9 en m\u00e9cansant le processus ardu de g\u00e9n\u00e9rer et de num\u00e9riser les codes QR. Avec Gravity Perks QR Code \u00e0 votre disposition, vous pouvez fabriquer rapidement et sans effort sans effort les codes QR pour s&rsquo;adapter \u00e0 un large \u00e9ventail d&rsquo;objectifs, tels que la diffusion des informations sur les produits, l&rsquo;orchestration d&rsquo;enregistrement des \u00e9v\u00e9nements, et bien plus encore. Le r\u00e9sultat de ce produit remarquable est la capacit\u00e9 comp\u00e9tente \u00e0 num\u00e9riser, d\u00e9chiffrer et exploiter efficacement les codes QR, le rendre indispensable aux entreprises et aux \u00e9tablissements aspirant \u00e0 am\u00e9liorer leur efficacit\u00e9 et \u00e0 rationaliser leurs op\u00e9rations. Par cons\u00e9quent, si vous recherchez une solution de code QR fiable et puissante, ne cherchez pas plus loin que Gravity Perks QR Code, car il repr\u00e9sente la quintessence de l&rsquo;excellence.<\/p>\n<ul>\n<li>G\u00e9n\u00e9ration et num\u00e9risation de code QR faciles<\/li>\n<li>Compatible avec tout appareil qui a une cam\u00e9ra et un acc\u00e8s Internet<\/li>\n<li>Conception de code QR personnalisable<\/li>\n<li>Capacit\u00e9 \u00e0 suivre les analyses et \u00e0 collecter des donn\u00e9es<\/li>\n<li>Int\u00e9gration avec des outils marketing populaires tels que MailChimp et Google Analytics<\/li>\n<li>Protocoles de s\u00e9curit\u00e9 solides pour prot\u00e9ger les donn\u00e9es et pr\u00e9venir la fraude<\/li>\n<li>Am\u00e9liore l&rsquo;exp\u00e9rience utilisateur en fournissant un acc\u00e8s rapide aux informations pertinentes<\/li>\n<li>Solution marketing rentable par rapport aux m\u00e9thodes d&rsquo;impression traditionnelles<\/li>\n<li>Augmente l&rsquo;engagement des clients et la notori\u00e9t\u00e9 de la marque.<\/li>\n<\/ul>\n","protected":false},"excerpt":{"rendered":"<p>Le code QR Gravity Perks est un outil extr\u00eamement puissant avec la capacit\u00e9 de g\u00e9n\u00e9rer et de num\u00e9riser sans effort les codes QR pour vos formulaires de gravit\u00e9. Ce module compl\u00e9mentaire simplifie le processus de collecte d&rsquo;informations, d&rsquo;inscription des utilisateurs ou d&rsquo;effectuer des ventes de produits via votre site Web. En offrant des champs personnalisables, vous avez la possibilit\u00e9 de cr\u00e9er rapidement des codes QR distinctifs qui atteindront efficacement votre public cible et faciliteront l&rsquo;accomplissement de vos objectifs. Que vous soyez un propri\u00e9taire commercial, un sp\u00e9cialiste du marketing ou un d\u00e9veloppeur Web, le code QR Gravity Perks est un outil indispensable qui rationalisera votre flux de travail et am\u00e9liorera consid\u00e9rablement votre productivit\u00e9.<\/p>\n","protected":false},"featured_media":144125,"comment_status":"open","ping_status":"open","template":"","meta":[],"product_brand":[2567],"product_cat":[1189,1181,1186],"product_tag":[2168],"class_list":{"0":"post-124877","1":"product","2":"type-product","3":"status-publish","4":"has-post-thumbnail","6":"product_brand-gravity-wiz","7":"product_cat-personnalisation","8":"product_cat-plugins","9":"product_cat-wordpress-plugins","10":"product_tag-gravity-wiz","11":"member-discount","12":"discount-restricted","14":"first","15":"instock","16":"sale","17":"downloadable","18":"virtual","19":"sold-individually","20":"purchasable","21":"product-type-simple"},"_links":{"self":[{"href":"https:\/\/gpl-love.com\/fr\/wp-json\/wp\/v2\/product\/124877","targetHints":{"allow":["GET"]}}],"collection":[{"href":"https:\/\/gpl-love.com\/fr\/wp-json\/wp\/v2\/product"}],"about":[{"href":"https:\/\/gpl-love.com\/fr\/wp-json\/wp\/v2\/types\/product"}],"replies":[{"embeddable":true,"href":"https:\/\/gpl-love.com\/fr\/wp-json\/wp\/v2\/comments?post=124877"}],"wp:featuredmedia":[{"embeddable":true,"href":"https:\/\/gpl-love.com\/fr\/wp-json\/wp\/v2\/media\/144125"}],"wp:attachment":[{"href":"https:\/\/gpl-love.com\/fr\/wp-json\/wp\/v2\/media?parent=124877"}],"wp:term":[{"taxonomy":"product_brand","embeddable":true,"href":"https:\/\/gpl-love.com\/fr\/wp-json\/wp\/v2\/product_brand?post=124877"},{"taxonomy":"product_cat","embeddable":true,"href":"https:\/\/gpl-love.com\/fr\/wp-json\/wp\/v2\/product_cat?post=124877"},{"taxonomy":"product_tag","embeddable":true,"href":"https:\/\/gpl-love.com\/fr\/wp-json\/wp\/v2\/product_tag?post=124877"}],"curies":[{"name":"wp","href":"https:\/\/api.w.org\/{rel}","templated":true}]}}