{"id":124876,"date":"2026-01-10T00:00:00","date_gmt":"2026-01-09T23:00:00","guid":{"rendered":"https:\/\/gpl-love.com\/fr\/produit\/gravity-perks-page-transitions\/"},"modified":"2026-03-20T23:18:36","modified_gmt":"2026-03-20T22:18:36","slug":"gravity-perks-page-transitions","status":"publish","type":"product","link":"https:\/\/gpl-love.com\/fr\/produit\/gravity-perks-page-transitions\/","title":{"rendered":"Gravity Perks Page Transitions 1.0.44"},"content":{"rendered":"<h3>Gravity Perks Page Transitions Traits<\/h3>\n<p>Gravity Perks Page Transitions est un outil incroyablement robuste et dynamique qui a \u00e9t\u00e9 m\u00e9ticuleusement con\u00e7u dans le seul but d&rsquo;\u00e9lever et d&rsquo;am\u00e9liorer l&rsquo;exp\u00e9rience utilisateur globale de votre site Web. En int\u00e9grant de mani\u00e8re transparente les transitions lisses et fluides entre les pages, ce plugin offre un niveau de sophistication et de finesse sans pr\u00e9c\u00e9dent qui ne captiver pas et engagent les visiteurs de votre site Web.<\/p>\n<p>La polyvalence et la flexibilit\u00e9 de ce plugin sont vraiment remarquables. Il vous donne la possibilit\u00e9 d&rsquo;adapter et de personnaliser sans effort l&rsquo;effet de transition, la vitesse et la direction pour s&rsquo;aligner parfaitement sur le style et l&rsquo;image de marque uniques de votre site Web. Que vous visiez une esth\u00e9tique \u00e9l\u00e9gante et moderne ou une ambiance plus fantaisiste et ludique, Gravity Perks Page Transitions vous a couvert.<\/p>\n<p>L&rsquo;un des aspects les plus remarquables de ce plugin est sa compatibilit\u00e9 extraordinaire avec les formes de gravit\u00e9. Cela signifie que vous pouvez appliquer sans effort ces transitions de page captivantes \u00e0 n&rsquo;importe quelle page de soumission ou de confirmation de formulaire, m\u00e9langeant et harmonisant de mani\u00e8re transparente toute l&rsquo;exp\u00e9rience utilisateur sur votre site Web. Le r\u00e9sultat est un parcours coh\u00e9rent et transparent pour vos utilisateurs, car ils naviguent dans votre site Web avec facilit\u00e9 et gr\u00e2ce.<\/p>\n<p>Ce qui distingue vraiment les transitions de page des avantages de gravit\u00e9 des autres plugins similaires, c&rsquo;est sa simplicit\u00e9 et sa facilit\u00e9 d&rsquo;utilisation in\u00e9gal\u00e9es. Vous n&rsquo;avez pas besoin d&rsquo;expertise de codage pr\u00e9alable ou de savoir-faire technique pour utiliser et tirer parti le potentiel de cet outil incroyable. Son interface intuitive et ses fonctionnalit\u00e9s conviviales le rendent accessible \u00e0 quiconque, quel que soit son niveau d&rsquo;expertise. En quelques clics, vous pouvez ajouter une touche d&rsquo;\u00e9l\u00e9gance et de sophistication \u00e0 votre site Web, en la transformant en un chef-d&rsquo;\u0153uvre visuellement magnifique.<\/p>\n<p>Ne manquez pas l&rsquo;opportunit\u00e9 d&rsquo;\u00e9lever votre site Web au niveau sup\u00e9rieur. Essayez les transitions de la page Gravity Perks aujourd&rsquo;hui et d\u00e9bloquez un monde de possibilit\u00e9s infinies pour votre pr\u00e9sence en ligne.<\/p>\n<ul>\n<li>Transitions de page lisses et sans couture sur votre site Web<\/li>\n<li>Effets visuels impressionnants et animations entre les pages<\/li>\n<li>Vitesse de transition personnalisable et timing pour une exp\u00e9rience personnalis\u00e9e<\/li>\n<li>Int\u00e9gration facile avec les formulaires WordPress et Gravity<\/li>\n<li>Augmentation de l&rsquo;engagement des utilisateurs avec les modifications dynamiques de la page<\/li>\n<li>Acc\u00e8s \u00e0 un large \u00e9ventail d&rsquo;options de transition, y compris les effets de fondu, de diapositives et de spin<\/li>\n<li>Aucun codage requis &#8211; configuration et configuration simples en quelques minutes<\/li>\n<li>Compatible avec tous les navigateurs et appareils mobiles modernes<\/li>\n<li>Am\u00e9liorer l&rsquo;exp\u00e9rience utilisateur globale et am\u00e9liorer la navigation du site<\/li>\n<\/ul>\n","protected":false},"excerpt":{"rendered":"<p>Am\u00e9liorez l&rsquo;apparence globale et les fonctionnalit\u00e9s de votre site Web en incorporant des transitions de pages captivantes visuellement et impressionnantes en utilisant les capacit\u00e9s incroyables des avantages de gravit\u00e9. \u00c9levez l&rsquo;exp\u00e9rience de l&rsquo;utilisateur final de votre site Web en transitionnant de mani\u00e8re transparente entre les pages, en captivant et en engageant sans effort vos visiteurs. La meilleure partie? Vous n&rsquo;avez besoin d&rsquo;aucune expertise de codage; Installez simplement cette fonctionnalit\u00e9 remarquable et personnalisez-la facilement en fonction de vos pr\u00e9f\u00e9rences exactes. Avec les transitions de la page des avantages Gravity Perks, vous avez le pouvoir de laisser une impression durable sur les visiteurs de votre site Web tout en maintenant sans effort leur int\u00e9r\u00eat et leur implication.<\/p>\n","protected":false},"featured_media":144119,"comment_status":"open","ping_status":"open","template":"","meta":[],"product_brand":[2567],"product_cat":[1189,1181,1186],"product_tag":[2168],"class_list":{"0":"post-124876","1":"product","2":"type-product","3":"status-publish","4":"has-post-thumbnail","6":"product_brand-gravity-wiz","7":"product_cat-personnalisation","8":"product_cat-plugins","9":"product_cat-wordpress-plugins","10":"product_tag-gravity-wiz","11":"member-discount","12":"discount-restricted","14":"first","15":"instock","16":"sale","17":"downloadable","18":"virtual","19":"sold-individually","20":"purchasable","21":"product-type-simple"},"_links":{"self":[{"href":"https:\/\/gpl-love.com\/fr\/wp-json\/wp\/v2\/product\/124876","targetHints":{"allow":["GET"]}}],"collection":[{"href":"https:\/\/gpl-love.com\/fr\/wp-json\/wp\/v2\/product"}],"about":[{"href":"https:\/\/gpl-love.com\/fr\/wp-json\/wp\/v2\/types\/product"}],"replies":[{"embeddable":true,"href":"https:\/\/gpl-love.com\/fr\/wp-json\/wp\/v2\/comments?post=124876"}],"wp:featuredmedia":[{"embeddable":true,"href":"https:\/\/gpl-love.com\/fr\/wp-json\/wp\/v2\/media\/144119"}],"wp:attachment":[{"href":"https:\/\/gpl-love.com\/fr\/wp-json\/wp\/v2\/media?parent=124876"}],"wp:term":[{"taxonomy":"product_brand","embeddable":true,"href":"https:\/\/gpl-love.com\/fr\/wp-json\/wp\/v2\/product_brand?post=124876"},{"taxonomy":"product_cat","embeddable":true,"href":"https:\/\/gpl-love.com\/fr\/wp-json\/wp\/v2\/product_cat?post=124876"},{"taxonomy":"product_tag","embeddable":true,"href":"https:\/\/gpl-love.com\/fr\/wp-json\/wp\/v2\/product_tag?post=124876"}],"curies":[{"name":"wp","href":"https:\/\/api.w.org\/{rel}","templated":true}]}}