{"id":124874,"date":"2025-11-04T00:00:00","date_gmt":"2025-11-03T23:00:00","guid":{"rendered":"https:\/\/gpl-love.com\/fr\/produit\/gravity-forms-tooltips-addon\/"},"modified":"2026-03-20T23:18:14","modified_gmt":"2026-03-20T22:18:14","slug":"gravity-forms-tooltips-addon","status":"publish","type":"product","link":"https:\/\/gpl-love.com\/fr\/produit\/gravity-forms-tooltips-addon\/","title":{"rendered":"Gravity Forms Tooltips Addon 5.1"},"content":{"rendered":"<h3>Gravity Forms Tooltips Addon Traits<\/h3>\n<p>L&rsquo;addon \u00e0 flancs de formes Gravity Forms, connu pour sa capacit\u00e9 remarquable dans l&rsquo;am\u00e9lioration de la fonctionnalit\u00e9 du plugin Gravity Forms, est un outil incroyablement puissant. En incorporant des infractions, cet addon permet aux utilisateurs de g\u00e9n\u00e9rer des infractions personnalis\u00e9es qui offrent des informations pr\u00e9cieuses relatives aux diff\u00e9rents champs de leurs formulaires. Par cons\u00e9quent, ces info-bulleurs servent \u00e0 aider les utilisateurs \u00e0 comprendre les informations et les directives n\u00e9cessaires pour remplir avec pr\u00e9cision le formulaire. La beaut\u00e9 de cet addon r\u00e9side dans sa nature conviviale et ses vastes options de personnalisation, offrant aux utilisateurs une autorit\u00e9 compl\u00e8te sur l&rsquo;apparence et le comportement de leurs infractions. Que l&rsquo;on construise un formulaire de contact relativement simple ou une enqu\u00eate multiforme, cet addon s&rsquo;int\u00e8gre de mani\u00e8re transparente \u00e0 la bo\u00eete \u00e0 outils des formulaires Gravity, se r\u00e9v\u00e8le \u00eatre un atout inestimable. Par cons\u00e9quent, il n&rsquo;est pas n\u00e9cessaire de retarder davantage! Embarquez dans le voyage de cr\u00e9ation de formes sup\u00e9rieures et plus percutantes pour votre site Web aujourd&rsquo;hui!<\/p>\n<ul>\n<li>Am\u00e9liore l&rsquo;exp\u00e9rience utilisateur en ajoutant des infractions utiles aux formulaires de gravit\u00e9<\/li>\n<li>Permet de personnaliser les infractions pour correspondre \u00e0 la marque et \u00e0 la conception du site Web<\/li>\n<li>Processus d&rsquo;installation simple et facile<\/li>\n<li>Augmente les taux d&rsquo;ach\u00e8vement des formulaires en fournissant des informations suppl\u00e9mentaires et des conseils aux utilisateurs<\/li>\n<li>Compatible avec tous les modules compl\u00e9mentaires et int\u00e9grations des formulaires de gravit\u00e9<\/li>\n<li>Poids l\u00e9ger et ne ralentit pas les performances du site Web<\/li>\n<\/ul>\n","protected":false},"excerpt":{"rendered":"<p>L&rsquo;addition de bulletins de formes Gravity Forms est un outil incroyablement utile et pratique qui int\u00e8gre efficacement des infractions personnalisables et informatives dans vos formulaires de gravit\u00e9. En utilisant cet addon innovant, vous pouvez fournir sans effort des informations suppl\u00e9mentaires, des conseils ou des clarifications suppl\u00e9mentaires \u00e0 vos utilisateurs lorsqu&rsquo;ils naviguent dans le processus de remplissage de formulaire. De plus, vous avez la capacit\u00e9 d&rsquo;adapter sans effort l&rsquo;apparence et l&rsquo;esth\u00e9tique des info Sans aucun doute, cet addon sert une excellente solution pour les entreprises, les organisations et les personnes d\u00e9sireuses d&rsquo;\u00e9lever leur exp\u00e9rience utilisateur et d&rsquo;optimiser l&rsquo;efficacit\u00e9 de leur processus de soumission de formulaire.<\/p>\n","protected":false},"featured_media":144096,"comment_status":"open","ping_status":"open","template":"","meta":[],"product_brand":[2565],"product_cat":[1191,1181,1186],"product_tag":[1275],"class_list":{"0":"post-124874","1":"product","2":"type-product","3":"status-publish","4":"has-post-thumbnail","6":"product_brand-gravityforms","7":"product_cat-formes","8":"product_cat-plugins","9":"product_cat-wordpress-plugins","10":"product_tag-gravityforms","11":"member-discount","12":"discount-restricted","14":"first","15":"instock","16":"sale","17":"downloadable","18":"virtual","19":"sold-individually","20":"purchasable","21":"product-type-simple"},"_links":{"self":[{"href":"https:\/\/gpl-love.com\/fr\/wp-json\/wp\/v2\/product\/124874","targetHints":{"allow":["GET"]}}],"collection":[{"href":"https:\/\/gpl-love.com\/fr\/wp-json\/wp\/v2\/product"}],"about":[{"href":"https:\/\/gpl-love.com\/fr\/wp-json\/wp\/v2\/types\/product"}],"replies":[{"embeddable":true,"href":"https:\/\/gpl-love.com\/fr\/wp-json\/wp\/v2\/comments?post=124874"}],"wp:featuredmedia":[{"embeddable":true,"href":"https:\/\/gpl-love.com\/fr\/wp-json\/wp\/v2\/media\/144096"}],"wp:attachment":[{"href":"https:\/\/gpl-love.com\/fr\/wp-json\/wp\/v2\/media?parent=124874"}],"wp:term":[{"taxonomy":"product_brand","embeddable":true,"href":"https:\/\/gpl-love.com\/fr\/wp-json\/wp\/v2\/product_brand?post=124874"},{"taxonomy":"product_cat","embeddable":true,"href":"https:\/\/gpl-love.com\/fr\/wp-json\/wp\/v2\/product_cat?post=124874"},{"taxonomy":"product_tag","embeddable":true,"href":"https:\/\/gpl-love.com\/fr\/wp-json\/wp\/v2\/product_tag?post=124874"}],"curies":[{"name":"wp","href":"https:\/\/api.w.org\/{rel}","templated":true}]}}