{"id":124281,"date":"2025-11-17T00:00:00","date_gmt":"2025-11-16T23:00:00","guid":{"rendered":"https:\/\/gpl-love.com\/fr\/produit\/bookly-tasks-addon\/"},"modified":"2026-03-20T22:57:07","modified_gmt":"2026-03-20T21:57:07","slug":"bookly-tasks-addon","status":"publish","type":"product","link":"https:\/\/gpl-love.com\/fr\/produit\/bookly-tasks-addon\/","title":{"rendered":"Bookly Tasks Addon 2.5"},"content":{"rendered":"<h3>Bookly Tasks Addon Traits<\/h3>\n<p>L&rsquo;Addon t\u00e2ches Bookly, qui est un outil indispensable \u00e0 des fins de gestion efficace des t\u00e2ches et des rendez-vous, offre aux utilisateurs la possibilit\u00e9 de g\u00e9n\u00e9rer et d&rsquo;allouer des t\u00e2ches aux membres de leur personnel, garantissant ainsi l&rsquo;ach\u00e8vement en temps opportun des affectations et le contentement des clients. En outre, l&rsquo;int\u00e9gration transparente de cet addon avec le syst\u00e8me de r\u00e9servation bookmaker facilite la gestion sans effort de toutes les facettes de la planification de rendez-vous et de l&rsquo;administration des t\u00e2ches, permettant aux utilisateurs de superviser facilement ces aspects d&rsquo;un centre central singulier. Aidant les entreprises d&rsquo;\u00e9chelles variables dans leur qu\u00eate pour optimiser les op\u00e9rations et am\u00e9liorer l&rsquo;efficacit\u00e9, les t\u00e2ches Bookly T\u00e2ches s&rsquo;av\u00e8rent \u00eatre une solution optimale en raison de son interface conviviale et de son formidable \u00e9ventail de fonctionnalit\u00e9s.<\/p>\n<ul>\n<li>Int\u00e9grez de mani\u00e8re transparente la gestion des t\u00e2ches dans votre plugin Bookly existant<\/li>\n<li>Cr\u00e9er et affecter des t\u00e2ches \u00e0 des r\u00e9servations ou des clients sp\u00e9cifiques<\/li>\n<li>R\u00e9glez les d\u00e9lais et les niveaux de priorit\u00e9 pour chaque t\u00e2che<\/li>\n<li>Suivre les progr\u00e8s et l&rsquo;\u00e9tat d&rsquo;ach\u00e8vement pour chaque t\u00e2che dans Bookly<\/li>\n<li>Obtenez des notifications par e-mail automatis\u00e9es pour les t\u00e2ches \u00e0 venir et en retard<\/li>\n<li>Afficher et g\u00e9rer facilement toutes les t\u00e2ches dans une liste de t\u00e2ches d\u00e9di\u00e9e<\/li>\n<li>Am\u00e9liorer l&rsquo;efficacit\u00e9 et la productivit\u00e9 en restant organis\u00e9 et en plus des t\u00e2ches importantes<\/li>\n<li>Accessible \u00e0 partir de tout appareil avec connectivit\u00e9 Internet<\/li>\n<\/ul>\n","protected":false},"excerpt":{"rendered":"<p>Vous cherchez un moyen de rationaliser vos t\u00e2ches quotidiennes? L&rsquo;addon t\u00e2ches Bookly Tasks est la solution parfaite pour vous. Cet outil puissant est con\u00e7u pour vous aider \u00e0 g\u00e9rer et \u00e0 suivre efficacement toutes vos t\u00e2ches et projets. Avec cet addon, vous pouvez facilement cr\u00e9er, affecter et surveiller les t\u00e2ches en temps r\u00e9el. Il fournit des d\u00e9lais visuels qui vous donnent un aper\u00e7u clair des progr\u00e8s de vos t\u00e2ches. L&rsquo;addition de t\u00e2ches Bookly est extr\u00eamement conviviale, vous permettant d&rsquo;organiser vos t\u00e2ches en fonction de la priorit\u00e9, des dates d&rsquo;\u00e9ch\u00e9ance ou des cat\u00e9gories. De plus, cela vous permet de d\u00e9finir des rappels pour vos t\u00e2ches, en vous assurant de ne jamais manquer de d\u00e9lai. L&rsquo;un des principaux avantages de cet addon est qu&rsquo;il int\u00e8gre de mani\u00e8re transparente avec le plugin Bookly Pro, am\u00e9liorant sa fonctionnalit\u00e9. Avec les t\u00e2ches Bookly T\u00e2ches, vous pouvez tout contr\u00f4ler et augmenter votre productivit\u00e9. Essayez-le aujourd&rsquo;hui et passez votre gestion des t\u00e2ches au niveau sup\u00e9rieur.<\/p>\n","protected":false},"featured_media":143296,"comment_status":"open","ping_status":"open","template":"","meta":[],"product_brand":[2435],"product_cat":[1189,1181,1186],"product_tag":[1231],"class_list":{"0":"post-124281","1":"product","2":"type-product","3":"status-publish","4":"has-post-thumbnail","6":"product_brand-codecanyon","7":"product_cat-personnalisation","8":"product_cat-plugins","9":"product_cat-wordpress-plugins","10":"product_tag-codecanyon","11":"member-discount","12":"discount-restricted","14":"first","15":"instock","16":"sale","17":"downloadable","18":"virtual","19":"sold-individually","20":"purchasable","21":"product-type-simple"},"_links":{"self":[{"href":"https:\/\/gpl-love.com\/fr\/wp-json\/wp\/v2\/product\/124281","targetHints":{"allow":["GET"]}}],"collection":[{"href":"https:\/\/gpl-love.com\/fr\/wp-json\/wp\/v2\/product"}],"about":[{"href":"https:\/\/gpl-love.com\/fr\/wp-json\/wp\/v2\/types\/product"}],"replies":[{"embeddable":true,"href":"https:\/\/gpl-love.com\/fr\/wp-json\/wp\/v2\/comments?post=124281"}],"wp:featuredmedia":[{"embeddable":true,"href":"https:\/\/gpl-love.com\/fr\/wp-json\/wp\/v2\/media\/143296"}],"wp:attachment":[{"href":"https:\/\/gpl-love.com\/fr\/wp-json\/wp\/v2\/media?parent=124281"}],"wp:term":[{"taxonomy":"product_brand","embeddable":true,"href":"https:\/\/gpl-love.com\/fr\/wp-json\/wp\/v2\/product_brand?post=124281"},{"taxonomy":"product_cat","embeddable":true,"href":"https:\/\/gpl-love.com\/fr\/wp-json\/wp\/v2\/product_cat?post=124281"},{"taxonomy":"product_tag","embeddable":true,"href":"https:\/\/gpl-love.com\/fr\/wp-json\/wp\/v2\/product_tag?post=124281"}],"curies":[{"name":"wp","href":"https:\/\/api.w.org\/{rel}","templated":true}]}}