{"id":124139,"date":"2022-07-26T00:00:00","date_gmt":"2022-07-25T22:00:00","guid":{"rendered":"https:\/\/gpl-love.com\/fr\/produit\/automatorwp-easy-digital-downloads\/"},"modified":"2026-03-20T22:55:23","modified_gmt":"2026-03-20T21:55:23","slug":"automatorwp-easy-digital-downloads","status":"publish","type":"product","link":"https:\/\/gpl-love.com\/fr\/produit\/automatorwp-easy-digital-downloads\/","title":{"rendered":"AutomatorWP Easy Digital Downloads 1.0.2"},"content":{"rendered":"<h3>AutomatorWP Easy Digital Downloads Traits<\/h3>\n<p>AutomatorWP Easy Digital Downlows est un outil d&rsquo;automatisation exceptionnellement robuste qui vous accorde la possibilit\u00e9 d&rsquo;automatiser sans effort divers aspects de votre magasin de t\u00e9l\u00e9chargements num\u00e9riques faciles. Ce plugin remarquable vous permet de g\u00e9n\u00e9rer des workflows complexes qui peuvent ex\u00e9cuter de mani\u00e8re transparente des t\u00e2ches comme la transmission de courriels, l&rsquo;int\u00e9gration des clients dans des listes de diffusion, la formulation de remises et bien plus encore. En outre, AutomatorWP Easy Digital Downlows s&rsquo;int\u00e8gre de mani\u00e8re transparente avec d&rsquo;autres plugins WordPress tr\u00e8s recherch\u00e9s, tels que WooCommerce et Gravity Formes, vous offrant ainsi une solution d&rsquo;automatisation compl\u00e8te et globale. La meilleure partie est que Automatorwp Easy Digital Downlows est incroyablement convivial et ne n\u00e9cessite aucune comp\u00e9tence de codage, vous permettant ainsi d&rsquo;acc\u00e9l\u00e9rer l&rsquo;automatisation de votre magasin sans effort et rapidement. En utilisant Automatorwp Easy Digital Downloads, vous avez la capacit\u00e9 d&rsquo;\u00e9conomiser du temps, d&rsquo;amplifier la productivit\u00e9 et d&rsquo;am\u00e9liorer l&rsquo;exp\u00e9rience client globale, tout en maintenant un environnement de magasin optimis\u00e9 et automatis\u00e9 de mani\u00e8re transparente.<\/p>\n<ul>\n<li>Rationalise et automatise les actions et les workflows li\u00e9s \u00e0 l&rsquo;EDD pour les sites Web WordPress<\/li>\n<li>S&rsquo;int\u00e8gre parfaitement \u00e0 Automatorwp, un puissant outil d&rsquo;automatisation pour WordPress<\/li>\n<li>Permet aux utilisateurs de cr\u00e9er et de personnaliser facilement les workflows \u00e0 l&rsquo;aide d&rsquo;une interface simple glisser-d\u00e9poser<\/li>\n<li>Fournit un large \u00e9ventail de d\u00e9clencheurs et d&rsquo;actions \u00e0 choisir, y compris la cr\u00e9ation de nouvelles transactions, l&rsquo;envoi de courriels personnalis\u00e9s, et plus<\/li>\n<li>Offre une surveillance et un contr\u00f4le en temps r\u00e9el des activit\u00e9s li\u00e9es \u00e0 l&rsquo;EDD, avec des notifications et des alertes personnalisables<\/li>\n<li>Aide \u00e0 \u00e9conomiser du temps et des efforts sur les t\u00e2ches manuelles li\u00e9es \u00e0 l&rsquo;EDD, lib\u00e9rant des ressources pour d&rsquo;autres activit\u00e9s commerciales importantes<\/li>\n<li>Offre des solutions d&rsquo;automatisation flexibles et \u00e9volutives adapt\u00e9es aux entreprises de toute taille et complexit\u00e9<\/li>\n<li>Convivial et facile \u00e0 configurer, sans codage ou expertise technique requise<\/li>\n<li>Fournit un excellent support client et documentation, assurant une exp\u00e9rience fluide et sans probl\u00e8me pour les utilisateurs.<\/li>\n<\/ul>\n","protected":false},"excerpt":{"rendered":"<p>Int\u00e9grez votre site Web \u00e0 nos t\u00e9l\u00e9chargements num\u00e9riques faciles Automatorwp, con\u00e7us pour \u00e9lever votre exp\u00e9rience de vente num\u00e9rique. Cette fonctionnalit\u00e9 cl\u00e9 se synchronise sans effort avec votre plate-forme existante, vous permettant de g\u00e9rer facilement tous vos t\u00e9l\u00e9chargements num\u00e9riques. B\u00e9n\u00e9fice de notre syst\u00e8me rationalis\u00e9 qui offre une simplicit\u00e9 et une efficacit\u00e9, attirant plus de clients potentiels. L&rsquo;Authatorwp, associ\u00e9 \u00e0 nos t\u00e9l\u00e9chargements num\u00e9riques faciles, transforme votre entreprise en ligne, am\u00e9liorant les interactions des clients et augmentant les ventes. D\u00e9couvrez la commodit\u00e9 d&rsquo;un syst\u00e8me de t\u00e9l\u00e9chargement num\u00e9rique int\u00e9gr\u00e9 qui non seulement fait appel aux clients, mais les informe \u00e9galement sur vos produits de mani\u00e8re fluide et naturelle.<\/p>\n","protected":false},"featured_media":143180,"comment_status":"open","ping_status":"open","template":"","meta":[],"product_brand":[2464],"product_cat":[1182,1223,1181],"product_tag":[2260],"class_list":{"0":"post-124139","1":"product","2":"type-product","3":"status-publish","4":"has-post-thumbnail","6":"product_brand-automatorwp","7":"product_cat-commerce-electronique-plugins","8":"product_cat-personnalisation-commerce-electronique-plugins","9":"product_cat-plugins","10":"product_tag-automatorwp","11":"member-discount","12":"discount-restricted","14":"first","15":"instock","16":"sale","17":"downloadable","18":"virtual","19":"sold-individually","20":"purchasable","21":"product-type-simple"},"_links":{"self":[{"href":"https:\/\/gpl-love.com\/fr\/wp-json\/wp\/v2\/product\/124139","targetHints":{"allow":["GET"]}}],"collection":[{"href":"https:\/\/gpl-love.com\/fr\/wp-json\/wp\/v2\/product"}],"about":[{"href":"https:\/\/gpl-love.com\/fr\/wp-json\/wp\/v2\/types\/product"}],"replies":[{"embeddable":true,"href":"https:\/\/gpl-love.com\/fr\/wp-json\/wp\/v2\/comments?post=124139"}],"wp:featuredmedia":[{"embeddable":true,"href":"https:\/\/gpl-love.com\/fr\/wp-json\/wp\/v2\/media\/143180"}],"wp:attachment":[{"href":"https:\/\/gpl-love.com\/fr\/wp-json\/wp\/v2\/media?parent=124139"}],"wp:term":[{"taxonomy":"product_brand","embeddable":true,"href":"https:\/\/gpl-love.com\/fr\/wp-json\/wp\/v2\/product_brand?post=124139"},{"taxonomy":"product_cat","embeddable":true,"href":"https:\/\/gpl-love.com\/fr\/wp-json\/wp\/v2\/product_cat?post=124139"},{"taxonomy":"product_tag","embeddable":true,"href":"https:\/\/gpl-love.com\/fr\/wp-json\/wp\/v2\/product_tag?post=124139"}],"curies":[{"name":"wp","href":"https:\/\/api.w.org\/{rel}","templated":true}]}}