{"id":123996,"date":"2024-12-22T00:00:00","date_gmt":"2024-12-21T23:00:00","guid":{"rendered":"https:\/\/gpl-love.com\/fr\/produit\/mega-main-menu\/"},"modified":"2026-03-20T23:24:21","modified_gmt":"2026-03-20T22:24:21","slug":"mega-main-menu","status":"publish","type":"product","link":"https:\/\/gpl-love.com\/fr\/produit\/mega-main-menu\/","title":{"rendered":"Mega Main Menu 2.2.4"},"content":{"rendered":"<h3>Mega Main Menu Traits<\/h3>\n<p>Mega Main Menu, un plugin WordPress tr\u00e8s puissant et adaptable, pr\u00e9sente un syst\u00e8me de navigation tr\u00e8s intuitif et convivial pour votre site Web. Ce plugin vous permet de fabriquer sans effort des menus visuellement \u00e9tonnants et r\u00e9actifs, qui peuvent \u00eatre g\u00e9r\u00e9s et optimis\u00e9s de mani\u00e8re transparente sur une multitude de plates-formes, y compris les appareils de bureau et mobiles. En tirant parti des capacit\u00e9s du menu principal de Mega, vous pouvez injecter sans effort une pl\u00e9thore d&rsquo;\u00e9l\u00e9ments tels que des ic\u00f4nes, des widgets et des codes shortcodes dans vos menus, facilitant ainsi la cr\u00e9ation de conceptions personnalis\u00e9es et distinctives qui s&rsquo;alignent bien avec votre identit\u00e9 de marque. De plus, ce plugin poss\u00e8de une vaste gamme d&rsquo;options de configuration, vous offrant la possibilit\u00e9 d&rsquo;adapter m\u00e9ticuleusement l&rsquo;apparence et l&rsquo;ambiance de vos menus pour s&rsquo;harmoniser avec l&rsquo;esth\u00e9tique et la palette de couleurs de votre site Web. En substance, le menu Mega principal est un outil indispensable pour les propri\u00e9taires de sites Web aspirant \u00e0 \u00e9lever la structure de navigation et l&rsquo;exp\u00e9rience utilisateur globale de leurs plateformes en ligne.<\/p>\n<ul>\n<li>Un plugin WordPress r\u00e9actif et personnalisable pour cr\u00e9er des menus de navigation avanc\u00e9s<\/li>\n<li>Propose de nombreux mod\u00e8les pr\u00e9-con\u00e7us parmi lesquels choisir, et permet \u00e9galement \u00e0 la personnalisation compl\u00e8te d&rsquo;adapter la marque de votre site Web<\/li>\n<li>Supporte une prise en charge des menus d\u00e9roulants, des ic\u00f4nes, des images et des widgets pour ajouter des fonctionnalit\u00e9s avanc\u00e9es au menu<\/li>\n<li>Vous permet d&rsquo;ajouter une barre de recherche, des formulaires de connexion \/ enregistrement, un panier et des ic\u00f4nes de m\u00e9dias sociaux au menu<\/li>\n<li>Vous permet de cr\u00e9er des menus \u00e0 plusieurs niveaux avec des niveaux de sous-menu illimit\u00e9<\/li>\n<li>Offre plus de 100 options de police et des variations de couleurs illimit\u00e9es pour styliser le menu<\/li>\n<li>Compatible avec les constructeurs de pages populaires, tels que Elementor, Visual Composer, Divi et Beaver Builder<\/li>\n<li>Fournit une documentation approfondie et une \u00e9quipe d&rsquo;assistance utile<\/li>\n<li>R\u00e9guli\u00e8rement mis \u00e0 jour avec de nouvelles fonctionnalit\u00e9s et corrections de bogues.<\/li>\n<li>Facilit\u00e9 d&rsquo;utilisation et d\u00e9butants.<\/li>\n<\/ul>\n","protected":false},"excerpt":{"rendered":"<p>Mega Main Menu, un plugin WordPress remarquable, poss\u00e8de la possibilit\u00e9 de fabriquer des menus esth\u00e9tiquement agr\u00e9ables et tr\u00e8s fonctionnels pour les sites Web. Ce plugin, \u00e9quip\u00e9 d&rsquo;une interface de glisser-d\u00e9poser intuitive et d&rsquo;une vaste gamme de conceptions personnalisables, permet aux utilisateurs de construire sans effort des menus r\u00e9actifs qui s&rsquo;adaptent parfaitement \u00e0 n&rsquo;importe quel appareil. Avec une abondance d&rsquo;options \u00e0 leur disposition, comme une s\u00e9lection diversifi\u00e9e de 12 styles distincts, 10 sch\u00e9mas de couleurs s\u00e9duisants et une multitude d&rsquo;animations d\u00e9roulantes captivantes, la m\u00e9ga menu principal permet aux utilisateurs d&rsquo;\u00e9lever les capacit\u00e9s de navigation de leur site Web et de donner \u00e0 leurs visiteurs estim\u00e9s et \u00e0 Exp\u00e9rience utilisateur in\u00e9gal\u00e9e.<\/p>\n","protected":false},"featured_media":144496,"comment_status":"open","ping_status":"open","template":"","meta":[],"product_brand":[2435],"product_cat":[1189,1181,1186],"product_tag":[1231],"class_list":{"0":"post-123996","1":"product","2":"type-product","3":"status-publish","4":"has-post-thumbnail","6":"product_brand-codecanyon","7":"product_cat-personnalisation","8":"product_cat-plugins","9":"product_cat-wordpress-plugins","10":"product_tag-codecanyon","11":"member-discount","12":"discount-restricted","14":"first","15":"instock","16":"sale","17":"downloadable","18":"virtual","19":"sold-individually","20":"purchasable","21":"product-type-simple"},"_links":{"self":[{"href":"https:\/\/gpl-love.com\/fr\/wp-json\/wp\/v2\/product\/123996","targetHints":{"allow":["GET"]}}],"collection":[{"href":"https:\/\/gpl-love.com\/fr\/wp-json\/wp\/v2\/product"}],"about":[{"href":"https:\/\/gpl-love.com\/fr\/wp-json\/wp\/v2\/types\/product"}],"replies":[{"embeddable":true,"href":"https:\/\/gpl-love.com\/fr\/wp-json\/wp\/v2\/comments?post=123996"}],"wp:featuredmedia":[{"embeddable":true,"href":"https:\/\/gpl-love.com\/fr\/wp-json\/wp\/v2\/media\/144496"}],"wp:attachment":[{"href":"https:\/\/gpl-love.com\/fr\/wp-json\/wp\/v2\/media?parent=123996"}],"wp:term":[{"taxonomy":"product_brand","embeddable":true,"href":"https:\/\/gpl-love.com\/fr\/wp-json\/wp\/v2\/product_brand?post=123996"},{"taxonomy":"product_cat","embeddable":true,"href":"https:\/\/gpl-love.com\/fr\/wp-json\/wp\/v2\/product_cat?post=123996"},{"taxonomy":"product_tag","embeddable":true,"href":"https:\/\/gpl-love.com\/fr\/wp-json\/wp\/v2\/product_tag?post=123996"}],"curies":[{"name":"wp","href":"https:\/\/api.w.org\/{rel}","templated":true}]}}