{"id":123994,"date":"2026-01-12T00:00:00","date_gmt":"2026-01-11T23:00:00","guid":{"rendered":"https:\/\/gpl-love.com\/fr\/produit\/automatewoo-refer-a-friend\/"},"modified":"2026-03-20T22:55:21","modified_gmt":"2026-03-20T21:55:21","slug":"automatewoo-refer-a-friend","status":"publish","type":"product","link":"https:\/\/gpl-love.com\/fr\/produit\/automatewoo-refer-a-friend\/","title":{"rendered":"AutomateWoo Refer A Friend 2.8.13"},"content":{"rendered":"<h3>AutomateWoo Refer A Friend Traits<\/h3>\n<p>Automatewoo r\u00e9f\u00e9rer un ami, un outil de marketing de r\u00e9f\u00e9rence tr\u00e8s puissant, est con\u00e7u pour aider les entreprises \u00e0 attirer une client\u00e8le plus grande par le biais du bouche \u00e0 oreille puissant. Ce plugin exceptionnel vous permet d&rsquo;\u00e9tablir des programmes de r\u00e9f\u00e9rence sur mesure qui incitent efficacement votre client\u00e8le existante, les encourageant ainsi \u00e0 \u00e9tendre les invitations \u00e0 leurs connaissances et \u00e0 leurs proches, en fin de compte en les convertissant en clients neufs. En tirant parti des fonctionnalit\u00e9s de courrier \u00e9lectronique automatis\u00e9es, de la fourniture de liens de r\u00e9f\u00e9rence uniques et de la mise en \u0153uvre de r\u00e9compenses pour des r\u00e9f\u00e9rences r\u00e9ussies, Automatewoo r\u00e9f\u00e9re un ami en toute transparence dans l&rsquo;expansion de votre client\u00e8le et l&rsquo;augmentation de vos sources de revenus. De plus, ce plugin remarquable vous offre en outre des rapports et des analyses complets, vous permettant de suivre m\u00e9ticuleusement les performances de votre programme de r\u00e9f\u00e9rence et d&rsquo;optimiser son efficacit\u00e9 pour atteindre des r\u00e9sultats encore plus remarquables. Que vous soyez un propri\u00e9taire commercial \u00e0 petite \u00e9chelle ou un professionnel chevronn\u00e9 du marketing, Automatewoo r\u00e9f\u00e9rer un ami est un outil indispensable qui poss\u00e8de le potentiel de fournir une assistance inestimable pour r\u00e9aliser vos aspirations.<\/p>\n<ul>\n<li>Boostez votre marketing de r\u00e9f\u00e9rence avec Automatewoo Reprow A Friend Program<\/li>\n<li>Encouragez les clients fid\u00e8les \u00e0 r\u00e9f\u00e9rer leurs amis et leur famille \u00e0 votre entreprise<\/li>\n<li>Int\u00e9grez de mani\u00e8re transparente le programme de r\u00e9f\u00e9rence \u00e0 un ami dans votre boutique en ligne avec Automatewoo<\/li>\n<li>Offrez des incitations \u00e0 la fois au r\u00e9f\u00e9rent et \u00e0 l&rsquo;arbitre des r\u00e9f\u00e9rences r\u00e9ussies<\/li>\n<li>G\u00e9rer et suivre facilement les r\u00e9sultats de votre programme de r\u00e9f\u00e9rence via le tableau de bord d&rsquo;automatewoo<\/li>\n<li>Les param\u00e8tres personnalisables vous permettent d&rsquo;adapter le programme \u00e0 r\u00e9pondre aux besoins de votre entreprise<\/li>\n<li>Augmentez l&rsquo;acquisition et la r\u00e9tention des clients gr\u00e2ce \u00e0 la puissance du marketing de bouche \u00e0 oreille avec le programme de r\u00e9f\u00e9rences Automatewoo.<\/li>\n<\/ul>\n","protected":false},"excerpt":{"rendered":"<p>Lib\u00e9rez le potentiel de votre entreprise en ligne avec Automatewoo R\u00e9f\u00e9rez un ami. Cet outil puissant vous permet de transformer vos clients existants en d\u00e9fenseurs de la marque, de tirer parti de leurs r\u00e9seaux sociaux pour stimuler les r\u00e9f\u00e9rences et augmenter vos ventes. Automatewoo r\u00e9f\u00e9rer un ami vous permet d&rsquo;incorporer de mani\u00e8re transparente un programme de r\u00e9f\u00e9rence dans votre boutique WooCommerce. Son interface conviviale facilite la gestion et le suivi de vos r\u00e9f\u00e9rences, tandis que ses fonctionnalit\u00e9s personnalisables vous permettent d&rsquo;adapter votre programme en fonction des besoins de votre entreprise. Les principales fonctionnalit\u00e9s et avantages de cet outil comprennent des rappels de courrier \u00e9lectronique automatis\u00e9s aux clients, des codes de r\u00e9f\u00e9rence personnalisables et des rapports complets pour vous aider \u00e0 suivre le succ\u00e8s de votre programme de r\u00e9f\u00e9rence. Avec Automatewoo r\u00e9f\u00e9rer un ami, vous attirerez non seulement de nouveaux clients, mais vous encouragerez \u00e9galement la fid\u00e9lit\u00e9 parmi vos existants, ce qui entra\u00eene une croissance \u00e0 long terme pour votre entreprise.<\/p>\n","protected":false},"featured_media":143177,"comment_status":"open","ping_status":"open","template":"","meta":[],"product_brand":[2463],"product_cat":[1200,1182,1181],"product_tag":[1217],"class_list":{"0":"post-123994","1":"product","2":"type-product","3":"status-publish","4":"has-post-thumbnail","6":"product_brand-automate-woo","7":"product_cat-commercialisation","8":"product_cat-commerce-electronique-plugins","9":"product_cat-plugins","10":"product_tag-automate-woo","11":"member-discount","12":"discount-restricted","14":"first","15":"instock","16":"sale","17":"downloadable","18":"virtual","19":"sold-individually","20":"purchasable","21":"product-type-simple"},"_links":{"self":[{"href":"https:\/\/gpl-love.com\/fr\/wp-json\/wp\/v2\/product\/123994","targetHints":{"allow":["GET"]}}],"collection":[{"href":"https:\/\/gpl-love.com\/fr\/wp-json\/wp\/v2\/product"}],"about":[{"href":"https:\/\/gpl-love.com\/fr\/wp-json\/wp\/v2\/types\/product"}],"replies":[{"embeddable":true,"href":"https:\/\/gpl-love.com\/fr\/wp-json\/wp\/v2\/comments?post=123994"}],"wp:featuredmedia":[{"embeddable":true,"href":"https:\/\/gpl-love.com\/fr\/wp-json\/wp\/v2\/media\/143177"}],"wp:attachment":[{"href":"https:\/\/gpl-love.com\/fr\/wp-json\/wp\/v2\/media?parent=123994"}],"wp:term":[{"taxonomy":"product_brand","embeddable":true,"href":"https:\/\/gpl-love.com\/fr\/wp-json\/wp\/v2\/product_brand?post=123994"},{"taxonomy":"product_cat","embeddable":true,"href":"https:\/\/gpl-love.com\/fr\/wp-json\/wp\/v2\/product_cat?post=123994"},{"taxonomy":"product_tag","embeddable":true,"href":"https:\/\/gpl-love.com\/fr\/wp-json\/wp\/v2\/product_tag?post=123994"}],"curies":[{"name":"wp","href":"https:\/\/api.w.org\/{rel}","templated":true}]}}