{"id":123991,"date":"2026-04-08T00:00:00","date_gmt":"2026-04-07T22:00:00","guid":{"rendered":"https:\/\/gpl-love.com\/fr\/produit\/automatewoo-birthdays\/"},"modified":"2026-04-09T00:30:18","modified_gmt":"2026-04-08T22:30:18","slug":"automatewoo-birthdays","status":"publish","type":"product","link":"https:\/\/gpl-love.com\/fr\/produit\/automatewoo-birthdays\/","title":{"rendered":"AutomateWoo Birthdays 1.3.57"},"content":{"rendered":"<h3>AutomateWoo Birthdays Traits<\/h3>\n<p>Automatewoo anniversaires est un outil incroyablement robuste et efficace qui permet aux entreprises d&rsquo;automatiser sans effort et efficacement leurs campagnes de marketing d&rsquo;anniversaire avec la plus grande facilit\u00e9 et la plus grande commodit\u00e9. Cet outil remarquable permet aux entreprises d&rsquo;envoyer de mani\u00e8re transparente et sans effort des messages d&rsquo;anniversaire hautement personnalis\u00e9s et sur mesure et des offres \u00e0 leurs clients estim\u00e9s et ch\u00e9ris lors de leur journ\u00e9e de naissance importante et exceptionnelle. De plus, ce plugin extraordinaire s&rsquo;int\u00e8gre de mani\u00e8re transparente \u00e0 WooCommerce, l&rsquo;une des plates-formes de commerce \u00e9lectronique les plus renomm\u00e9es et les plus utilis\u00e9es, ce qui la rend exceptionnellement facile et simple \u00e0 configurer et \u00e0 personnaliser en fonction des exigences et des pr\u00e9f\u00e9rences uniques de l&rsquo;entreprise. En tirant parti des capacit\u00e9s et des fonctionnalit\u00e9s remarquables des anniversaires Automatewoo, les entreprises peuvent augmenter et am\u00e9liorer remarquablement et consid\u00e9rablement l&rsquo;engagement des clients, stimuler les ventes et les revenus, et surtout, forger et cultiver des connexions et des relations plus profondes et plus profondes avec leurs clients estim\u00e9s. Ainsi, il s&rsquo;agit vraiment et ind\u00e9niablement d&rsquo;un plugin indispensable et crucial pour les entreprises qui aspirent et s&rsquo;efforcent de transcender et de d\u00e9passer leurs campagnes de marketing et d&rsquo;initiatives existantes, leur permettant de se d\u00e9marquer sans effort et sans effort de la concurrence incessante et f\u00e9roce qui impr\u00e8gne le paysage des entreprises contemporaines. En conclusion, il peut \u00eatre affirm\u00e9 en toute confiance et sans \u00e9quivoque qu&rsquo;Automatewoo anniversaires est une n\u00e9cessit\u00e9 absolue et sans \u00e9quivoque et un outil indispensable pour toute entreprise qui cherche v\u00e9ritablement et sinc\u00e8rement \u00e0 forger et \u00e0 \u00e9tablir des connexions et des relations significatives et profondes avec leurs clients estim\u00e9s, et, finalement, catalyser et catalyser et profond\u00e9ment propulser une croissance et une expansion substantielles et notables.<\/p>\n<ul>\n<li>Envoie automatiquement des e-mails d&rsquo;anniversaire personnalis\u00e9s \u00e0 vos clients.<\/li>\n<li>Offre la possibilit\u00e9 d&rsquo;inclure des remises ou des cadeaux personnalis\u00e9s dans l&rsquo;e-mail.<\/li>\n<li>Envoie une s\u00e9rie d&rsquo;e-mails de suivi aux clients en fonction de leur engagement avec l&rsquo;e-mail d&rsquo;anniversaire initial.<\/li>\n<li>S&rsquo;int\u00e8gre aux plateformes de commerce \u00e9lectronique populaires telles que WooCommerce et Shopify.<\/li>\n<li>Peut \u00eatre programm\u00e9 pour envoyer des e-mails d&rsquo;anniversaire \u00e0 un moment pr\u00e9cis chaque jour \/ semaine \/ mois.<\/li>\n<li>Fournit des rapports et des analyses approfondis sur les taux d&rsquo;engagement des e-mails d&rsquo;anniversaire.<\/li>\n<li>Permet la cr\u00e9ation de plusieurs mod\u00e8les d&rsquo;e-mail d&rsquo;anniversaire et la segmentation des clients en fonction de la d\u00e9mographie sp\u00e9cifique.<\/li>\n<li>Fournit des donn\u00e9es et des informations clients pour aider les entreprises \u00e0 mieux comprendre leur client\u00e8le.<\/li>\n<\/ul>\n","protected":false},"excerpt":{"rendered":"<p>Mettez une touche personnelle \u00e0 votre strat\u00e9gie marketing avec Automatewoo anniversaires. Ce logiciel avanc\u00e9 est con\u00e7u pour aider les entreprises comme les v\u00f4tres automatiser les salutations d&rsquo;anniversaire et les offres sp\u00e9ciales, conduisant \u00e0 une augmentation de l&rsquo;engagement et de la fid\u00e9lit\u00e9 des clients. Avec Automatewoo anniversaires, vous pouvez facilement cr\u00e9er et personnaliser des e-mails d&rsquo;anniversaire ou des SMS pour vos clients. Les puissantes fonctionnalit\u00e9s d&rsquo;automatisation du logiciel garantissent que ces messages sont envoy\u00e9s au bon moment, \u00e0 chaque fois. De plus, il rassemble \u00e9galement de pr\u00e9cieuses donn\u00e9es clients qui peuvent \u00eatre utilis\u00e9es pour affiner davantage vos efforts de marketing. D\u00e9couvrez les avantages du marketing personnalis\u00e9 avec Automatewoo anniversaires.<\/p>\n","protected":false},"featured_media":143175,"comment_status":"open","ping_status":"open","template":"","meta":[],"product_brand":[2463],"product_cat":[1182,1200,1181],"product_tag":[1217],"class_list":{"0":"post-123991","1":"product","2":"type-product","3":"status-publish","4":"has-post-thumbnail","6":"product_brand-automate-woo","7":"product_cat-commerce-electronique-plugins","8":"product_cat-commercialisation","9":"product_cat-plugins","10":"product_tag-automate-woo","11":"member-discount","12":"discount-restricted","14":"first","15":"instock","16":"sale","17":"downloadable","18":"virtual","19":"sold-individually","20":"purchasable","21":"product-type-simple"},"_links":{"self":[{"href":"https:\/\/gpl-love.com\/fr\/wp-json\/wp\/v2\/product\/123991","targetHints":{"allow":["GET"]}}],"collection":[{"href":"https:\/\/gpl-love.com\/fr\/wp-json\/wp\/v2\/product"}],"about":[{"href":"https:\/\/gpl-love.com\/fr\/wp-json\/wp\/v2\/types\/product"}],"replies":[{"embeddable":true,"href":"https:\/\/gpl-love.com\/fr\/wp-json\/wp\/v2\/comments?post=123991"}],"wp:featuredmedia":[{"embeddable":true,"href":"https:\/\/gpl-love.com\/fr\/wp-json\/wp\/v2\/media\/143175"}],"wp:attachment":[{"href":"https:\/\/gpl-love.com\/fr\/wp-json\/wp\/v2\/media?parent=123991"}],"wp:term":[{"taxonomy":"product_brand","embeddable":true,"href":"https:\/\/gpl-love.com\/fr\/wp-json\/wp\/v2\/product_brand?post=123991"},{"taxonomy":"product_cat","embeddable":true,"href":"https:\/\/gpl-love.com\/fr\/wp-json\/wp\/v2\/product_cat?post=123991"},{"taxonomy":"product_tag","embeddable":true,"href":"https:\/\/gpl-love.com\/fr\/wp-json\/wp\/v2\/product_tag?post=123991"}],"curies":[{"name":"wp","href":"https:\/\/api.w.org\/{rel}","templated":true}]}}