{"id":123982,"date":"2023-06-13T00:00:00","date_gmt":"2023-06-12T22:00:00","guid":{"rendered":"https:\/\/gpl-love.com\/fr\/produit\/jeg-weather-forecast-addon-pour-elementor-et-wpbakery\/"},"modified":"2026-03-20T23:20:43","modified_gmt":"2026-03-20T22:20:43","slug":"jeg-weather-forecast-addon-pour-elementor-et-wpbakery","status":"publish","type":"product","link":"https:\/\/gpl-love.com\/fr\/produit\/jeg-weather-forecast-addon-pour-elementor-et-wpbakery\/","title":{"rendered":"Jeg Weather Forecast Addon pour Elementor et WPBakery 1.0.5"},"content":{"rendered":"<h3>Jeg Weather Forecast Addon pour Elementor et WPBakery Traits<\/h3>\n<p>L&rsquo;addon de pr\u00e9vision m\u00e9t\u00e9o Jeg, qui est un plugin incroyablement puissant et remarquablement convivial, est con\u00e7u sp\u00e9cifiquement pour les plates-formes Elementor et WPBakery, permettant aux utilisateurs d&rsquo;obtenir sans effort des pr\u00e9visions m\u00e9t\u00e9orologiques pr\u00e9cises pour n&rsquo;importe quel endroit \u00e0 travers le monde. Cet addon exceptionnel poss\u00e8de une interface intuitive et un \u00e9ventail de fonctionnalit\u00e9s avanc\u00e9es, offrant aux utilisateurs la possibilit\u00e9 d&rsquo;incorporer de mani\u00e8re transparente les widgets m\u00e9t\u00e9orologiques dans leurs pages Web ou leurs publications, pr\u00e9sentant ainsi des conditions \u00e0 la minute, ainsi que des pr\u00e9visions d\u00e9taill\u00e9es sur une heure et une heure Base quotidienne, entre autres informations pr\u00e9cieuses. Incroyablement polyvalent, l&rsquo;addon permet une personnalisation approfondie, accordant aux utilisateurs l&rsquo;acc\u00e8s \u00e0 un large \u00e9ventail d&rsquo;options de conception et un assortiment de sources de donn\u00e9es m\u00e9t\u00e9orologiques \u00e0 s\u00e9lectionner. Ainsi, que vous d\u00e9veloppiez un blog de voyage captivant, un site Web engageant de loisirs en plein air, ou que vous souhaitiez simplement vous assurer que vos visiteurs sont toujours tenus inform\u00e9s en ce qui concerne les conditions m\u00e9t\u00e9orologiques locales, l&rsquo;addon de pr\u00e9vision m\u00e9t\u00e9o Jeg est un outil indispensable qui ne sera pas sans aucun doute Am\u00e9liorez la fonctionnalit\u00e9 et l&rsquo;utilit\u00e9 globale de votre site Web.<\/p>\n<ul>\n<li>Int\u00e9gration des pr\u00e9visions m\u00e9t\u00e9orologiques en temps r\u00e9el directement dans Elementor et WPBakery<\/li>\n<li>Comprend les conditions m\u00e9t\u00e9orologiques actuelles, les pr\u00e9visions horaires et quotidiennes et les pr\u00e9visions de 10 jours prolong\u00e9es<\/li>\n<li>Affiche les ic\u00f4nes m\u00e9t\u00e9orologiques pour repr\u00e9senter visuellement les conditions actuelles<\/li>\n<li>Choisissez parmi plusieurs styles de mise en page et personnalisez les options de police et de couleur<\/li>\n<li>Option pour afficher la m\u00e9t\u00e9o pour un emplacement sp\u00e9cifique ou l&#8217;emplacement actuel de l&rsquo;utilisateur \u00e0 l&rsquo;aide de la g\u00e9olocalisation<\/li>\n<li>Compatible avec toutes les principales sources de donn\u00e9es m\u00e9t\u00e9orologiques telles que Openweathermap, Weatherbit et Accuweather<\/li>\n<li>Conception sensible au mobile pour une visualisation transparente sur tous les appareils<\/li>\n<li>Installation et configuration faciles avec une documentation d\u00e9taill\u00e9e et une assistance disponibles<\/li>\n<\/ul>\n","protected":false},"excerpt":{"rendered":"<p>Le JEG Weather Forecast Addon est un plugin incroyablement robuste et tr\u00e8s efficace qui s&rsquo;int\u00e8gre sans effort avec Elementor et WPBakery, vous offrant ainsi de mani\u00e8re transparente la possibilit\u00e9 d&rsquo;acqu\u00e9rir des pr\u00e9visions m\u00e9t\u00e9orologiques pr\u00e9cises et m\u00e9ticuleuses pour votre site Web. Cet addon extraordinaire englobe un vaste \u00e9ventail de widgets et de modules qui sont enti\u00e8rement personnalisables, vous accordant ainsi la libert\u00e9 de montrer un assortiment de d\u00e9tails tels que les conditions atmosph\u00e9riques actuelles, les pr\u00e9visions de temp\u00e9rature, la vitesse du vent et une abondance d&rsquo;informations suppl\u00e9mentaires. Que vous soyez exploit\u00e9 un blog de voyage captivant, une boutique en ligne florissante ou m\u00eame un site Web local populaire, l&rsquo;addon de pr\u00e9vision m\u00e9t\u00e9o Jeg sert d&rsquo;instrument id\u00e9al pour s&rsquo;assurer que les visiteurs estim\u00e9s du site sont constamment maintenus bien inform\u00e9s et engag\u00e9s de mani\u00e8re significative . \u00c9levez la qualit\u00e9 de votre site Web aujourd&rsquo;hui en installant ce plugin projetant m\u00e9t\u00e9o indispensable et indispensable!<\/p>\n","protected":false},"featured_media":144258,"comment_status":"open","ping_status":"open","template":"","meta":[],"product_brand":[2435],"product_cat":[1189,1181,1186],"product_tag":[1231],"class_list":{"0":"post-123982","1":"product","2":"type-product","3":"status-publish","4":"has-post-thumbnail","6":"product_brand-codecanyon","7":"product_cat-personnalisation","8":"product_cat-plugins","9":"product_cat-wordpress-plugins","10":"product_tag-codecanyon","11":"member-discount","12":"discount-restricted","14":"first","15":"instock","16":"sale","17":"downloadable","18":"virtual","19":"sold-individually","20":"purchasable","21":"product-type-simple"},"_links":{"self":[{"href":"https:\/\/gpl-love.com\/fr\/wp-json\/wp\/v2\/product\/123982","targetHints":{"allow":["GET"]}}],"collection":[{"href":"https:\/\/gpl-love.com\/fr\/wp-json\/wp\/v2\/product"}],"about":[{"href":"https:\/\/gpl-love.com\/fr\/wp-json\/wp\/v2\/types\/product"}],"replies":[{"embeddable":true,"href":"https:\/\/gpl-love.com\/fr\/wp-json\/wp\/v2\/comments?post=123982"}],"wp:featuredmedia":[{"embeddable":true,"href":"https:\/\/gpl-love.com\/fr\/wp-json\/wp\/v2\/media\/144258"}],"wp:attachment":[{"href":"https:\/\/gpl-love.com\/fr\/wp-json\/wp\/v2\/media?parent=123982"}],"wp:term":[{"taxonomy":"product_brand","embeddable":true,"href":"https:\/\/gpl-love.com\/fr\/wp-json\/wp\/v2\/product_brand?post=123982"},{"taxonomy":"product_cat","embeddable":true,"href":"https:\/\/gpl-love.com\/fr\/wp-json\/wp\/v2\/product_cat?post=123982"},{"taxonomy":"product_tag","embeddable":true,"href":"https:\/\/gpl-love.com\/fr\/wp-json\/wp\/v2\/product_tag?post=123982"}],"curies":[{"name":"wp","href":"https:\/\/api.w.org\/{rel}","templated":true}]}}