{"id":123962,"date":"2022-07-10T00:00:00","date_gmt":"2022-07-09T22:00:00","guid":{"rendered":"https:\/\/gpl-love.com\/fr\/produit\/hodil-architecture-agency-wordpress-theme\/"},"modified":"2026-03-20T23:19:33","modified_gmt":"2026-03-20T22:19:33","slug":"hodil-architecture-agency-wordpress-theme","status":"publish","type":"product","link":"https:\/\/gpl-love.com\/fr\/produit\/hodil-architecture-agency-wordpress-theme\/","title":{"rendered":"Hodil Architecture Agency WordPress Theme 1.3.1"},"content":{"rendered":"<h3>Hodil Architecture Agency WordPress Theme Traits<\/h3>\n<p>Le th\u00e8me WordPress de l&rsquo;agence d&rsquo;architecture Hodil, r\u00e9put\u00e9 pour sa multifonctionnalit\u00e9 et son adaptabilit\u00e9, appara\u00eet comme un instrument inestimable dans la construction d&rsquo;un site Web extraordinaire adapt\u00e9 \u00e0 toute agence d&rsquo;architecture ou entreprise de conception. Avec son design immacul\u00e9 et contemporain, ce th\u00e8me poss\u00e8de une vaste gamme de fonctionnalit\u00e9s et de choix qui servent \u00e0 pr\u00e9senter votre portefeuille, \u00e0 accentuer vos services et \u00e0 favoriser des interactions significatives avec votre client\u00e8le estim\u00e9e. De plus, sa mise en page r\u00e9active et sa compatibilit\u00e9 avec des plugins importantes garantissent que votre site Web d\u00e9gagera un attrait esth\u00e9tique sur tous les appareils et restera sans effort g\u00e9rable. Que vous ayez des ann\u00e9es d&rsquo;exp\u00e9rience en tant que d\u00e9veloppeur Web chevronn\u00e9 ou que vous soyez un novice qui s&rsquo;aventure dans ce domaine, le th\u00e8me WordPress de l&rsquo;agence d&rsquo;architecture Hodil r\u00e9pond \u00e0 vos besoins en fournissant une interface conviviale et des options intuitives qui vous permettent de cr\u00e9er un en ligne pr\u00e9sence \u00e0 la fois professionnelle et influente.<\/p>\n<ul>\n<li>Design \u00e9l\u00e9gant et moderne adapt\u00e9 aux agences d&rsquo;architecture<\/li>\n<li>Enti\u00e8rement personnalisable avec de nombreuses options de th\u00e8me<\/li>\n<li>Construit avec une structure SEO-friendly pour am\u00e9liorer la visibilit\u00e9 du site Web<\/li>\n<li>Conception r\u00e9active et conviviale pour une visualisation optimale sur tous les appareils<\/li>\n<li>Comprend une gamme de mod\u00e8les de page et de blocs pr\u00e9d\u00e9finis pour une cr\u00e9ation de contenu facile<\/li>\n<li>Prend en charge plusieurs langues pour le public mondial<\/li>\n<li>Int\u00e9gration facile avec des plugins populaires tels que WooCommerce et Formulaire de contact 7<\/li>\n<li>Vitesses de chargement rapide pour une exp\u00e9rience utilisateur fluide<\/li>\n<li>Mises \u00e0 jour r\u00e9guli\u00e8res et support client d\u00e9di\u00e9<\/li>\n<\/ul>\n","protected":false},"excerpt":{"rendered":"<p>Le th\u00e8me WordPress de l&rsquo;agence d&rsquo;architecture Hodil est un mod\u00e8le exceptionnel et contemporain qui a \u00e9t\u00e9 m\u00e9ticuleusement con\u00e7u dans le seul but de s&rsquo;adresser aux agences d&rsquo;architecture, aux designers d&rsquo;int\u00e9rieur et aux architectes paysagistes. Ce th\u00e8me particulier est fier de son design \u00e9l\u00e9gant et poli, ce qui en fait une plate-forme id\u00e9ale pour mettre en \u00e9vidence efficacement divers projets, services et informations pertinentes de l&rsquo;entreprise. En plus de ses attributs visuellement \u00e9tonnants, le th\u00e8me WordPress de l&rsquo;agence d&rsquo;architecture Hodil propose un \u00e9ventail de fonctionnalit\u00e9s b\u00e9n\u00e9fiques telles que des options personnalisables pour la personnalisation sans effort, une conception r\u00e9active qui s&rsquo;adapte de mani\u00e8re transparente \u00e0 diff\u00e9rents appareils et une gamme diversifi\u00e9e de dispositions pour les blogs et les portefeuilles. De plus, ce th\u00e8me fournit \u00e9galement des formes conviviales, garantissant une exp\u00e9rience sans tracas pour les visiteurs. Par cons\u00e9quent, sans un ombre de doute, le th\u00e8me WordPress de l&rsquo;agence d&rsquo;architecture Hodil sert de solution ultime pour toute entreprise d&rsquo;entreprise li\u00e9e \u00e0 l&rsquo;architecture \u00e0 \u00e9tablir une pr\u00e9sence en ligne pro\u00e9minente.<\/p>\n","protected":false},"featured_media":144180,"comment_status":"open","ping_status":"open","template":"","meta":[],"product_brand":[2433],"product_cat":[1516,1212,1213],"product_tag":[1366],"class_list":{"0":"post-123962","1":"product","2":"type-product","3":"status-publish","4":"has-post-thumbnail","6":"product_brand-themeforest","7":"product_cat-entreprise","8":"product_cat-themes","9":"product_cat-wordpress-themes","10":"product_tag-themeforest","11":"member-discount","12":"discount-restricted","14":"first","15":"instock","16":"sale","17":"downloadable","18":"virtual","19":"sold-individually","20":"purchasable","21":"product-type-simple"},"_links":{"self":[{"href":"https:\/\/gpl-love.com\/fr\/wp-json\/wp\/v2\/product\/123962","targetHints":{"allow":["GET"]}}],"collection":[{"href":"https:\/\/gpl-love.com\/fr\/wp-json\/wp\/v2\/product"}],"about":[{"href":"https:\/\/gpl-love.com\/fr\/wp-json\/wp\/v2\/types\/product"}],"replies":[{"embeddable":true,"href":"https:\/\/gpl-love.com\/fr\/wp-json\/wp\/v2\/comments?post=123962"}],"wp:featuredmedia":[{"embeddable":true,"href":"https:\/\/gpl-love.com\/fr\/wp-json\/wp\/v2\/media\/144180"}],"wp:attachment":[{"href":"https:\/\/gpl-love.com\/fr\/wp-json\/wp\/v2\/media?parent=123962"}],"wp:term":[{"taxonomy":"product_brand","embeddable":true,"href":"https:\/\/gpl-love.com\/fr\/wp-json\/wp\/v2\/product_brand?post=123962"},{"taxonomy":"product_cat","embeddable":true,"href":"https:\/\/gpl-love.com\/fr\/wp-json\/wp\/v2\/product_cat?post=123962"},{"taxonomy":"product_tag","embeddable":true,"href":"https:\/\/gpl-love.com\/fr\/wp-json\/wp\/v2\/product_tag?post=123962"}],"curies":[{"name":"wp","href":"https:\/\/api.w.org\/{rel}","templated":true}]}}