{"id":123960,"date":"2022-07-10T00:00:00","date_gmt":"2022-07-09T22:00:00","guid":{"rendered":"https:\/\/gpl-love.com\/fr\/produit\/glax-industry-wordpress-theme\/"},"modified":"2026-03-20T23:17:07","modified_gmt":"2026-03-20T22:17:07","slug":"glax-industry-wordpress-theme","status":"publish","type":"product","link":"https:\/\/gpl-love.com\/fr\/produit\/glax-industry-wordpress-theme\/","title":{"rendered":"Glax Industry WordPress Theme 1.4"},"content":{"rendered":"<h3>Glax Industry WordPress Theme Traits<\/h3>\n<p>Le th\u00e8me WordPress de l&rsquo;industrie GLAX est un outil incroyablement robuste qui a \u00e9t\u00e9 con\u00e7u de mani\u00e8re experte pour r\u00e9pondre aux exigences uniques des entreprises op\u00e9rant dans le secteur industriel. Ce th\u00e8me exceptionnel offre un \u00e9ventail de fonctionnalit\u00e9s personnalisables, ce qui permet aux propri\u00e9taires de sites de g\u00e9rer une pr\u00e9sence en ligne qui s&rsquo;aligne impeccablement sur leur identit\u00e9 de marque. Ce qui distingue ce th\u00e8me, c&rsquo;est son interface conviviale, permettant aux personnes ayant une expertise technique limit\u00e9e de construire sans effort un site Web esth\u00e9tique et professionnel qui garantit une exp\u00e9rience utilisateur transparente. De plus, le th\u00e8me propose gracieusement un assortiment de mod\u00e8les pr\u00e9-con\u00e7us, qui peuvent \u00eatre facilement adapt\u00e9s pour r\u00e9pondre aux exigences pr\u00e9cises du propri\u00e9taire du site. De plus, il poss\u00e8de une compatibilit\u00e9 avec une vaste s\u00e9lection de plugins et de modules compl\u00e9mentaires, augmentant ainsi encore sa fonctionnalit\u00e9. En r\u00e9sum\u00e9, le th\u00e8me WordPress de l&rsquo;industrie GLAX appara\u00eet comme une solution incroyablement polyvalente et robuste, aidant efficacement toute entreprise \u00e0 \u00e9tablir une pr\u00e9sence en ligne dominante et \u00e0 renforcer leur visibilit\u00e9 sur le march\u00e9 num\u00e9rique.<\/p>\n<ul>\n<li>Th\u00e8me WordPress professionnel con\u00e7u sp\u00e9cifiquement pour les entreprises de l&rsquo;industrie manufacturi\u00e8re<\/li>\n<li>Design propre et moderne en mettant l&rsquo;accent sur les images et les ic\u00f4nes sp\u00e9cifiques \u00e0 l&rsquo;industrie<\/li>\n<li>Enti\u00e8rement r\u00e9actif et adapt\u00e9 aux mobiles, garantir que votre site Web a fi\u00e8re allure sur n&rsquo;importe quel appareil<\/li>\n<li>Comprend un panneau d&rsquo;options de th\u00e8me puissant avec des options de personnalisation faciles pour les couleurs, les polices et la mise en page<\/li>\n<li>Widgets et shortcodes personnalis\u00e9s con\u00e7us sp\u00e9cifiquement pour l&rsquo;industrie manufacturi\u00e8re, y compris une vitrine de produits, des t\u00e9moignages et des membres de l&rsquo;\u00e9quipe<\/li>\n<li>Plusieurs dispositions de page d&rsquo;accueil au choix, y compris un curseur complet et une banni\u00e8re statique avec des boutons d&rsquo;appel \u00e0 l&rsquo;action<\/li>\n<li>Int\u00e9gration int\u00e9gr\u00e9e avec WooCommerce, vous permettant de configurer facilement une boutique en ligne pour votre entreprise<\/li>\n<li>SEO optimis\u00e9 pour aider votre site Web \u00e0 se classer plus haut dans les r\u00e9sultats des moteurs de recherche<\/li>\n<li>Processus d&rsquo;installation rapide et facile avec contenu de d\u00e9monstration inclus pour vous aider \u00e0 d\u00e9marrer<\/li>\n<li>Support client fiable de notre \u00e9quipe de d\u00e9veloppeurs exp\u00e9riment\u00e9s.<\/li>\n<\/ul>\n","protected":false},"excerpt":{"rendered":"<p>Con\u00e7u sp\u00e9cifiquement pour les entreprises du secteur industriel, le th\u00e8me WordPress de l&rsquo;industrie GLAX poss\u00e8de un design \u00e9l\u00e9gant et professionnel qui est \u00e0 la fois visuellement attrayant et tr\u00e8s fonctionnel. Ce th\u00e8me offre une pl\u00e9thore de dispositions personnalisables, vous permettant de cr\u00e9er sans effort un site Web unique qui repr\u00e9sente parfaitement votre marque. Avec ses en-t\u00eates polyvalents, ses pieds de page et ses options de barres lat\u00e9rales, vous avez la libert\u00e9 d&rsquo;adapter l&rsquo;apparence de votre site Web \u00e0 vos sp\u00e9cifications exactes. Non seulement le th\u00e8me WordPress de l&rsquo;industrie GLAX est esth\u00e9tiquement agr\u00e9able, mais il est \u00e9galement optimis\u00e9 pour l&rsquo;optimisation des moteurs de recherche (SEO) et la r\u00e9activit\u00e9 mobile, garantissant que votre site Web sera \u00e9tonnant et fonctionnera parfaitement sur n&rsquo;importe quel appareil. Gr\u00e2ce \u00e0 ses fonctionnalit\u00e9s conviviales telles que l&rsquo;\u00e9dition de glisser-d\u00e9poser et les options de couleurs personnalisables, la construction d&rsquo;un site Web impressionnant et enti\u00e8rement fonctionnel n&rsquo;a jamais \u00e9t\u00e9 plus facile ou plus efficace. De plus, le th\u00e8me WordPress de l&rsquo;industrie GLAX s&rsquo;int\u00e8gre parfaitement \u00e0 des plugins populaires comme WooCommerce, Contact Form 7 et Slider Revolution, vous offrant encore plus de polyvalence et de fonctionnalit\u00e9s am\u00e9lior\u00e9es. Ne manquez pas l&rsquo;opportunit\u00e9 d&rsquo;\u00e9tablir une forte pr\u00e9sence en ligne pour votre entreprise industrielle &#8211; choisissez le th\u00e8me WordPress de l&rsquo;industrie GLAX et \u00e9levez votre pr\u00e9sence num\u00e9rique \u00e0 de nouveaux sommets.<\/p>\n","protected":false},"featured_media":144024,"comment_status":"open","ping_status":"open","template":"","meta":[],"product_brand":[2433],"product_cat":[1516,1212,1213],"product_tag":[1366],"class_list":{"0":"post-123960","1":"product","2":"type-product","3":"status-publish","4":"has-post-thumbnail","6":"product_brand-themeforest","7":"product_cat-entreprise","8":"product_cat-themes","9":"product_cat-wordpress-themes","10":"product_tag-themeforest","11":"member-discount","12":"discount-restricted","14":"first","15":"instock","16":"sale","17":"downloadable","18":"virtual","19":"sold-individually","20":"purchasable","21":"product-type-simple"},"_links":{"self":[{"href":"https:\/\/gpl-love.com\/fr\/wp-json\/wp\/v2\/product\/123960","targetHints":{"allow":["GET"]}}],"collection":[{"href":"https:\/\/gpl-love.com\/fr\/wp-json\/wp\/v2\/product"}],"about":[{"href":"https:\/\/gpl-love.com\/fr\/wp-json\/wp\/v2\/types\/product"}],"replies":[{"embeddable":true,"href":"https:\/\/gpl-love.com\/fr\/wp-json\/wp\/v2\/comments?post=123960"}],"wp:featuredmedia":[{"embeddable":true,"href":"https:\/\/gpl-love.com\/fr\/wp-json\/wp\/v2\/media\/144024"}],"wp:attachment":[{"href":"https:\/\/gpl-love.com\/fr\/wp-json\/wp\/v2\/media?parent=123960"}],"wp:term":[{"taxonomy":"product_brand","embeddable":true,"href":"https:\/\/gpl-love.com\/fr\/wp-json\/wp\/v2\/product_brand?post=123960"},{"taxonomy":"product_cat","embeddable":true,"href":"https:\/\/gpl-love.com\/fr\/wp-json\/wp\/v2\/product_cat?post=123960"},{"taxonomy":"product_tag","embeddable":true,"href":"https:\/\/gpl-love.com\/fr\/wp-json\/wp\/v2\/product_tag?post=123960"}],"curies":[{"name":"wp","href":"https:\/\/api.w.org\/{rel}","templated":true}]}}