{"id":123958,"date":"2022-07-10T00:00:00","date_gmt":"2022-07-09T22:00:00","guid":{"rendered":"https:\/\/gpl-love.com\/fr\/produit\/yvonne-makeup-artist-wordpress-theme\/"},"modified":"2026-03-20T23:54:28","modified_gmt":"2026-03-20T22:54:28","slug":"yvonne-makeup-artist-wordpress-theme","status":"publish","type":"product","link":"https:\/\/gpl-love.com\/fr\/produit\/yvonne-makeup-artist-wordpress-theme\/","title":{"rendered":"Yvonne Makeup Artist WordPress Theme 1.0"},"content":{"rendered":"<h3>Yvonne Makeup Artist WordPress Theme Traits<\/h3>\n<p>Le th\u00e8me WordPress de Yvonne Makeup Artist est un th\u00e8me extr\u00eamement captivant et extr\u00eamement modifiable qui a \u00e9t\u00e9 sp\u00e9cifiquement con\u00e7u pour les maquilleurs comp\u00e9tents et les blogueurs de beaut\u00e9. Avec sa conception r\u00e9active et son constructeur de pages de glisser-d\u00e9poser, ce th\u00e8me facilite la pr\u00e9sentation de votre portfolio, services et articles de blog de mani\u00e8re profond\u00e9ment imaginative et professionnelle. Le th\u00e8me WordPress de la maquilleuse Yvonne pr\u00e9sente un \u00e9ventail d&rsquo;options de personnalisation qui englobent de nombreux sch\u00e9mas de couleurs, des choix typographiques et des dispositions sans limites pour s&rsquo;aligner parfaitement avec votre style individuel. En raison de son r\u00e9f\u00e9rencement enti\u00e8rement optimis\u00e9, votre site Web montera vers des \u00e9chelons plus \u00e9lev\u00e9s dans les r\u00e9sultats des moteurs de recherche, attirant ainsi un plus grand afflux de trafic vers votre entreprise. Alors pourquoi en tarder davantage? Acqu\u00e9rir le th\u00e8me WordPress de la maquilleuse Yvonne sans h\u00e9sitation et catapultez votre entreprise d&rsquo;art de maquillage \u00e0 des hauteurs in\u00e9gal\u00e9es!<\/p>\n<ul>\n<li>Th\u00e8me WordPress magnifiquement con\u00e7u sp\u00e9cialement cr\u00e9\u00e9 pour les maquilleurs<\/li>\n<li>Facile \u00e0 installer et \u00e0 personnaliser avec des dispositions de page et des sch\u00e9mas de couleurs pr\u00e9d\u00e9finies<\/li>\n<li>La conception r\u00e9active garantit que votre site Web aura fi\u00e8re allure sur tous les appareils<\/li>\n<li>L&rsquo;int\u00e9gration des flux Instagram vous permet de pr\u00e9senter votre portefeuille sur votre site Web<\/li>\n<li>Formulaire de contact et fonctionnalit\u00e9s du syst\u00e8me de r\u00e9servation incluses pour la communication et la planification des clients faciles<\/li>\n<li>Fonctionnalit\u00e9 de blog int\u00e9gr\u00e9e pour partager des conseils de maquillage et des nouvelles de l&rsquo;industrie<\/li>\n<li>SEO optimis\u00e9 pour vous aider \u00e0 classer plus haut dans les r\u00e9sultats des moteurs de recherche et \u00e0 attirer plus de clients<\/li>\n<li>Les ic\u00f4nes des m\u00e9dias sociaux et les boutons de partage permettent aux clients de partager facilement votre travail avec leurs amis et abonn\u00e9s<\/li>\n<li>\u00c9quipe de support client d\u00e9di\u00e9e disponible pour r\u00e9pondre \u00e0 toutes les questions ou aide aux besoins de personnalisation.<\/li>\n<\/ul>\n","protected":false},"excerpt":{"rendered":"<p>Nous sommes ravis de pr\u00e9senter le th\u00e8me WordPress de la maquilleuse Yvonne, une solution exceptionnelle et in\u00e9gal\u00e9e sp\u00e9cialement con\u00e7ue pour les professionnels de la beaut\u00e9 qui aspirent \u00e0 montrer leurs prouesses artistiques dans le domaine num\u00e9rique. Ce th\u00e8me remarquablement r\u00e9actif, avec un design exquis et sophistiqu\u00e9, est sur le point de captiver et de laisser une impression ind\u00e9l\u00e9bile sur les clients potentiels, tout en facilitant simultan\u00e9ment la navigation transparente tout au long de votre portefeuille m\u00e9ticuleusement organis\u00e9. Arm\u00e9 d&rsquo;une pl\u00e9thore d&rsquo;options de personnalisation conviviales et d&rsquo;un \u00e9ventail de pages pr\u00e9-con\u00e7ues \u00e0 votre disposition, le th\u00e8me de la maquilleuse Yvonne Wordpress vous permet de fa\u00e7onner sans effort un site Web resplendissant qui laissera les spectateurs. Que vous soyez un maquilleur chevronn\u00e9, un styliste visionnaire ou un blogueur de beaut\u00e9 captivant, ce th\u00e8me in\u00e9gal\u00e9 vous permettra sans aucun doute de vous diff\u00e9rencier sans effort de la mer de concurrents tout en captivant sans effort des clients potentiels qui seront sans aucun doute attir\u00e9s par vos offres exceptionnelles exceptionnelles . Ne perdez pas de temps \u00e0 r\u00e9volutionner votre trajectoire commerciale et \u00e0 entreprendre un parcours revigorant de croissance et de succ\u00e8s aujourd&rsquo;hui en embrassant le pouvoir transformateur et les possibilit\u00e9s illimit\u00e9es offertes par l&rsquo;extraordinaire le th\u00e8me de la maquilleuse Yvonne WordPress.<\/p>\n","protected":false},"featured_media":146466,"comment_status":"open","ping_status":"open","template":"","meta":[],"product_brand":[2433],"product_cat":[1242,1212,1213],"product_tag":[1366],"class_list":{"0":"post-123958","1":"product","2":"type-product","3":"status-publish","4":"has-post-thumbnail","6":"product_brand-themeforest","7":"product_cat-creatif","8":"product_cat-themes","9":"product_cat-wordpress-themes","10":"product_tag-themeforest","11":"member-discount","12":"discount-restricted","14":"first","15":"instock","16":"sale","17":"downloadable","18":"virtual","19":"sold-individually","20":"purchasable","21":"product-type-simple"},"_links":{"self":[{"href":"https:\/\/gpl-love.com\/fr\/wp-json\/wp\/v2\/product\/123958","targetHints":{"allow":["GET"]}}],"collection":[{"href":"https:\/\/gpl-love.com\/fr\/wp-json\/wp\/v2\/product"}],"about":[{"href":"https:\/\/gpl-love.com\/fr\/wp-json\/wp\/v2\/types\/product"}],"replies":[{"embeddable":true,"href":"https:\/\/gpl-love.com\/fr\/wp-json\/wp\/v2\/comments?post=123958"}],"wp:featuredmedia":[{"embeddable":true,"href":"https:\/\/gpl-love.com\/fr\/wp-json\/wp\/v2\/media\/146466"}],"wp:attachment":[{"href":"https:\/\/gpl-love.com\/fr\/wp-json\/wp\/v2\/media?parent=123958"}],"wp:term":[{"taxonomy":"product_brand","embeddable":true,"href":"https:\/\/gpl-love.com\/fr\/wp-json\/wp\/v2\/product_brand?post=123958"},{"taxonomy":"product_cat","embeddable":true,"href":"https:\/\/gpl-love.com\/fr\/wp-json\/wp\/v2\/product_cat?post=123958"},{"taxonomy":"product_tag","embeddable":true,"href":"https:\/\/gpl-love.com\/fr\/wp-json\/wp\/v2\/product_tag?post=123958"}],"curies":[{"name":"wp","href":"https:\/\/api.w.org\/{rel}","templated":true}]}}