{"id":123956,"date":"2024-03-03T00:00:00","date_gmt":"2024-03-02T23:00:00","guid":{"rendered":"https:\/\/gpl-love.com\/fr\/produit\/vasia-multipurpose-ecommerce-wordpress-theme\/"},"modified":"2026-04-10T18:44:53","modified_gmt":"2026-04-10T16:44:53","slug":"vasia-multipurpose-ecommerce-wordpress-theme","status":"publish","type":"product","link":"https:\/\/gpl-love.com\/fr\/produit\/vasia-multipurpose-ecommerce-wordpress-theme\/","title":{"rendered":"Vasia Multipurpose eCommerce WordPress Theme 1.0.2"},"content":{"rendered":"<h3>Vasia Multipurpose eCommerce WordPress Theme Traits<\/h3>\n<p>Le th\u00e8me WordPress de commerce \u00e9lectronique Vasia est une solution incroyablement polyvalente et compl\u00e8te qui est sp\u00e9cialement con\u00e7ue pour les personnes int\u00e9ress\u00e9es \u00e0 construire une boutique en ligne sophistiqu\u00e9e et visuellement magnifique. Ce th\u00e8me exceptionnel offre une interface tr\u00e8s conviviale, qui vous permet de personnaliser sans effort l&rsquo;apparence et l&rsquo;ambiance globales de votre site Web, le tout sans n\u00e9cessiter de comp\u00e9tences ou de connaissances de codage approfondies. En utilisant les capacit\u00e9s remarquables du th\u00e8me Vasia, vous pouvez produire sans effort une boutique en ligne d&rsquo;apparence professionnelle qui pr\u00e9sente et met en \u00e9vidence efficacement votre gamme diversifi\u00e9e de produits exceptionnels de la mani\u00e8re la plus optimale et la plus attrayante visuellement imaginable. Non seulement le th\u00e8me WordPress de commerce \u00e9lectronique Vasia propose une pl\u00e9thore d&rsquo;options de personnalisation, mais il est \u00e9galement rempli de nombreuses fonctionnalit\u00e9s, telles que des options de recherche tr\u00e8s avanc\u00e9es, ainsi que de multiples passerelles de paiement et une int\u00e9gration transparente avec diverses plateformes de m\u00e9dias sociaux. En cons\u00e9quence, c&rsquo;est un choix id\u00e9al et in\u00e9gal\u00e9 pour tout d\u00e9taillant en ligne ou entrepreneur cherchant \u00e0 \u00e9tablir une pr\u00e9sence num\u00e9rique substantielle et lucrative. En outre, les cr\u00e9ateurs du th\u00e8me WordPress de commerce \u00e9lectronique Vasia ont consacr\u00e9 un temps et des efforts importants pour optimiser ses performances et ses fonctionnalit\u00e9s dans une perspective de r\u00e9f\u00e9rencement, en veillant \u00e0 ce que votre site Web se classe r\u00e9guli\u00e8rement dans le domaine de plus en plus comp\u00e9titif des pages de r\u00e9sultats des moteurs de recherche. En r\u00e9sum\u00e9, si vous \u00eates actuellement \u00e0 la recherche d&rsquo;un th\u00e8me WordPress de commerce \u00e9lectronique fiable et robuste qui d\u00e9passera sans aucun doute vos attentes les plus ambitieuses, alors le th\u00e8me WordPress de commerce \u00e9lectronique Vasia est incontestablement le choix ultime qui vous permettra d&rsquo;\u00e9lever votre entreprise en ligne \u00e0 des sommets non parall\u00e8les de succ\u00e8s et de prosp\u00e9rit\u00e9.<\/p>\n<ul>\n<li>Con\u00e7u pour les sites Web de commerce \u00e9lectronique qui ont besoin d&rsquo;un look moderne et \u00e9l\u00e9gant<\/li>\n<li>Comprend plusieurs d\u00e9mos pour diff\u00e9rentes industries, telles que la mode, l&rsquo;\u00e9lectronique et les produits \u00e0 domicile<\/li>\n<li>Enti\u00e8rement r\u00e9actif et optimis\u00e9 pour les appareils mobiles<\/li>\n<li>Int\u00e9gration avec des plugins de commerce \u00e9lectronique populaires, tels que WooCommerce et View rapide<\/li>\n<li>Fonctionnalit\u00e9s int\u00e9gr\u00e9es pour une configuration rapide et facile, y compris l&rsquo;importation de d\u00e9monstration en un clic et un panneau d&rsquo;options de th\u00e8me puissant<\/li>\n<li>Page d&rsquo;accueil personnalisable et pages de produits pour pr\u00e9senter vos produits et votre marque<\/li>\n<li>Compatible avec les constructeurs de pages populaires, tels que Elementor et Visual Composer<\/li>\n<li>Comprend une vari\u00e9t\u00e9 de widgets et de codes short pour ajouter des fonctionnalit\u00e9s et une conception \u00e0 votre site Web<\/li>\n<li>Google Fonts Int\u00e9gration pour un aspect personnalis\u00e9<\/li>\n<li>Code de r\u00e9f\u00e9rencement et optimis\u00e9 pour les vitesses de chargement rapide<\/li>\n<li>Support client 24\/7 et documentation approfondie pour un d\u00e9pannage facile<\/li>\n<\/ul>\n","protected":false},"excerpt":{"rendered":"<p>Vasia, un th\u00e8me WordPress remarquablement adaptable et r\u00e9silient pour le commerce \u00e9lectronique, est parfaitement adapt\u00e9 pour \u00e9tablir des magasins en ligne convaincants. Avec son design \u00e9l\u00e9gant et contemporain, de nombreuses dispositions de page d&rsquo;accueil et de larges capacit\u00e9s de personnalisation, Vasia vous permet de forger une exp\u00e9rience d&rsquo;achat en ligne personnalis\u00e9e pour votre client\u00e8le estim\u00e9e. Ses alternatives d&rsquo;affichage de produits souples, le formidable panier d&rsquo;achat et son int\u00e9gration de passerelle de paiement imperm\u00e9able sont d\u00e9terminants dans la catapulte de vos chiffres de vente et la promotion de l&rsquo;expansion de votre entreprise commerciale. Que vous vous sp\u00e9cialisiez dans les marchandises physiques ou les produits num\u00e9riques, Vasia est la solution de commerce \u00e9lectronique par excellence pour \u00e9lever votre boutique en ligne \u00e0 des sommets sans pr\u00e9c\u00e9dent.<\/p>\n","protected":false},"featured_media":145704,"comment_status":"open","ping_status":"open","template":"","meta":[],"product_brand":[2433],"product_cat":[1238,1851,1212],"product_tag":[1366],"class_list":{"0":"post-123956","1":"product","2":"type-product","3":"status-publish","4":"has-post-thumbnail","6":"product_brand-themeforest","7":"product_cat-commerce-electronique-themes","8":"product_cat-entreprise-commerce-electronique-themes","9":"product_cat-themes","10":"product_tag-themeforest","11":"member-discount","12":"discount-restricted","14":"first","15":"instock","16":"sale","17":"downloadable","18":"virtual","19":"sold-individually","20":"purchasable","21":"product-type-simple"},"_links":{"self":[{"href":"https:\/\/gpl-love.com\/fr\/wp-json\/wp\/v2\/product\/123956","targetHints":{"allow":["GET"]}}],"collection":[{"href":"https:\/\/gpl-love.com\/fr\/wp-json\/wp\/v2\/product"}],"about":[{"href":"https:\/\/gpl-love.com\/fr\/wp-json\/wp\/v2\/types\/product"}],"replies":[{"embeddable":true,"href":"https:\/\/gpl-love.com\/fr\/wp-json\/wp\/v2\/comments?post=123956"}],"wp:featuredmedia":[{"embeddable":true,"href":"https:\/\/gpl-love.com\/fr\/wp-json\/wp\/v2\/media\/145704"}],"wp:attachment":[{"href":"https:\/\/gpl-love.com\/fr\/wp-json\/wp\/v2\/media?parent=123956"}],"wp:term":[{"taxonomy":"product_brand","embeddable":true,"href":"https:\/\/gpl-love.com\/fr\/wp-json\/wp\/v2\/product_brand?post=123956"},{"taxonomy":"product_cat","embeddable":true,"href":"https:\/\/gpl-love.com\/fr\/wp-json\/wp\/v2\/product_cat?post=123956"},{"taxonomy":"product_tag","embeddable":true,"href":"https:\/\/gpl-love.com\/fr\/wp-json\/wp\/v2\/product_tag?post=123956"}],"curies":[{"name":"wp","href":"https:\/\/api.w.org\/{rel}","templated":true}]}}