{"id":123954,"date":"2022-07-10T00:00:00","date_gmt":"2022-07-09T22:00:00","guid":{"rendered":"https:\/\/gpl-love.com\/fr\/produit\/dropbeat-creative-dance-studio-wordpress-theme\/"},"modified":"2026-03-20T23:01:36","modified_gmt":"2026-03-20T22:01:36","slug":"dropbeat-creative-dance-studio-wordpress-theme","status":"publish","type":"product","link":"https:\/\/gpl-love.com\/fr\/produit\/dropbeat-creative-dance-studio-wordpress-theme\/","title":{"rendered":"Dropbeat Creative Dance Studio WordPress Theme 1.0"},"content":{"rendered":"<h3>Dropbeat Creative Dance Studio WordPress Theme Traits<\/h3>\n<p>Le th\u00e8me Dropbeat Creative Dance Studio WordPress, avec ses formidables prouesses et son adaptabilit\u00e9, est un mod\u00e8le m\u00e9ticuleusement con\u00e7u pour r\u00e9pondre sp\u00e9cifiquement aux besoins uniques des studios de danse et des \u00e9coles. B\u00e9n\u00e9ficiant d&rsquo;une conception de pointe et sophistiqu\u00e9e, il fournit une interface conviviale et instinctive, ainsi qu&rsquo;une pl\u00e9thore de fonctionnalit\u00e9s visant \u00e0 pr\u00e9senter efficacement vos cours, instructeurs et \u00e9v\u00e9nements. Parmi son r\u00e9pertoire d&rsquo;offres, il y a plusieurs mises en page qui peuvent \u00eatre parfaitement personnalis\u00e9es, un syst\u00e8me de r\u00e9servation int\u00e9gr\u00e9 qui rationalise le processus administratif et l&rsquo;int\u00e9gration transparente avec les plateformes de m\u00e9dias sociaux populaires. De plus, sa r\u00e9activit\u00e9 et sa nature adapt\u00e9e aux mobiles garantissent une apparence esth\u00e9tique sur tous les types d&rsquo;appareils. Pour le dire succinctement, le th\u00e8me Dropbeat Creative Dance Studio WordPress se pr\u00e9sente comme une option superlative pour tout studio de danse aspirant \u00e0 cultiver une pr\u00e9sence en ligne professionnelle.<\/p>\n<ul>\n<li>Un design moderne et professionnel sp\u00e9cialement con\u00e7u pour les studios de danse<\/li>\n<li>Disposition r\u00e9active qui a fi\u00e8re allure sur tous les appareils<\/li>\n<li>Fonctionnalit\u00e9s int\u00e9gr\u00e9es, y compris la planification horaire, la gestion des \u00e9v\u00e9nements et l&rsquo;int\u00e9gration WooCommerce<\/li>\n<li>Sch\u00e9mas et polices de couleurs personnalisables pour s&rsquo;adapter \u00e0 votre marque et \u00e0 votre style<\/li>\n<li>Builder de page facile \u00e0 utiliser pour cr\u00e9er des dispositions uniques<\/li>\n<li>Code optimis\u00e9 SEO pour un meilleur classement des moteurs de recherche<\/li>\n<li>Int\u00e9gration des m\u00e9dias sociaux pour un partage et une promotion faciles<\/li>\n<li>Plusieurs dispositions et mod\u00e8les pr\u00e9-construits au choix<\/li>\n<li>Formulaire de contact int\u00e9gr\u00e9 pour une communication facile avec les clients<\/li>\n<li>\u00c9quipe de support client d\u00e9di\u00e9e pour toute assistance technique n\u00e9cessaire.<\/li>\n<\/ul>\n","protected":false},"excerpt":{"rendered":"<p>D\u00e9couvrez le pouvoir de la cr\u00e9ativit\u00e9 avec Dropbeat, un th\u00e8me WordPress de studio de danse cr\u00e9atif con\u00e7u pour les studios de danse, les \u00e9coles de danse et les instructeurs de danse. Ce th\u00e8me facile \u00e0 utiliser et riche en fonctionnalit\u00e9s est parfait pour les d\u00e9butants et les utilisateurs avanc\u00e9s.<\/p>\n<p>Dropbeat poss\u00e8de un design dynamique dynamique qui refl\u00e8te sans effort l&rsquo;esprit de danse. La disposition enti\u00e8rement r\u00e9active du th\u00e8me assure des performances impeccables sur tous les appareils et tailles d&rsquo;\u00e9cran. Avec ses graphiques pr\u00eats pour la r\u00e9tine, votre site Web sera \u00e9tonnant et net sur les \u00e9crans haute r\u00e9solution.<\/p>\n<p>Le th\u00e8me offre diverses options de personnalisation, vous permettant de cr\u00e9er un site Web unique et personnalis\u00e9. Avec une interface conviviale, il est facile de modifier les couleurs, les polices et les dispositions pour correspondre au style et \u00e0 la marque de votre studio de danse.<\/p>\n<p>Plus important encore, Dropbeat comprend une multitude de fonctionnalit\u00e9s avanc\u00e9es qui r\u00e9pondent aux besoins des studios de danse. Il est livr\u00e9 avec un calendrier d&rsquo;\u00e9v\u00e9nements int\u00e9gr\u00e9 pour g\u00e9rer et promouvoir vos cours et \u00e9v\u00e9nements. Le th\u00e8me comprend \u00e9galement une fonctionnalit\u00e9 de commerce \u00e9lectronique qui vous permet de vendre des v\u00eatements de danse, des accessoires et des billets en ligne.<\/p>\n<p>De plus, tomber<\/p>\n","protected":false},"featured_media":143590,"comment_status":"open","ping_status":"open","template":"","meta":[],"product_brand":[2433],"product_cat":[1242,1212,1213],"product_tag":[1366],"class_list":{"0":"post-123954","1":"product","2":"type-product","3":"status-publish","4":"has-post-thumbnail","6":"product_brand-themeforest","7":"product_cat-creatif","8":"product_cat-themes","9":"product_cat-wordpress-themes","10":"product_tag-themeforest","11":"member-discount","12":"discount-restricted","14":"first","15":"instock","16":"sale","17":"downloadable","18":"virtual","19":"sold-individually","20":"purchasable","21":"product-type-simple"},"_links":{"self":[{"href":"https:\/\/gpl-love.com\/fr\/wp-json\/wp\/v2\/product\/123954","targetHints":{"allow":["GET"]}}],"collection":[{"href":"https:\/\/gpl-love.com\/fr\/wp-json\/wp\/v2\/product"}],"about":[{"href":"https:\/\/gpl-love.com\/fr\/wp-json\/wp\/v2\/types\/product"}],"replies":[{"embeddable":true,"href":"https:\/\/gpl-love.com\/fr\/wp-json\/wp\/v2\/comments?post=123954"}],"wp:featuredmedia":[{"embeddable":true,"href":"https:\/\/gpl-love.com\/fr\/wp-json\/wp\/v2\/media\/143590"}],"wp:attachment":[{"href":"https:\/\/gpl-love.com\/fr\/wp-json\/wp\/v2\/media?parent=123954"}],"wp:term":[{"taxonomy":"product_brand","embeddable":true,"href":"https:\/\/gpl-love.com\/fr\/wp-json\/wp\/v2\/product_brand?post=123954"},{"taxonomy":"product_cat","embeddable":true,"href":"https:\/\/gpl-love.com\/fr\/wp-json\/wp\/v2\/product_cat?post=123954"},{"taxonomy":"product_tag","embeddable":true,"href":"https:\/\/gpl-love.com\/fr\/wp-json\/wp\/v2\/product_tag?post=123954"}],"curies":[{"name":"wp","href":"https:\/\/api.w.org\/{rel}","templated":true}]}}