{"id":123952,"date":"2022-07-10T00:00:00","date_gmt":"2022-07-09T22:00:00","guid":{"rendered":"https:\/\/gpl-love.com\/fr\/produit\/next-arch-creative-architecture-wordpress\/"},"modified":"2026-04-10T18:33:54","modified_gmt":"2026-04-10T16:33:54","slug":"next-arch-creative-architecture-wordpress","status":"publish","type":"product","link":"https:\/\/gpl-love.com\/fr\/produit\/next-arch-creative-architecture-wordpress\/","title":{"rendered":"Next Arch Creative Architecture WordPress 1.0"},"content":{"rendered":"<h3>Next Arch Creative Architecture WordPress Traits<\/h3>\n<p>Next Arch Creative Architecture WordPress est un outil de pointe qui accorde aux architectes et concepteurs la capacit\u00e9 de construire des sites Web impressionnants qui pr\u00e9sentent leur ing\u00e9niosit\u00e9 et leur comp\u00e9tence. En raison de son interface conviviale et de ses attributs formidables, ce th\u00e8me WordPress offre la possibilit\u00e9 de personnaliser sans effort chaque facette de votre site, englobant des sch\u00e9mas de couleurs, des typographies, des dispositions et des widgets. Que vous aspirez \u00e0 annoncer vos services, \u00e0 afficher votre portefeuille ou \u00e0 cr\u00e9er votre marchandise, Next Arch englobe tous les \u00e9l\u00e9ments n\u00e9cessaires pour fabriquer un site Web exceptionnel qui se distingue des masses. Gr\u00e2ce \u00e0 sa conception adaptable et \u00e0 ses caract\u00e9ristiques adapt\u00e9es aux mobiles, votre site d\u00e9gagera de brillance sur un appareil donn\u00e9, garantissant ainsi la diffusion de votre message \u00e0 votre public cible, quel que soit son sort. Par cons\u00e9quent, si vous \u00eates pr\u00eat \u00e0 propulser votre entreprise d&rsquo;architecture \u00e0 des hauteurs sans pr\u00e9c\u00e9dent, n&rsquo;h\u00e9sitez pas \u00e0 d\u00e9couvrir les merveilles de l&rsquo;architecture cr\u00e9ative de Next Arch WordPress aujourd&rsquo;hui!<\/p>\n<ul>\n<li>Next Arch est un puissant th\u00e8me WordPress con\u00e7u sp\u00e9cifiquement pour les sites Web d&rsquo;architecture cr\u00e9ative<\/li>\n<li>Il dispose d&rsquo;un design \u00e9l\u00e9gant et moderne qui impressionnera vos clients et \u00e9l\u00e8vera votre marque<\/li>\n<li>Le th\u00e8me comprend une vari\u00e9t\u00e9 de mod\u00e8les pr\u00e9-construits personnalisables pour pr\u00e9senter vos projets, services, membres de l&rsquo;\u00e9quipe et plus<\/li>\n<li>Avec des fonctionnalit\u00e9s de tra\u00een\u00e9e et de d\u00e9p\u00f4t faciles \u00e0 utiliser, vous pouvez cr\u00e9er un site Web personnalis\u00e9 qui refl\u00e8te votre style et votre vision uniques<\/li>\n<li>Le prochain Arch est enti\u00e8rement r\u00e9actif, garantissant que votre site a fi\u00e8re allure sur tous les appareils, des ordinateurs de bureau aux smartphones<\/li>\n<li>Le th\u00e8me est optimis\u00e9 pour la vitesse, garantissant que votre site se charge rapidement et efficacement pour une exp\u00e9rience utilisateur transparente<\/li>\n<li>Il prend en charge les derni\u00e8res technologies Web, notamment HTML5, CSS3 et JQuery, pour la compatibilit\u00e9 entre les navigateurs et les fonctionnalit\u00e9s modernes<\/li>\n<li>Le prochain Arch est construit en pensant au r\u00e9f\u00e9rencement, aidant \u00e0 am\u00e9liorer votre classement de moteur de recherche et \u00e0 g\u00e9n\u00e9rer plus de trafic vers votre site<\/li>\n<li>Le th\u00e8me est r\u00e9guli\u00e8rement mis \u00e0 jour avec de nouvelles fonctionnalit\u00e9s et des corrections de bogues, garantissant que votre site reste \u00e0 jour et s\u00e9curis\u00e9.<\/li>\n<\/ul>\n","protected":false},"excerpt":{"rendered":"<p>Next Arch Creative Architecture WordPress est un constructeur de sites Web exceptionnellement robuste et avanc\u00e9 sp\u00e9cifiquement adapt\u00e9 pour r\u00e9pondre aux besoins et aux exigences des personnes op\u00e9rant dans l&rsquo;industrie de l&rsquo;architecture et de la conception hautement sp\u00e9cialis\u00e9e et dynamique. Boasting an extensive array of highly customizable templates and an intuitively simplistic yet remarkably efficient drag-and-drop interface, this cutting-edge platform empowers users to swiftly and effortlessly generate visually captivating websites that not only effectively showcase their remarkable portfolio and impressive body of work mais aussi accentuer et accentuer efficacement leur style et leurs sensibilit\u00e9s de conception individuelles. Que vous soyez un professionnel de l&rsquo;architecture ind\u00e9pendant et ind\u00e9pendant, un architecte d&rsquo;int\u00e9rieur tr\u00e8s talentueux et cr\u00e9atif ou m\u00eame une organisation architecturale massive et bien \u00e9tablie, Next Arch est arm\u00e9 d&rsquo;un arsenal global de ressources indispensables, d&rsquo;outils , et des caract\u00e9ristiques qui poss\u00e8dent la capacit\u00e9 inn\u00e9e de faciliter la cr\u00e9ation, l&rsquo;\u00e9tablissement et la maintenance transparentes d&rsquo;une pr\u00e9sence en ligne tr\u00e8s cr\u00e9dible, convaincante et professionnelle. En exploitant le potentiel in\u00e9gal\u00e9 de cette plate-forme exceptionnelle, vous pourrez attirer et captiver des clients potentiels d&rsquo;une mani\u00e8re \u00e0 la fois efficace et engageante, vous permettant finalement de donner vie \u00e0 votre vision cr\u00e9ative impressionnante d&rsquo;une mani\u00e8re \u00e0 la fois profonde et impressionnant. Commencez ce voyage transformateur et r\u00e9volutionnaire aujourd&rsquo;hui et d\u00e9couvrez la puissance et le potentiel in\u00e9gal\u00e9s que la prochaine Arch a \u00e0 offrir!<\/p>\n","protected":false},"featured_media":144748,"comment_status":"open","ping_status":"open","template":"","meta":[],"product_brand":[2433],"product_cat":[1516,1212,1213],"product_tag":[1366],"class_list":{"0":"post-123952","1":"product","2":"type-product","3":"status-publish","4":"has-post-thumbnail","6":"product_brand-themeforest","7":"product_cat-entreprise","8":"product_cat-themes","9":"product_cat-wordpress-themes","10":"product_tag-themeforest","11":"member-discount","12":"discount-restricted","14":"first","15":"instock","16":"sale","17":"downloadable","18":"virtual","19":"sold-individually","20":"purchasable","21":"product-type-simple"},"_links":{"self":[{"href":"https:\/\/gpl-love.com\/fr\/wp-json\/wp\/v2\/product\/123952","targetHints":{"allow":["GET"]}}],"collection":[{"href":"https:\/\/gpl-love.com\/fr\/wp-json\/wp\/v2\/product"}],"about":[{"href":"https:\/\/gpl-love.com\/fr\/wp-json\/wp\/v2\/types\/product"}],"replies":[{"embeddable":true,"href":"https:\/\/gpl-love.com\/fr\/wp-json\/wp\/v2\/comments?post=123952"}],"wp:featuredmedia":[{"embeddable":true,"href":"https:\/\/gpl-love.com\/fr\/wp-json\/wp\/v2\/media\/144748"}],"wp:attachment":[{"href":"https:\/\/gpl-love.com\/fr\/wp-json\/wp\/v2\/media?parent=123952"}],"wp:term":[{"taxonomy":"product_brand","embeddable":true,"href":"https:\/\/gpl-love.com\/fr\/wp-json\/wp\/v2\/product_brand?post=123952"},{"taxonomy":"product_cat","embeddable":true,"href":"https:\/\/gpl-love.com\/fr\/wp-json\/wp\/v2\/product_cat?post=123952"},{"taxonomy":"product_tag","embeddable":true,"href":"https:\/\/gpl-love.com\/fr\/wp-json\/wp\/v2\/product_tag?post=123952"}],"curies":[{"name":"wp","href":"https:\/\/api.w.org\/{rel}","templated":true}]}}