{"id":123919,"date":"2024-06-29T00:00:00","date_gmt":"2024-06-28T22:00:00","guid":{"rendered":"https:\/\/gpl-love.com\/fr\/produit\/toppic-portfolio-photography-theme\/"},"modified":"2026-04-10T18:43:41","modified_gmt":"2026-04-10T16:43:41","slug":"toppic-portfolio-photography-theme","status":"publish","type":"product","link":"https:\/\/gpl-love.com\/fr\/produit\/toppic-portfolio-photography-theme\/","title":{"rendered":"TopPic Portfolio Photography Theme 4.3.3"},"content":{"rendered":"<h3>TopPic Portfolio Photography Theme Traits<\/h3>\n<p>Le th\u00e8me de la photographie du portefeuille Toppic est un outil incroyablement robuste et dynamique qui s&rsquo;adresse aux photographes qui cherchent \u00e0 montrer leur travail d&rsquo;une mani\u00e8re tr\u00e8s professionnelle et visuellement \u00e9tonnante. Offrant une gamme de fonctionnalit\u00e9s et d&rsquo;options personnalisables, ce th\u00e8me donne aux utilisateurs la possibilit\u00e9 de forger des sites Web de portefeuille distinctifs et convaincants qui illustrent parfaitement leur cr\u00e9ativit\u00e9 illimit\u00e9e et leur comp\u00e9tence in\u00e9gal\u00e9e. M\u00e9ticuleusement fabriqu\u00e9 exclusivement pour les photographes, ce th\u00e8me comprend un vaste assortiment de fonctionnalit\u00e9s telles que des galeries d&rsquo;images \u00e0 \u00e9cran complet immersives, des mises en page de portefeuille personnalis\u00e9es sans fin et des fonctionnalit\u00e9s de recherche de pointe, permettant ainsi aux clients potentiels de localiser et de perturber sans effort votre corps d&rsquo;investissement. Que vous soyez un photographe professionnel estim\u00e9 qui s&rsquo;efforce de propulser votre entreprise \u00e0 des sommets sans pr\u00e9c\u00e9dent ou \u00e0 un amateur amateur passionn\u00e9 de partager votre amour profond pour le monde captivant de la photographie avec un public mondial, le th\u00e8me de la photographie de portefeuille toppique r\u00e8gne sans \u00e9quivoque supr\u00eame en tant que citrin de l&rsquo;incarnation de la photographie de portefeuille Toppic Reignes supr\u00eame en tant que citrin de l&rsquo;\u00e9cart de la photographie de portefeuille Excellence en ce qui concerne la cr\u00e9ation d&rsquo;un portefeuille en ligne visuellement et extraordinairement percutant.<\/p>\n<ul>\n<li>Design propre et moderne parfait pour pr\u00e9senter des portefeuilles de photographie<\/li>\n<li>La disposition r\u00e9active garantit la compatibilit\u00e9 avec tous les appareils et tailles d&rsquo;\u00e9cran<\/li>\n<li>Plusieurs styles et dispositions de portfolio \u00e0 choisir<\/li>\n<li>Options de partage social int\u00e9gr\u00e9es pour une promotion facile et un engagement du public<\/li>\n<li>Panneau d&rsquo;options de th\u00e8me \u00e9tendu pour personnaliser les couleurs, les polices et plus encore<\/li>\n<li>SEO optimis\u00e9 pour am\u00e9liorer la visibilit\u00e9 et le classement des moteurs de recherche<\/li>\n<li>Importer du contenu de d\u00e9monstration en un seul clic pour une configuration rapide et facile<\/li>\n<li>Compatible avec les plugins populaires, notamment WooCommerce et Contact Form 7<\/li>\n<li>Support client rapide et fiable fourni par les d\u00e9veloppeurs de th\u00e8mes.<\/li>\n<\/ul>\n","protected":false},"excerpt":{"rendered":"<p>Le th\u00e8me de la photographie du portefeuille Toppic propose un th\u00e8me WordPress d\u00e9licatement con\u00e7u, sp\u00e9cifiquement adapt\u00e9 pour servir de plate-forme pour afficher votre impressionnant portfolio de photographie. Ce th\u00e8me, qui est enti\u00e8rement r\u00e9actif, offre un large \u00e9ventail de mod\u00e8les pr\u00e9d\u00e9finis, de widgets personnalis\u00e9s et d&rsquo;options administratives conviviales, facilitant la cr\u00e9ation d&rsquo;un site Web de photographie visuellement captivant et hautement professionnel qui pr\u00e9sente astucieusement votre style unique et vos comp\u00e9tences exceptionnelles. Avec Toppic \u00e0 votre disposition, la personnalisation sans effort de chaque facette de votre site Web devient un processus transparent, englobant tout, des polices et des couleurs aux mises en page et aux galeries d&rsquo;images. Cela vous offre la possibilit\u00e9 de fa\u00e7onner un site Web qui incarne parfaitement l&rsquo;essence de votre identit\u00e9 de marque et de votre flair personnel. Que vous soyez un photographe professionnel chevronn\u00e9 ou un nouveau venu en herbe sur le terrain, le th\u00e8me de photographie du portefeuille Toppic repr\u00e9sente sans aucun doute le choix principal pour forger un site Web de photographie in\u00e9gal\u00e9 qui est \u00e0 la fois visuellement frappant et \u00e9minemment r\u00e9ussi.<\/p>\n","protected":false},"featured_media":145597,"comment_status":"open","ping_status":"open","template":"","meta":[],"product_brand":[2433],"product_cat":[1242,1212,1213],"product_tag":[1366],"class_list":{"0":"post-123919","1":"product","2":"type-product","3":"status-publish","4":"has-post-thumbnail","6":"product_brand-themeforest","7":"product_cat-creatif","8":"product_cat-themes","9":"product_cat-wordpress-themes","10":"product_tag-themeforest","11":"member-discount","12":"discount-restricted","14":"first","15":"instock","16":"sale","17":"downloadable","18":"virtual","19":"sold-individually","20":"purchasable","21":"product-type-simple"},"_links":{"self":[{"href":"https:\/\/gpl-love.com\/fr\/wp-json\/wp\/v2\/product\/123919","targetHints":{"allow":["GET"]}}],"collection":[{"href":"https:\/\/gpl-love.com\/fr\/wp-json\/wp\/v2\/product"}],"about":[{"href":"https:\/\/gpl-love.com\/fr\/wp-json\/wp\/v2\/types\/product"}],"replies":[{"embeddable":true,"href":"https:\/\/gpl-love.com\/fr\/wp-json\/wp\/v2\/comments?post=123919"}],"wp:featuredmedia":[{"embeddable":true,"href":"https:\/\/gpl-love.com\/fr\/wp-json\/wp\/v2\/media\/145597"}],"wp:attachment":[{"href":"https:\/\/gpl-love.com\/fr\/wp-json\/wp\/v2\/media?parent=123919"}],"wp:term":[{"taxonomy":"product_brand","embeddable":true,"href":"https:\/\/gpl-love.com\/fr\/wp-json\/wp\/v2\/product_brand?post=123919"},{"taxonomy":"product_cat","embeddable":true,"href":"https:\/\/gpl-love.com\/fr\/wp-json\/wp\/v2\/product_cat?post=123919"},{"taxonomy":"product_tag","embeddable":true,"href":"https:\/\/gpl-love.com\/fr\/wp-json\/wp\/v2\/product_tag?post=123919"}],"curies":[{"name":"wp","href":"https:\/\/api.w.org\/{rel}","templated":true}]}}