{"id":123917,"date":"2023-11-20T00:00:00","date_gmt":"2023-11-19T23:00:00","guid":{"rendered":"https:\/\/gpl-love.com\/fr\/produit\/umberto-mushroom-farm-et-organic-products-store\/"},"modified":"2026-03-20T23:42:02","modified_gmt":"2026-03-20T22:42:02","slug":"umberto-mushroom-farm-et-organic-products-store","status":"publish","type":"product","link":"https:\/\/gpl-love.com\/fr\/produit\/umberto-mushroom-farm-et-organic-products-store\/","title":{"rendered":"Umberto Mushroom Farm et Organic Products Store 1.2.7"},"content":{"rendered":"<h3>Umberto Mushroom Farm et Organic Products Store Traits<\/h3>\n<p>La ferme des champignons Umberto et les produits biologiques sont fiers de sa s\u00e9lection diversifi\u00e9e d&rsquo;articles frais et biologiques, mettant un accent particulier sur les champignons. Gr\u00e2ce \u00e0 l&rsquo;utilisation de m\u00e9thodes innovantes et durables, cet \u00e9tablissement cultive leurs champignons en interne, en veillant \u00e0 ce que leur client\u00e8le re\u00e7oive des produits qui sont non seulement de la qualit\u00e9 sup\u00e9rieure, mais \u00e9galement abondants dans les nutriments essentiels. En plus de leur collection de champignons exceptionnels, ce magasin \u00e9tend leurs offres pour englober une vaste gamme de produits biologiques, y compris des fruits, des l\u00e9gumes et des herbes. En utilisant des emballages compostables et en affichant un d\u00e9vouement profond \u00e0 la r\u00e9duction des d\u00e9chets, cet \u00e9tablissement d\u00e9montre sans \u00e9quivoque leur engagement envers la durabilit\u00e9. Pour les personnes soucieuses de la sant\u00e9 et d\u00e9sireuses de soutenir les pratiques agricoles qui sont respectueuses de l&rsquo;environnement, le magasin de produits de champignons Umberto est sans aucun doute la principale destination.<\/p>\n<ul>\n<li>Fournit aux clients une vari\u00e9t\u00e9 de champignons frais et biologiques cultiv\u00e9s sur place<\/li>\n<li>Offre une gamme de produits \u00e0 base de champignons, y compris des soupes, des sauces et des assaisonnements<\/li>\n<li>Utilise des pratiques agricoles durables et respectueuses de l&rsquo;environnement<\/li>\n<li>Personnel expert connaissant la culture des champignons et les utilisations des produits<\/li>\n<li>Offre des commandes personnalis\u00e9es pour des vari\u00e9t\u00e9s ou produits de champignons sp\u00e9cifiques<\/li>\n<li>Offre une exp\u00e9rience de magasinage unique et \u00e9ducative pour les amateurs de champignons et les gourmets curieux<\/li>\n<li>Garantir des champignons de haute qualit\u00e9 et d\u00e9licieux et des produits connexes<\/li>\n<li>Vise \u00e0 soutenir la communaut\u00e9 locale en s&rsquo;approvisionnement en mati\u00e8re de mat\u00e9riaux aupr\u00e8s d&rsquo;entreprises locales et d&rsquo;agriculteurs<\/li>\n<li>Ouvert \u00e0 la commande et disponible pour la livraison ou le ramassage aux emplacements d\u00e9sign\u00e9s<\/li>\n<li>Prix \u200b\u200babordables pour les champignons et produits biologiques premium.<\/li>\n<\/ul>\n","protected":false},"excerpt":{"rendered":"<p>La ferme des champignons et des produits biologiques Umberto sont fiers d&rsquo;\u00eatre une destination compl\u00e8te o\u00f9 les individus peuvent se procurer des produits biologiques de haut niveau et \u00e9prouver la plus grande fra\u00eecheur des champignons. Notre principe sous-jacent tourne autour du concept de la ferme \u00e0 la table, garantissant que toutes les marchandises disponibles \u00e0 l&rsquo;achat sont cultiv\u00e9es et rassembl\u00e9es avec une m\u00e9ticule, en utilisant exclusivement des m\u00e9thodologies durables in\u00e9gal\u00e9es. Allant des champignons, des herbes et des l\u00e9gumes aux fromages artisanaux, au miel et au vin, notre \u00e9tablissement poss\u00e8de une vaste gamme d&rsquo;offres n\u00e9cessaires pour concocter des repas sains et d\u00e9licieux dans le confort de sa propre r\u00e9sidence. Nous vous invitons cordialement \u00e0 nous rendre visite au plus t\u00f4t possible, vous permettant de savourer personnellement la distinction attribu\u00e9e aux produits d&rsquo;origine locale et organiques.<\/p>\n","protected":false},"featured_media":145653,"comment_status":"open","ping_status":"open","template":"","meta":[],"product_brand":[2433],"product_cat":[1238,1851,1212],"product_tag":[1366],"class_list":{"0":"post-123917","1":"product","2":"type-product","3":"status-publish","4":"has-post-thumbnail","6":"product_brand-themeforest","7":"product_cat-commerce-electronique-themes","8":"product_cat-entreprise-commerce-electronique-themes","9":"product_cat-themes","10":"product_tag-themeforest","11":"member-discount","12":"discount-restricted","14":"first","15":"instock","16":"sale","17":"downloadable","18":"virtual","19":"sold-individually","20":"purchasable","21":"product-type-simple"},"_links":{"self":[{"href":"https:\/\/gpl-love.com\/fr\/wp-json\/wp\/v2\/product\/123917","targetHints":{"allow":["GET"]}}],"collection":[{"href":"https:\/\/gpl-love.com\/fr\/wp-json\/wp\/v2\/product"}],"about":[{"href":"https:\/\/gpl-love.com\/fr\/wp-json\/wp\/v2\/types\/product"}],"replies":[{"embeddable":true,"href":"https:\/\/gpl-love.com\/fr\/wp-json\/wp\/v2\/comments?post=123917"}],"wp:featuredmedia":[{"embeddable":true,"href":"https:\/\/gpl-love.com\/fr\/wp-json\/wp\/v2\/media\/145653"}],"wp:attachment":[{"href":"https:\/\/gpl-love.com\/fr\/wp-json\/wp\/v2\/media?parent=123917"}],"wp:term":[{"taxonomy":"product_brand","embeddable":true,"href":"https:\/\/gpl-love.com\/fr\/wp-json\/wp\/v2\/product_brand?post=123917"},{"taxonomy":"product_cat","embeddable":true,"href":"https:\/\/gpl-love.com\/fr\/wp-json\/wp\/v2\/product_cat?post=123917"},{"taxonomy":"product_tag","embeddable":true,"href":"https:\/\/gpl-love.com\/fr\/wp-json\/wp\/v2\/product_tag?post=123917"}],"curies":[{"name":"wp","href":"https:\/\/api.w.org\/{rel}","templated":true}]}}